{"id":22230,"date":"2024-04-18T21:20:43","date_gmt":"2024-04-18T18:20:43","guid":{"rendered":"https:\/\/zooprekes24.lt\/produktas\/brit-dental-stick-mobility-sunims\/"},"modified":"2024-09-03T17:58:15","modified_gmt":"2024-09-03T14:58:15","slug":"britu-zobu-nujinas-mobilitates-sunims","status":"publish","type":"product","link":"https:\/\/zooprekes24.lt\/lv\/produktas\/brit-dental-stick-mobility-sunims\/","title":{"rendered":"Brit Dental Stick Mobilit\u0101tes na\u0161\u0137i su\u0146iem 251 g"},"content":{"rendered":"<h3>Brit Dental Stick Mobility - \u0101rst\u0113 ar kolag\u0113nu un kurkumu visiem vecumiem <a href=\"https:\/\/zooprekes24.lt\/lv\/kategorija\/prekes-sunims\/\" target=\"_blank\" rel=\"noopener\">Su\u0146iem<\/a>ikdienas zobu kop\u0161anai. Piem\u0113rots k\u0101 gar\u0161\u012bgs ikdienas na\u0161\u0137is vai k\u0101 balva treni\u0146u vai sp\u0113\u013cu laik\u0101.<\/h3>\n<ul>\n<li>Kurkuma - iekaisumu profilakse.<\/li>\n<li><a href=\"https:\/\/brit-petfood.com\/en\/company-profile\" target=\"_blank\" rel=\"noopener\">Brit<\/a> Dental Stick - bez lipek\u013ca, bez \u0122MO, bez kr\u0101sviel\u0101m.<\/li>\n<li>Kolag\u0113ns - loc\u012btavu, c\u012bpslu un sai\u0161u balsts.<\/li>\n<li>Piparm\u0113tra - antimikrobi\u0101las \u012bpa\u0161\u012bbas un svaiga elpa.<\/li>\n<li>Glikozam\u012bns - hondroprotektors, skrim\u0161\u013cu atbalsts.<\/li>\n<li>N\u0101trija heksametafosf\u0101ts - zobu vesel\u012bba, zobakmens veido\u0161an\u0101s profilakse.<\/li>\n<\/ul>","protected":false},"excerpt":{"rendered":"<p>Brit Dental Stick Mobility &#8211; skan\u0117stai su kolagenu ir ciber\u017eole vis\u0173 am\u017eiaus grupi\u0173 \u0161unims, skirti kasdienei dant\u0173 prie\u017ei\u016brai. Tinkami kaip gardus kasdienis u\u017ekandis arba atlygis treniruo\u010di\u0173 ar \u017eaidim\u0173 met\u0173. Ciber\u017eol\u0117 &#8211; u\u017edegim\u0173 profilaktika. Brit Dental Stick &#8211; be glitimo, be GMO, be da\u017eikli\u0173. Kolagenas &#8211; s\u0105nari\u0173, sausgysli\u0173 ir rai\u0161\u010di\u0173 palaikymas. M\u0117ta &#8211; antimikrobin\u0117s savyb\u0117s ir&#8230;<\/p>","protected":false},"featured_media":27881,"comment_status":"closed","ping_status":"closed","template":"","meta":{"_acf_changed":false,"slim_seo":{"title":"Brit Dental Stick Mobility skan\u0117stai \u0161unims 251 g - Zooprekes24","description":"Brit Dental Stick Mobility - k\u0101rumi ar kolag\u0113nu un kurkumu visu vecumu su\u0146iem ikdienas zobu kop\u0161anai. Piem\u0113rots k\u0101 gar\u0161\u012bgs ikdienas k\u0101rums"},"iawp_total_views":174},"product_brand":[],"product_cat":[9029,9039,8999,31,30],"product_tag":[4581,4582,871,1289,1290,1291,1292,792,391],"class_list":{"0":"post-22230","1":"product","2":"type-product","3":"status-publish","4":"has-post-thumbnail","6":"product_cat-brit-care","7":"product_cat-kaulai-ir-susukta-oda","8":"product_cat-sunims","9":"product_cat-sunu-prekiu-gamintojai","10":"product_cat-sunu-skanestai","11":"product_tag-brit-kauliukai-sunims","12":"product_tag-brit-skanestai-dantims","13":"product_tag-brit-skanestai-suniui","14":"product_tag-gaiviam-suns-burnos-kvapui","15":"product_tag-kaulai-suns-dantu-higienai","16":"product_tag-kaulai-sunu-dantims","17":"product_tag-kauliukai-suns-dantims","18":"product_tag-naturalus-skanestai-sunims","19":"product_tag-traskus-skanestai-sunims","20":"pa_prekiu-zenklai-brit-care","21":"pa_suns-amzius-jauniems","22":"pa_suns-amzius-senjorams","23":"pa_suns-amzius-suaugusiems","24":"pa_suns-amzius-visiems-amziams","25":"pa_veisles-dydis-didelems-veislems","26":"pa_veisles-dydis-mazoms-veislems","27":"pa_veisles-dydis-vidutinems-veislems","28":"pa_veisles-dydis-visu-dydziu-veislems","30":"first","31":"instock","32":"featured","33":"taxable","34":"shipping-taxable","35":"purchasable","36":"product-type-simple"},"acf":[],"_links":{"self":[{"href":"https:\/\/zooprekes24.lt\/lv\/wp-json\/wp\/v2\/product\/22230","targetHints":{"allow":["GET"]}}],"collection":[{"href":"https:\/\/zooprekes24.lt\/lv\/wp-json\/wp\/v2\/product"}],"about":[{"href":"https:\/\/zooprekes24.lt\/lv\/wp-json\/wp\/v2\/types\/product"}],"replies":[{"embeddable":true,"href":"https:\/\/zooprekes24.lt\/lv\/wp-json\/wp\/v2\/comments?post=22230"}],"wp:featuredmedia":[{"embeddable":true,"href":"https:\/\/zooprekes24.lt\/lv\/wp-json\/wp\/v2\/media\/27881"}],"wp:attachment":[{"href":"https:\/\/zooprekes24.lt\/lv\/wp-json\/wp\/v2\/media?parent=22230"}],"wp:term":[{"taxonomy":"product_brand","embeddable":true,"href":"https:\/\/zooprekes24.lt\/lv\/wp-json\/wp\/v2\/product_brand?post=22230"},{"taxonomy":"product_cat","embeddable":true,"href":"https:\/\/zooprekes24.lt\/lv\/wp-json\/wp\/v2\/product_cat?post=22230"},{"taxonomy":"product_tag","embeddable":true,"href":"https:\/\/zooprekes24.lt\/lv\/wp-json\/wp\/v2\/product_tag?post=22230"}],"curies":[{"name":"wp","href":"https:\/\/api.w.org\/{rel}","templated":true}]}}