{"id":22223,"date":"2024-04-18T21:20:35","date_gmt":"2024-04-18T18:20:35","guid":{"rendered":"https:\/\/zooprekes24.lt\/produktas\/canvit-probio-katems\/"},"modified":"2026-03-31T17:18:14","modified_gmt":"2026-03-31T15:18:14","slug":"canvit-probio-catems","status":"publish","type":"product","link":"https:\/\/zooprekes24.lt\/lv\/produktas\/canvit-probio-katems\/","title":{"rendered":"Canvit Probio uztura bag\u0101tin\u0101t\u0101js ka\u0137iem 100 g"},"content":{"rendered":"<h3>Canvit Probio - satur Enterococcus faecium labo bakt\u0113riju celmu, kas stabiliz\u0113 zarnu g\u013cot\u0101du un nov\u0113r\u0161 nev\u0113lamo, patog\u0113no mikroorganismu aug\u0161anu. Tievaj\u0101s zarn\u0101s atrodas limf\u0101tisk\u0101 sist\u0113ma, kas ir svar\u012bga organisma im\u016bnsist\u0113mai. Pateicoties probiotikas bakt\u0113rij\u0101m, tiek uzlabota zarnu g\u013cot\u0101das asinsrite un ka\u0137a visp\u0101r\u0113j\u0101 imunit\u0101te.<\/h3>\n<ul>\n<li>Piem\u0113rots visiem vecumiem <a href=\"https:\/\/zooprekes24.lt\/lv\/kategorija\/prekes-katems\/\" target=\"_blank\" rel=\"noopener\">ka\u0137iem<\/a>.<\/li>\n<li><a href=\"https:\/\/www.canvit.cz\/en\/\" target=\"_blank\" rel=\"noopener\">Canvit<\/a> Probio bag\u0101tin\u0101t\u0101ji ir pieejami pulvera veid\u0101.<\/li>\n<li>Pal\u012bdz \u0101rst\u0113t gremo\u0161anas sist\u0113mas slim\u012bbas un caureju.<\/li>\n<li>mazina antibiotiku nelabv\u0113l\u012bgo ietekmi uz gremo\u0161anu.<\/li>\n<li>Uzlabo izk\u0101rn\u012bjumu konsistenci un samazina v\u0113dera p\u016b\u0161anos ka\u0137iem ar jut\u012bgu gremo\u0161anu.<\/li>\n<\/ul>","protected":false},"excerpt":{"rendered":"<p>Canvit Probio &#8211; sud\u0117tyje yra enterococcus faecium ger\u0173j\u0173 bakterij\u0173 \u0161tamo, kuris stabilizuoja \u017earnyno gleivin\u0119 ir savo veikimu apsaugo nuo nepageidaujam\u0173, patogenini\u0173 mikroorganizm\u0173 dauginimosi. Plonosiose \u017earnose yra limfin\u0117 sistema, kuri turi didel\u0119 reik\u0161m\u0119 organizmo imuninei sistemai. Probiotini\u0173 bakterij\u0173 d\u0117ka yra pagerinama \u017earnyno gleivini\u0173 kraujotaka bei bendras kat\u0117s organizmo atsparumas. Tinkamas vis\u0173 am\u017eiaus grupi\u0173 kat\u0117ms. Canvit Probio&#8230;<\/p>","protected":false},"featured_media":28576,"comment_status":"closed","ping_status":"closed","template":"","meta":{"_acf_changed":false,"slim_seo":{"title":"Canvit Probio maisto papildas kat\u0117ms 100 g - Zooprekes24","description":"Canvit Probio - satur Enterococcus faecium, labo bakt\u0113riju celmu, kas stabiliz\u0113 zarnu g\u013cot\u0101du un aizsarg\u0101 pret nev\u0113lam\u0101m, patog\u0113n\u0101m bakt\u0113rij\u0101m."},"iawp_total_views":156},"product_brand":[],"product_cat":[9023,83,25,104,9017],"product_tag":[6142,6143],"class_list":{"0":"post-22223","1":"product","2":"type-product","3":"status-publish","4":"has-post-thumbnail","6":"product_cat-canvit-katems","7":"product_cat-kaciu-prekiu-gamintojai","8":"product_cat-katems","9":"product_cat-kitos-kaciu-prekes","10":"product_cat-vitaminai-ir-papildai-katems","11":"product_tag-gerosios-bakterijos-katems","12":"product_tag-probiotikai-katems","13":"pa_prekiu-zenklai-canvit","15":"first","16":"instock","17":"featured","18":"taxable","19":"shipping-taxable","20":"purchasable","21":"product-type-simple"},"acf":[],"_links":{"self":[{"href":"https:\/\/zooprekes24.lt\/lv\/wp-json\/wp\/v2\/product\/22223","targetHints":{"allow":["GET"]}}],"collection":[{"href":"https:\/\/zooprekes24.lt\/lv\/wp-json\/wp\/v2\/product"}],"about":[{"href":"https:\/\/zooprekes24.lt\/lv\/wp-json\/wp\/v2\/types\/product"}],"replies":[{"embeddable":true,"href":"https:\/\/zooprekes24.lt\/lv\/wp-json\/wp\/v2\/comments?post=22223"}],"wp:featuredmedia":[{"embeddable":true,"href":"https:\/\/zooprekes24.lt\/lv\/wp-json\/wp\/v2\/media\/28576"}],"wp:attachment":[{"href":"https:\/\/zooprekes24.lt\/lv\/wp-json\/wp\/v2\/media?parent=22223"}],"wp:term":[{"taxonomy":"product_brand","embeddable":true,"href":"https:\/\/zooprekes24.lt\/lv\/wp-json\/wp\/v2\/product_brand?post=22223"},{"taxonomy":"product_cat","embeddable":true,"href":"https:\/\/zooprekes24.lt\/lv\/wp-json\/wp\/v2\/product_cat?post=22223"},{"taxonomy":"product_tag","embeddable":true,"href":"https:\/\/zooprekes24.lt\/lv\/wp-json\/wp\/v2\/product_tag?post=22223"}],"curies":[{"name":"wp","href":"https:\/\/api.w.org\/{rel}","templated":true}]}}