{"id":22222,"date":"2024-04-18T21:20:35","date_gmt":"2024-04-18T18:20:35","guid":{"rendered":"https:\/\/zooprekes24.lt\/produktas\/canvit-multi-katems\/"},"modified":"2026-03-31T17:54:15","modified_gmt":"2026-03-31T15:54:15","slug":"canvit-multi-catems","status":"publish","type":"product","link":"https:\/\/zooprekes24.lt\/lv\/produktas\/canvit-multi-katems\/","title":{"rendered":"Canvit Multi uztura bag\u0101tin\u0101t\u0101js ka\u0137iem 100 g"},"content":{"rendered":"<h3>Canvit Multi - vitam\u012bni nodro\u0161ina j\u016bsu ka\u0137im labv\u0113l\u012bgu ietekmi uz vesel\u012bbu katru dienu. Komplekss satur sabalans\u0113tu 13 svar\u012bg\u0101ko vitam\u012bnu kombin\u0101ciju, kas veicina visp\u0101r\u0113jo labsaj\u016btu, im\u016bnsist\u0113mu, atmi\u0146u un sirds un asinsvadu sist\u0113mu.<\/h3>\n<ul>\n<li>Atbalsta ka\u0137u atmi\u0146as funkciju.<\/li>\n<li><a href=\"https:\/\/zooprekes24.lt\/lv\/products\/brit-care-multivitaminu-pasta\/\" target=\"_blank\" rel=\"noopener\">Pal\u012bdz uztur\u0113t m\u0101jdz\u012bvnieka labsaj\u016btu.<\/a><\/li>\n<li>Papildin\u0101jumi table\u0161u veid\u0101 (100 g - 100 tabl.).<\/li>\n<li>Stiprina sirds, im\u016bnsist\u0113mu un asinsvadu sist\u0113mu.<\/li>\n<li>Piem\u0113rots pieaugu\u0161ajiem, gr\u016bsn\u0101m un lakt\u0113jo\u0161\u0101m ka\u0137en\u0113m.<\/li>\n<li><a href=\"https:\/\/www.canvit.cz\/en\/\" target=\"_blank\" rel=\"noopener\">Canvit<\/a> Sast\u0101vu papildina sabalans\u0113ta 13 svar\u012bg\u0101ko vitam\u012bnu kombin\u0101cija.<\/li>\n<\/ul>","protected":false},"excerpt":{"rendered":"<p>Canvit Multi &#8211; vitaminai teikia kasdien\u0119 naud\u0105 J\u016bs\u0173 kat\u0117s sveikatai. Komplekso sud\u0117tyje yra subalansuotas 13 b\u016btin\u0173 vitamin\u0173 derinys, palaikantis ger\u0105 bendr\u0105 savijaut\u0105, imunin\u0119 sistem\u0105, atmint\u012f ir \u0161irdies kraujagysli\u0173 sistem\u0105. Palaiko kat\u0117s atminties funkcij\u0105. Padeda palaikyti ger\u0105 augintinio savijaut\u0105. Papild\u0173 forma &#8211; tablet\u0117s (100 g &#8211; 100 tabl.). Stiprina \u0161ird\u012f, imunin\u0119 ir kraujagysli\u0173 sistem\u0105. Tinkamas suaugusioms&#8230;<\/p>","protected":false},"featured_media":19158,"comment_status":"closed","ping_status":"closed","template":"","meta":{"_acf_changed":false,"slim_seo":{"title":"Canvit Multi maisto papildas kat\u0117ms 100 g - Zooprekes24","description":"Canvit Multi - vitam\u012bni nodro\u0161ina j\u016bsu ka\u0137im labv\u0113l\u012bgu ietekmi uz vesel\u012bbu katru dienu. Komplekss satur sabalans\u0113tu 13 svar\u012bg\u0101ko vitam\u012bnu kombin\u0101ciju, lai uztur\u0113tu labu visp\u0101r\u0113jo vesel\u012bbu."},"iawp_total_views":56},"product_brand":[],"product_cat":[9023,83,25,104,9017],"product_tag":[],"class_list":{"0":"post-22222","1":"product","2":"type-product","3":"status-publish","4":"has-post-thumbnail","6":"product_cat-canvit-katems","7":"product_cat-kaciu-prekiu-gamintojai","8":"product_cat-katems","9":"product_cat-kitos-kaciu-prekes","10":"product_cat-vitaminai-ir-papildai-katems","11":"pa_prekiu-zenklai-canvit","13":"first","14":"instock","15":"featured","16":"taxable","17":"shipping-taxable","18":"purchasable","19":"product-type-simple"},"acf":[],"_links":{"self":[{"href":"https:\/\/zooprekes24.lt\/lv\/wp-json\/wp\/v2\/product\/22222","targetHints":{"allow":["GET"]}}],"collection":[{"href":"https:\/\/zooprekes24.lt\/lv\/wp-json\/wp\/v2\/product"}],"about":[{"href":"https:\/\/zooprekes24.lt\/lv\/wp-json\/wp\/v2\/types\/product"}],"replies":[{"embeddable":true,"href":"https:\/\/zooprekes24.lt\/lv\/wp-json\/wp\/v2\/comments?post=22222"}],"wp:featuredmedia":[{"embeddable":true,"href":"https:\/\/zooprekes24.lt\/lv\/wp-json\/wp\/v2\/media\/19158"}],"wp:attachment":[{"href":"https:\/\/zooprekes24.lt\/lv\/wp-json\/wp\/v2\/media?parent=22222"}],"wp:term":[{"taxonomy":"product_brand","embeddable":true,"href":"https:\/\/zooprekes24.lt\/lv\/wp-json\/wp\/v2\/product_brand?post=22222"},{"taxonomy":"product_cat","embeddable":true,"href":"https:\/\/zooprekes24.lt\/lv\/wp-json\/wp\/v2\/product_cat?post=22222"},{"taxonomy":"product_tag","embeddable":true,"href":"https:\/\/zooprekes24.lt\/lv\/wp-json\/wp\/v2\/product_tag?post=22222"}],"curies":[{"name":"wp","href":"https:\/\/api.w.org\/{rel}","templated":true}]}}