{"id":22221,"date":"2024-04-18T21:20:35","date_gmt":"2024-04-18T18:20:35","guid":{"rendered":"https:\/\/zooprekes24.lt\/produktas\/canvit-chondro-katems\/"},"modified":"2026-03-31T17:44:42","modified_gmt":"2026-03-31T15:44:42","slug":"kanvit-chondro-katems","status":"publish","type":"product","link":"https:\/\/zooprekes24.lt\/lv\/produktas\/canvit-chondro-katems\/","title":{"rendered":"Canvit Chondro uztura bag\u0101tin\u0101t\u0101js ka\u0137iem 100 g"},"content":{"rendered":"<h3>Canvit Chondro satur skrim\u0161\u013cus aizsarg\u0101jo\u0161as un biolo\u0123iski akt\u012bvas vielas: hondroit\u012bna sulf\u0101tu, glikozam\u012bna sulf\u0101tu, kolag\u0113nu, c vitam\u012bnu un organiskos mikroelementus. \u0160\u012bs vielas stiprina ka\u0137a skrim\u0161\u013cus, c\u012bpslas un saites, veicina kolag\u0113na veido\u0161anos un palielina meh\u0101nisko iztur\u012bbu.<\/h3>\n<ul>\n<li>Papildin\u0101jumi table\u0161u veid\u0101 (100 g - 100 tabl.).<\/li>\n<li>Ide\u0101ls papildin\u0101jums kust\u012bbu trauc\u0113jumu profilaksei.<\/li>\n<li>Stiprina skrim\u0161\u013cus, pal\u012bdz veidot kolag\u0113nu un palielina meh\u0101nisko iztur\u012bbu.<\/li>\n<li>Veicina loc\u012btavu re\u0123ener\u0101ciju un \u013coti \u012bs\u0101 laik\u0101 uzlabo dz\u012bvnieka kust\u012bgumu.<\/li>\n<li><a href=\"https:\/\/www.canvit.cz\/en\/\" target=\"_blank\" rel=\"noopener noreferrer\">Canvit<\/a> Chondro ir ide\u0101la skrim\u0161\u013cus aizsarg\u0101jo\u0161u un bioakt\u012bvu vielu kombin\u0101cija.<\/li>\n<li>Bag\u0101ts ar hondroit\u012bna sulf\u0101tu, glikozam\u012bna sulf\u0101tu un kolag\u0113nu, <a href=\"https:\/\/zooprekes24.lt\/lv\/?s=vitamino+c&amp;post_type=product&amp;product_cat=0\" target=\"_blank\" rel=\"noopener noreferrer\">c vitam\u012bns<\/a> un organisko mikroelementu avots.<\/li>\n<\/ul>","protected":false},"excerpt":{"rendered":"<p>Canvit Chondro sud\u0117tyje yra kremzles apsaugan\u010di\u0173 ir biologi\u0161kai aktyvi\u0173 med\u017eiag\u0173: chondroitino sulfato, gliukozamino sulfato, kolageno, vitamino c ir organini\u0173 mikroelement\u0173. \u0160ios med\u017eiagos stiprina kat\u0117s kremzles, sausgysles ir rais\u010dius, padeda susidaryti kolagenui ir didina mechanin\u012f atsparum\u0105. Papild\u0173 forma &#8211; tablet\u0117s (100 g &#8211; 100 tabl.). Idealus papildas judrumo sunkum\u0173 prevencijai. Stiprina kremzles, padeda susidaryti kolagenui ir&#8230;<\/p>","protected":false},"featured_media":19157,"comment_status":"closed","ping_status":"closed","template":"","meta":{"_acf_changed":false,"slim_seo":{"title":"Canvit Chondro maisto papildas kat\u0117ms 100 g - Zooprekes24","description":"Canvit Chondro satur skrim\u0161\u013cus aizsarg\u0101jo\u0161as un biolo\u0123iski akt\u012bvas sast\u0101vda\u013cas: hondroit\u012bna sulf\u0101tu, glikozam\u012bna sulf\u0101tu, kolag\u0113nu, c vitam\u012bnu un organisk\u0101s vielas."},"iawp_total_views":50},"product_brand":[],"product_cat":[9023,83,25,104,9017],"product_tag":[],"class_list":{"0":"post-22221","1":"product","2":"type-product","3":"status-publish","4":"has-post-thumbnail","6":"product_cat-canvit-katems","7":"product_cat-kaciu-prekiu-gamintojai","8":"product_cat-katems","9":"product_cat-kitos-kaciu-prekes","10":"product_cat-vitaminai-ir-papildai-katems","11":"pa_prekiu-zenklai-canvit","13":"first","14":"instock","15":"featured","16":"taxable","17":"shipping-taxable","18":"purchasable","19":"product-type-simple"},"acf":[],"_links":{"self":[{"href":"https:\/\/zooprekes24.lt\/lv\/wp-json\/wp\/v2\/product\/22221","targetHints":{"allow":["GET"]}}],"collection":[{"href":"https:\/\/zooprekes24.lt\/lv\/wp-json\/wp\/v2\/product"}],"about":[{"href":"https:\/\/zooprekes24.lt\/lv\/wp-json\/wp\/v2\/types\/product"}],"replies":[{"embeddable":true,"href":"https:\/\/zooprekes24.lt\/lv\/wp-json\/wp\/v2\/comments?post=22221"}],"wp:featuredmedia":[{"embeddable":true,"href":"https:\/\/zooprekes24.lt\/lv\/wp-json\/wp\/v2\/media\/19157"}],"wp:attachment":[{"href":"https:\/\/zooprekes24.lt\/lv\/wp-json\/wp\/v2\/media?parent=22221"}],"wp:term":[{"taxonomy":"product_brand","embeddable":true,"href":"https:\/\/zooprekes24.lt\/lv\/wp-json\/wp\/v2\/product_brand?post=22221"},{"taxonomy":"product_cat","embeddable":true,"href":"https:\/\/zooprekes24.lt\/lv\/wp-json\/wp\/v2\/product_cat?post=22221"},{"taxonomy":"product_tag","embeddable":true,"href":"https:\/\/zooprekes24.lt\/lv\/wp-json\/wp\/v2\/product_tag?post=22221"}],"curies":[{"name":"wp","href":"https:\/\/api.w.org\/{rel}","templated":true}]}}