{"id":22219,"date":"2024-04-18T21:20:35","date_gmt":"2024-04-18T18:20:35","guid":{"rendered":"https:\/\/zooprekes24.lt\/produktas\/canvit-spirulina-sunims-ir-katems\/"},"modified":"2026-03-31T18:03:16","modified_gmt":"2026-03-31T16:03:16","slug":"canvit-spirulina-suniem-un-kakiem","status":"publish","type":"product","link":"https:\/\/zooprekes24.lt\/lv\/produktas\/canvit-spirulina-sunims-ir-katems\/","title":{"rendered":"Canvit Spirulina uztura bag\u0101tin\u0101t\u0101js su\u0146iem un ka\u0137iem 90 g"},"content":{"rendered":"<h3>Canvit Spirulina ir dab\u012bgs bar\u012bbas papildin\u0101jums, kas satur kompleksu dab\u012bgo olbaltumvielu avotu (60-70 %), augstu aminosk\u0101bju, B, D, E un K vitam\u012bnu, da\u017e\u0101dus miner\u0101lvielas un dzelzi. Lielisks koncentr\u0113tu un viegli sagremojamu bar\u012bbas vielu avots j\u016bsu m\u0101jdz\u012bvnieka ikdienas uztur\u0101.<\/h3>\n<ul>\n<li>Papildin\u0101jumi ir pieejami pulvera veid\u0101.<\/li>\n<li>Piem\u0113rots visu vecumu un \u0161\u0137ir\u0146u su\u0146iem un <a href=\"https:\/\/zooprekes24.lt\/lv\/kategorija\/prekes-katems\/\" target=\"_blank\" rel=\"noopener\">ka\u0137iem<\/a>.<\/li>\n<li>Ieteicams m\u0101jdz\u012bvniekiem stresa situ\u0101cij\u0101s, k\u0101 ar\u012b akt\u012bviem m\u0101jdz\u012bvniekiem.<\/li>\n<li><a href=\"https:\/\/www.canvit.cz\/en\/\" target=\"_blank\" rel=\"noopener\">Canvit<\/a> Spirul\u012bnas bar\u012bbas piedeva ir lieliska izv\u0113le m\u0101jdz\u012bvniekiem, kas barojas ar BARF di\u0113tu.<\/li>\n<li>Uztura bag\u0101tin\u0101t\u0101ju var lietot katru dienu, lai stiprin\u0101tu im\u016bnsist\u0113mu un uztur\u0113tu optim\u0101lu fizisko formu.<\/li>\n<li>Spirul\u012bna pozit\u012bvi ietekm\u0113 m\u0101jdz\u012bvnieka vitalit\u0101ti, visp\u0101r\u0113jo organisma darb\u012bbu un organisma aizsardz\u012bbas meh\u0101nismus.<\/li>\n<\/ul>","protected":false},"excerpt":{"rendered":"<p>Canvit Spirulina ir dab\u012bgs bar\u012bbas papildin\u0101jums, kas satur kompleksu dab\u012bgo olbaltumvielu avotu (60-70 %), augstu aminosk\u0101bju, B, D, E un K vitam\u012bnu, da\u017e\u0101dus miner\u0101lvielas un dzelzi. Lielisks koncentr\u0113tu un viegli sagremojamu bar\u012bbas vielu avots j\u016bsu m\u0101jdz\u012bvnieka ikdienas uztur\u0101. Uztura bag\u0101tin\u0101t\u0101ji pulvera veid\u0101. Piem\u0113rots visu vecumu un \u0161\u0137ir\u0146u su\u0146iem un ka\u0137iem. Ieteicams m\u0101jdz\u012bvniekiem, kuriem...<\/p>","protected":false},"featured_media":19155,"comment_status":"closed","ping_status":"closed","template":"","meta":{"_acf_changed":false,"slim_seo":{"title":"Canvit Spirulina maisto papildas \u0161unims ir kat\u0117ms 90 g - Zooprekes24","description":"Canvit Spirulina - nat\u016bralus pa\u0161aro papildas kuriame yra kompleksinis nat\u016brali\u0173 baltym\u0173 \u0161altinis (60-70 %), didelis kiekis amino r\u016bg\u0161\u010di\u0173, B, D, E, K vitamin\u0173, \u012f"},"iawp_total_views":157},"product_brand":[],"product_cat":[9021,9023,83,25,104,32,8999,31,9017,9022],"product_tag":[3063,2441],"class_list":{"0":"post-22219","1":"product","2":"type-product","3":"status-publish","4":"has-post-thumbnail","6":"product_cat-canvit-sunims","7":"product_cat-canvit-katems","8":"product_cat-kaciu-prekiu-gamintojai","9":"product_cat-katems","10":"product_cat-kitos-kaciu-prekes","11":"product_cat-kitos-sunu-prekes","12":"product_cat-sunims","13":"product_cat-sunu-prekiu-gamintojai","14":"product_cat-vitaminai-ir-papildai-katems","15":"product_cat-vitaminai-ir-papildai-sunims","16":"product_tag-barf-papildai-sunims","17":"product_tag-vitaminai","18":"pa_prekiu-zenklai-canvit","19":"pa_suns-amzius-jauniems","20":"pa_suns-amzius-senjorams","21":"pa_suns-amzius-suaugusiems","22":"pa_suns-amzius-visiems-amziams","23":"pa_veisles-dydis-didelems-veislems","24":"pa_veisles-dydis-mazoms-veislems","25":"pa_veisles-dydis-vidutinems-veislems","26":"pa_veisles-dydis-visu-dydziu-veislems","28":"first","29":"instock","30":"featured","31":"taxable","32":"shipping-taxable","33":"purchasable","34":"product-type-simple"},"acf":[],"_links":{"self":[{"href":"https:\/\/zooprekes24.lt\/lv\/wp-json\/wp\/v2\/product\/22219","targetHints":{"allow":["GET"]}}],"collection":[{"href":"https:\/\/zooprekes24.lt\/lv\/wp-json\/wp\/v2\/product"}],"about":[{"href":"https:\/\/zooprekes24.lt\/lv\/wp-json\/wp\/v2\/types\/product"}],"replies":[{"embeddable":true,"href":"https:\/\/zooprekes24.lt\/lv\/wp-json\/wp\/v2\/comments?post=22219"}],"wp:featuredmedia":[{"embeddable":true,"href":"https:\/\/zooprekes24.lt\/lv\/wp-json\/wp\/v2\/media\/19155"}],"wp:attachment":[{"href":"https:\/\/zooprekes24.lt\/lv\/wp-json\/wp\/v2\/media?parent=22219"}],"wp:term":[{"taxonomy":"product_brand","embeddable":true,"href":"https:\/\/zooprekes24.lt\/lv\/wp-json\/wp\/v2\/product_brand?post=22219"},{"taxonomy":"product_cat","embeddable":true,"href":"https:\/\/zooprekes24.lt\/lv\/wp-json\/wp\/v2\/product_cat?post=22219"},{"taxonomy":"product_tag","embeddable":true,"href":"https:\/\/zooprekes24.lt\/lv\/wp-json\/wp\/v2\/product_tag?post=22219"}],"curies":[{"name":"wp","href":"https:\/\/api.w.org\/{rel}","templated":true}]}}