{"id":22217,"date":"2024-04-18T21:20:35","date_gmt":"2024-04-18T18:20:35","guid":{"rendered":"https:\/\/zooprekes24.lt\/produktas\/canvit-senior-sunims\/"},"modified":"2026-03-31T17:55:29","modified_gmt":"2026-03-31T15:55:29","slug":"canvit-senior-sunims","status":"publish","type":"product","link":"https:\/\/zooprekes24.lt\/lv\/produktas\/canvit-senior-sunims\/","title":{"rendered":"Canvit Senior bar\u012bbas piedeva su\u0146iem 100 g"},"content":{"rendered":"<h3>Canvit Senior ir formula, kas bag\u0101tin\u0101ta ar vitam\u012bniem, organiskiem mikroelementiem, neaizvietojam\u0101m aminosk\u0101b\u0113m un Omega-3,6 tauksk\u0101bju kompleksu. \u0160is uztura bag\u0101tin\u0101t\u0101js ne tikai pal\u012bdz efekt\u012bvi mazin\u0101t su\u0146u noveco\u0161an\u0101s simptomus, bet ar\u012b stiprina im\u016bnsist\u0113mu.<\/h3>\n<ul>\n<li>Piem\u0113rots vis\u0101m \u0161\u0137irn\u0113m vec\u0101k\u0101 vecum\u0101 <a href=\"https:\/\/zooprekes24.lt\/lv\/kategorija\/prekes-sunims\/\" target=\"_blank\" rel=\"noopener\">Su\u0146iem<\/a>.<\/li>\n<li><a href=\"https:\/\/www.canvit.cz\/en\/\" target=\"_blank\" rel=\"noopener\">Canvit<\/a> Senioru uztura bag\u0101tin\u0101t\u0101ji table\u0161u veid\u0101 (100 g - 100 tabl.).<\/li>\n<li>Veicina im\u016bnsist\u0113mas darb\u012bbu un atmi\u0146u novecojo\u0161iem un vec\u0101kiem su\u0146iem.<\/li>\n<li>Tas pal\u0113nina musku\u013cu masas zudumu un pozit\u012bvi ietekm\u0113 loc\u012btavas un visp\u0101r\u0113jo \u0137erme\u0146a vesel\u012bbu.<\/li>\n<li>Pal\u012bdz mazin\u0101t un pal\u0113nin\u0101t noveco\u0161an\u0101s procesus, kas dabiski notiek novecojo\u0161iem su\u0146iem no 7 gadu vecuma.<\/li>\n<\/ul>","protected":false},"excerpt":{"rendered":"<p>Canvit Senior &#8211; sud\u0117tis papildyta vitaminais, organiniais mikroelementais, b\u016btinosiomis aminor\u016bg\u0161timis ir Omega &#8211; 3,6 riebi\u0173j\u0173 r\u016bg\u0161\u010di\u0173 kompleksu. \u0160is maisto papildas padeda ne tik veiksmingai suma\u017einti \u0161uns sen\u0117jimo simptomus bet ir sustiprinti imunin\u0117s sistemos veikl\u0105. Tinkamas vis\u0173 veisli\u0173 vyresnio am\u017eiaus \u0161unims. Canvit Senior papild\u0173 forma &#8211; tablet\u0117s (100 g &#8211; 100 tabl.). Skatina senstan\u010di\u0173 ir vyresnio&#8230;<\/p>","protected":false},"featured_media":19153,"comment_status":"closed","ping_status":"closed","template":"","meta":{"_acf_changed":false,"slim_seo":{"title":"Canvit Senior maisto papildas \u0161unims 100 g - Zooprekes24","description":"Canvit Senior ir formula, kas bag\u0101tin\u0101ta ar vitam\u012bniem, organiskiem mikroelementiem, neaizvietojam\u0101m aminosk\u0101b\u0113m un Omega-3,6 tauksk\u0101bju kompleksu. \u0160is uztura bag\u0101tin\u0101t\u0101js"},"iawp_total_views":161},"product_brand":[],"product_cat":[9021,32,8999,31,9022],"product_tag":[3332,2441,1331],"class_list":{"0":"post-22217","1":"product","2":"type-product","3":"status-publish","4":"has-post-thumbnail","6":"product_cat-canvit-sunims","7":"product_cat-kitos-sunu-prekes","8":"product_cat-sunims","9":"product_cat-sunu-prekiu-gamintojai","10":"product_cat-vitaminai-ir-papildai-sunims","11":"product_tag-canvit-vitaminai-suniui","12":"product_tag-vitaminai","13":"product_tag-vitaminai-senam-suniui","14":"pa_prekiu-zenklai-canvit","15":"pa_suns-amzius-senjorams","16":"pa_veisles-dydis-didelems-veislems","17":"pa_veisles-dydis-mazoms-veislems","18":"pa_veisles-dydis-vidutinems-veislems","19":"pa_veisles-dydis-visu-dydziu-veislems","21":"first","22":"instock","23":"featured","24":"taxable","25":"shipping-taxable","26":"purchasable","27":"product-type-simple"},"acf":[],"_links":{"self":[{"href":"https:\/\/zooprekes24.lt\/lv\/wp-json\/wp\/v2\/product\/22217","targetHints":{"allow":["GET"]}}],"collection":[{"href":"https:\/\/zooprekes24.lt\/lv\/wp-json\/wp\/v2\/product"}],"about":[{"href":"https:\/\/zooprekes24.lt\/lv\/wp-json\/wp\/v2\/types\/product"}],"replies":[{"embeddable":true,"href":"https:\/\/zooprekes24.lt\/lv\/wp-json\/wp\/v2\/comments?post=22217"}],"wp:featuredmedia":[{"embeddable":true,"href":"https:\/\/zooprekes24.lt\/lv\/wp-json\/wp\/v2\/media\/19153"}],"wp:attachment":[{"href":"https:\/\/zooprekes24.lt\/lv\/wp-json\/wp\/v2\/media?parent=22217"}],"wp:term":[{"taxonomy":"product_brand","embeddable":true,"href":"https:\/\/zooprekes24.lt\/lv\/wp-json\/wp\/v2\/product_brand?post=22217"},{"taxonomy":"product_cat","embeddable":true,"href":"https:\/\/zooprekes24.lt\/lv\/wp-json\/wp\/v2\/product_cat?post=22217"},{"taxonomy":"product_tag","embeddable":true,"href":"https:\/\/zooprekes24.lt\/lv\/wp-json\/wp\/v2\/product_tag?post=22217"}],"curies":[{"name":"wp","href":"https:\/\/api.w.org\/{rel}","templated":true}]}}