{"id":22216,"date":"2024-04-18T21:20:35","date_gmt":"2024-04-18T18:20:35","guid":{"rendered":"https:\/\/zooprekes24.lt\/produktas\/canvit-probio-sunims\/"},"modified":"2026-03-31T17:19:04","modified_gmt":"2026-03-31T15:19:04","slug":"canvit-probio-sunims","status":"publish","type":"product","link":"https:\/\/zooprekes24.lt\/lv\/produktas\/canvit-probio-sunims\/","title":{"rendered":"Canvit Probio uztura bag\u0101tin\u0101t\u0101js su\u0146iem 100 g"},"content":{"rendered":"<h3>Canvit Probio - satur Enterococcus faecium labo bakt\u0113riju celmu, kas stabiliz\u0113 zarnu g\u013cot\u0101du un nov\u0113r\u0161 nev\u0113lamo, patog\u0113no mikroorganismu aug\u0161anu. Tievaj\u0101s zarn\u0101s atrodas limf\u0101tisk\u0101 sist\u0113ma, kas ir svar\u012bga organisma im\u016bnsist\u0113mai. Pateicoties probiotiskaj\u0101m bakt\u0113rij\u0101m, uzlabojas zarnu g\u013cot\u0101das asinsrite un kop\u0113j\u0101 su\u0146a iztur\u012bba.<\/h3>\n<ul>\n<li><a href=\"https:\/\/www.canvit.cz\/en\/\" target=\"_blank\" rel=\"noopener\">Canvit<\/a> Probio bag\u0101tin\u0101t\u0101ji ir pieejami pulvera veid\u0101.<\/li>\n<li>Piem\u0113rots visu vecumu un \u0161\u0137ir\u0146u su\u0146iem.<\/li>\n<li>Pal\u012bdz \u0101rst\u0113t gremo\u0161anas sist\u0113mas slim\u012bbas un caureju.<\/li>\n<li>mazina antibiotiku nelabv\u0113l\u012bgo ietekmi uz gremo\u0161anu.<\/li>\n<li>Uzlabo izk\u0101rn\u012bjumu konsistenci un mazina v\u0113dera p\u016b\u0161anos <a href=\"https:\/\/zooprekes24.lt\/lv\/kategorija\/prekes-sunims\/\" target=\"_blank\" rel=\"noopener\">Su\u0146iem<\/a>ar jut\u012bgu gremo\u0161anu.<\/li>\n<\/ul>","protected":false},"excerpt":{"rendered":"<p>Canvit Probio &#8211; sud\u0117tyje yra enterococcus faecium ger\u0173j\u0173 bakterij\u0173 \u0161tamo, kuris stabilizuoja \u017earnyno gleivin\u0119 ir savo veikimu apsaugo nuo nepageidaujam\u0173, patogenini\u0173 mikroorganizm\u0173 dauginimosi. Plonosiose \u017earnose yra limfin\u0117 sistema, kuri turi didel\u0119 reik\u0161m\u0119 organizmo imuninei sistemai. Probiotini\u0173 bakterij\u0173 d\u0117ka yra pagerinama \u017earnyno gleivini\u0173 kraujotaka bei bendras \u0161uns organizmo atsparumas. Canvit Probio papild\u0173 forma &#8211; milteliai. Tinkamas&#8230;<\/p>","protected":false},"featured_media":19152,"comment_status":"closed","ping_status":"closed","template":"","meta":{"_acf_changed":false,"slim_seo":{"title":"Canvit Probio maisto papildas \u0161unims 100 g - Zooprekes24","description":"Canvit Probio - satur Enterococcus faecium, labo bakt\u0113riju celmu, kas stabiliz\u0113 zarnu g\u013cot\u0101du un aizsarg\u0101 pret nev\u0113lam\u0101m, patog\u0113n\u0101m bakt\u0113rij\u0101m."},"iawp_total_views":130},"product_brand":[],"product_cat":[9021,32,8999,31,9022],"product_tag":[3332],"class_list":{"0":"post-22216","1":"product","2":"type-product","3":"status-publish","4":"has-post-thumbnail","6":"product_cat-canvit-sunims","7":"product_cat-kitos-sunu-prekes","8":"product_cat-sunims","9":"product_cat-sunu-prekiu-gamintojai","10":"product_cat-vitaminai-ir-papildai-sunims","11":"product_tag-canvit-vitaminai-suniui","12":"pa_prekiu-zenklai-canvit","13":"pa_suns-amzius-jauniems","14":"pa_suns-amzius-senjorams","15":"pa_suns-amzius-suaugusiems","16":"pa_suns-amzius-visiems-amziams","17":"pa_veisles-dydis-didelems-veislems","18":"pa_veisles-dydis-mazoms-veislems","19":"pa_veisles-dydis-vidutinems-veislems","20":"pa_veisles-dydis-visu-dydziu-veislems","22":"first","23":"instock","24":"featured","25":"taxable","26":"shipping-taxable","27":"purchasable","28":"product-type-simple"},"acf":[],"_links":{"self":[{"href":"https:\/\/zooprekes24.lt\/lv\/wp-json\/wp\/v2\/product\/22216","targetHints":{"allow":["GET"]}}],"collection":[{"href":"https:\/\/zooprekes24.lt\/lv\/wp-json\/wp\/v2\/product"}],"about":[{"href":"https:\/\/zooprekes24.lt\/lv\/wp-json\/wp\/v2\/types\/product"}],"replies":[{"embeddable":true,"href":"https:\/\/zooprekes24.lt\/lv\/wp-json\/wp\/v2\/comments?post=22216"}],"wp:featuredmedia":[{"embeddable":true,"href":"https:\/\/zooprekes24.lt\/lv\/wp-json\/wp\/v2\/media\/19152"}],"wp:attachment":[{"href":"https:\/\/zooprekes24.lt\/lv\/wp-json\/wp\/v2\/media?parent=22216"}],"wp:term":[{"taxonomy":"product_brand","embeddable":true,"href":"https:\/\/zooprekes24.lt\/lv\/wp-json\/wp\/v2\/product_brand?post=22216"},{"taxonomy":"product_cat","embeddable":true,"href":"https:\/\/zooprekes24.lt\/lv\/wp-json\/wp\/v2\/product_cat?post=22216"},{"taxonomy":"product_tag","embeddable":true,"href":"https:\/\/zooprekes24.lt\/lv\/wp-json\/wp\/v2\/product_tag?post=22216"}],"curies":[{"name":"wp","href":"https:\/\/api.w.org\/{rel}","templated":true}]}}