{"id":22215,"date":"2024-04-18T21:20:35","date_gmt":"2024-04-18T18:20:35","guid":{"rendered":"https:\/\/zooprekes24.lt\/produktas\/canvit-nutrimin-sunims\/"},"modified":"2026-03-31T17:57:57","modified_gmt":"2026-03-31T15:57:57","slug":"canvit-nutrimin-suniem","status":"publish","type":"product","link":"https:\/\/zooprekes24.lt\/lv\/produktas\/canvit-nutrimin-sunims\/","title":{"rendered":"Canvit Nutrimin uztura bag\u0101tin\u0101t\u0101js su\u0146iem 230 g"},"content":{"rendered":"<h3>Canvit Nutrimin - m\u0101jas apst\u0101k\u013cos gatavojot su\u0146u bar\u012bbu, past\u0101v risks, ka netiks saglab\u0101ts pareizais vitam\u012bnu un citu b\u016btisku mikroelementu l\u012bdzsvars. Uztura bag\u0101tin\u0101t\u0101js satur visus vitam\u012bnus, miner\u0101lvielas un mikroelementus, kas nepiecie\u0161ami, lai j\u016bsu suns b\u016btu vesels. Regul\u0101ri pievienojot \u0161o papildin\u0101jumu su\u0146a m\u0101j\u0101s gatavotajai bar\u012bbai, j\u016bs nodro\u0161in\u0101siet, ka j\u016bsu m\u012blulis ir piln\u012bb\u0101 apg\u0101d\u0101ts ar bar\u012bbas viel\u0101m, un izvair\u012bsieties no iesp\u0113jama vitam\u012bnu tr\u016bkuma.<\/h3>\n<ul>\n<li>Canvit Nutrimin uztura bag\u0101tin\u0101t\u0101ji ir pulvera veid\u0101.<\/li>\n<li><a href=\"https:\/\/zooprekes24.lt\/lv\/products\/fitmin-purity-multivitaminu-sunims\/\" target=\"_blank\" rel=\"noopener\">Pal\u012bdz uztur\u0113t m\u0101jdz\u012bvnieka labsaj\u016btu.<\/a><\/li>\n<li>Piem\u0113rots visu vecumu un \u0161\u0137ir\u0146u su\u0146iem.<\/li>\n<li>Nov\u0113r\u0161 hipovitaminozi un miner\u0101lvielu tr\u016bkumu, ja baro ar BARF di\u0113tu.<\/li>\n<li><a href=\"https:\/\/www.canvit.cz\/en\/\" target=\"_blank\" rel=\"noopener\">Canvit<\/a> Sast\u0101vs ir papildin\u0101ts ar 14 da\u017e\u0101du vitam\u012bnu, miner\u0101lvielu un mikroelementu kombin\u0101ciju.<\/li>\n<\/ul>","protected":false},"excerpt":{"rendered":"<p>Canvit Nutrimin &#8211; ruo\u0161iant \u0161uniui pa\u0161ar\u0105 namuose i\u0161kyla pavojus, kad nebus i\u0161laikyta tinkama vitamin\u0173 ir kit\u0173 b\u016btin\u0173 maisting\u0173j\u0173 mikroelement\u0173 pusiausvyra. Pa\u0161aro papildo sud\u0117tyje yra visi vitaminai, mineralai ir mikroelementai, b\u016btini J\u016bs\u0173 gerai \u0161uns sveikatai palaikyti. Reguliariai d\u0117dami \u0161\u012f papild\u0105 \u012f \u0161uns maist\u0105 pagamint\u0105 namuose, u\u017etikrinsite, kad J\u016bs\u0173 augintinis bus visapusi\u0161kai apr\u016bpintas maistingosiomis med\u017eiagomis ir i\u0161vengs&#8230;<\/p>","protected":false},"featured_media":19151,"comment_status":"closed","ping_status":"closed","template":"","meta":{"_acf_changed":false,"slim_seo":{"title":"Canvit Nutrimin maisto papildas \u0161unims 230 g - Zooprekes24","description":"Canvit Nutrimin - ruo\u0161iant \u0161uniui pa\u0161ar\u0105 namuose i\u0161kyla pavojus, kad nebus i\u0161laikyta tinkama vitamin\u0173 ir kit\u0173 b\u016btin\u0173 maisting\u0173j\u0173 mikroelement\u0173 pusiausvyra. Pa\u0161a"},"iawp_total_views":49},"product_brand":[],"product_cat":[9021,32,8999,31,9022],"product_tag":[3063,3332,2441],"class_list":{"0":"post-22215","1":"product","2":"type-product","3":"status-publish","4":"has-post-thumbnail","6":"product_cat-canvit-sunims","7":"product_cat-kitos-sunu-prekes","8":"product_cat-sunims","9":"product_cat-sunu-prekiu-gamintojai","10":"product_cat-vitaminai-ir-papildai-sunims","11":"product_tag-barf-papildai-sunims","12":"product_tag-canvit-vitaminai-suniui","13":"product_tag-vitaminai","14":"pa_prekiu-zenklai-canvit","15":"pa_suns-amzius-jauniems","16":"pa_suns-amzius-senjorams","17":"pa_suns-amzius-suaugusiems","18":"pa_suns-amzius-visiems-amziams","19":"pa_veisles-dydis-didelems-veislems","20":"pa_veisles-dydis-mazoms-veislems","21":"pa_veisles-dydis-vidutinems-veislems","22":"pa_veisles-dydis-visu-dydziu-veislems","24":"first","25":"instock","26":"featured","27":"taxable","28":"shipping-taxable","29":"purchasable","30":"product-type-simple"},"acf":[],"_links":{"self":[{"href":"https:\/\/zooprekes24.lt\/lv\/wp-json\/wp\/v2\/product\/22215","targetHints":{"allow":["GET"]}}],"collection":[{"href":"https:\/\/zooprekes24.lt\/lv\/wp-json\/wp\/v2\/product"}],"about":[{"href":"https:\/\/zooprekes24.lt\/lv\/wp-json\/wp\/v2\/types\/product"}],"replies":[{"embeddable":true,"href":"https:\/\/zooprekes24.lt\/lv\/wp-json\/wp\/v2\/comments?post=22215"}],"wp:featuredmedia":[{"embeddable":true,"href":"https:\/\/zooprekes24.lt\/lv\/wp-json\/wp\/v2\/media\/19151"}],"wp:attachment":[{"href":"https:\/\/zooprekes24.lt\/lv\/wp-json\/wp\/v2\/media?parent=22215"}],"wp:term":[{"taxonomy":"product_brand","embeddable":true,"href":"https:\/\/zooprekes24.lt\/lv\/wp-json\/wp\/v2\/product_brand?post=22215"},{"taxonomy":"product_cat","embeddable":true,"href":"https:\/\/zooprekes24.lt\/lv\/wp-json\/wp\/v2\/product_cat?post=22215"},{"taxonomy":"product_tag","embeddable":true,"href":"https:\/\/zooprekes24.lt\/lv\/wp-json\/wp\/v2\/product_tag?post=22215"}],"curies":[{"name":"wp","href":"https:\/\/api.w.org\/{rel}","templated":true}]}}