{"id":22214,"date":"2024-04-18T21:20:35","date_gmt":"2024-04-18T18:20:35","guid":{"rendered":"https:\/\/zooprekes24.lt\/produktas\/canvit-junior-suniukams\/"},"modified":"2026-03-31T17:52:59","modified_gmt":"2026-03-31T15:52:59","slug":"canvit-junior-kuceniem","status":"publish","type":"product","link":"https:\/\/zooprekes24.lt\/lv\/produktas\/canvit-junior-suniukams\/","title":{"rendered":"Canvit Junior bar\u012bbas piedeva kuc\u0113niem 100 g"},"content":{"rendered":"<h3>Canvit Junior -<a href=\"https:\/\/zooprekes24.lt\/lv\/kategorija\/prekes-sunims\/citi-sunu-produkti\/jusu-suna-veselibai\/\" target=\"_blank\" rel=\"noopener\"> uztura bag\u0101tin\u0101t\u0101js<\/a> ir lielisks nepiecie\u0161amo uzturvielu avots, bag\u0101tin\u0101ts ar nepies\u0101tin\u0101taj\u0101m omega-3 un omega-6 tauksk\u0101b\u0113m, kur\u0101m ir svar\u012bga noz\u012bme kuc\u0113na smadze\u0146u att\u012bst\u012bb\u0101. Prebiotikas un probiotikas nodro\u0161ina pareizu gremo\u0161anas sist\u0113mas att\u012bst\u012bbu augo\u0161iem su\u0146iem.<\/h3>\n<ul>\n<li>Veicina gremo\u0161anas sist\u0113mas aizsardz\u012bbu un nodro\u0161ina optim\u0101lu gremo\u0161anu.<\/li>\n<li><a href=\"https:\/\/www.canvit.cz\/en\/\" target=\"_blank\" rel=\"noopener\">Canvit<\/a> Junior veicina kaulu, loc\u012btavu un musku\u013cu pareizu att\u012bst\u012bbu kuc\u0113niem un augo\u0161iem su\u0146iem.<\/li>\n<li>Aminosk\u0101bes, vitam\u012bni, nepies\u0101tin\u0101t\u0101s tauksk\u0101bes, prebiotikas un probiotikas veicina vesel\u012bgu fizisko aug\u0161anu un aktivit\u0101ti.<\/li>\n<\/ul>","protected":false},"excerpt":{"rendered":"<p>Canvit Junior &#8211; maisto papildas yra puikus svarbi\u0173 med\u017eiag\u0173 \u0161altinis, sustiprintas neso\u010diosiomis Omega-3 ir Omega-6 riebal\u0173 r\u016bg\u0161timis, kurios vaidina svarb\u0173 vaidmen\u012f vystantis \u0161uniuko smegenims. Prebiotikai ir probiotikai u\u017etikrina tinkam\u0105 augan\u010di\u0173 \u0161un\u0173 vir\u0161kinimo sistemos vystym\u0105si. Skatina vir\u0161kinimo sistemos apsaug\u0105 ir u\u017etikrina optimal\u0173 vir\u0161kinim\u0105. Canvit Junior palaiko tinkam\u0105 \u0161uniuk\u0173 ir augan\u010di\u0173 \u0161un\u0173 kaul\u0173, s\u0105nari\u0173 ir raumen\u0173 vystym\u0105si&#8230;.<\/p>","protected":false},"featured_media":19150,"comment_status":"closed","ping_status":"closed","template":"","meta":{"_acf_changed":false,"slim_seo":{"title":"Canvit Junior maisto papildas \u0161uniukams 100 g - Zooprekes24","description":"Canvit Junior ir lielisks svar\u012bg\u0101ko uzturvielu avots, kas bag\u0101tin\u0101ts ar Omega-3 un Omega-6 nepies\u0101tin\u0101taj\u0101m tauksk\u0101b\u0113m, kur\u0101m ir svar\u012bga loma dz\u012bvnieka vesel\u012bb\u0101."},"iawp_total_views":54},"product_brand":[],"product_cat":[9021,32,8999,31,9022],"product_tag":[2441],"class_list":{"0":"post-22214","1":"product","2":"type-product","3":"status-publish","4":"has-post-thumbnail","6":"product_cat-canvit-sunims","7":"product_cat-kitos-sunu-prekes","8":"product_cat-sunims","9":"product_cat-sunu-prekiu-gamintojai","10":"product_cat-vitaminai-ir-papildai-sunims","11":"product_tag-vitaminai","12":"pa_prekiu-zenklai-canvit","13":"pa_suns-amzius-jauniems","14":"pa_veisles-dydis-mazoms-veislems","15":"pa_veisles-dydis-vidutinems-veislems","17":"first","18":"instock","19":"featured","20":"taxable","21":"shipping-taxable","22":"purchasable","23":"product-type-simple"},"acf":[],"_links":{"self":[{"href":"https:\/\/zooprekes24.lt\/lv\/wp-json\/wp\/v2\/product\/22214","targetHints":{"allow":["GET"]}}],"collection":[{"href":"https:\/\/zooprekes24.lt\/lv\/wp-json\/wp\/v2\/product"}],"about":[{"href":"https:\/\/zooprekes24.lt\/lv\/wp-json\/wp\/v2\/types\/product"}],"replies":[{"embeddable":true,"href":"https:\/\/zooprekes24.lt\/lv\/wp-json\/wp\/v2\/comments?post=22214"}],"wp:featuredmedia":[{"embeddable":true,"href":"https:\/\/zooprekes24.lt\/lv\/wp-json\/wp\/v2\/media\/19150"}],"wp:attachment":[{"href":"https:\/\/zooprekes24.lt\/lv\/wp-json\/wp\/v2\/media?parent=22214"}],"wp:term":[{"taxonomy":"product_brand","embeddable":true,"href":"https:\/\/zooprekes24.lt\/lv\/wp-json\/wp\/v2\/product_brand?post=22214"},{"taxonomy":"product_cat","embeddable":true,"href":"https:\/\/zooprekes24.lt\/lv\/wp-json\/wp\/v2\/product_cat?post=22214"},{"taxonomy":"product_tag","embeddable":true,"href":"https:\/\/zooprekes24.lt\/lv\/wp-json\/wp\/v2\/product_tag?post=22214"}],"curies":[{"name":"wp","href":"https:\/\/api.w.org\/{rel}","templated":true}]}}