{"id":22213,"date":"2024-04-18T21:20:35","date_gmt":"2024-04-18T18:20:35","guid":{"rendered":"https:\/\/zooprekes24.lt\/produktas\/canvit-immuno-sunims\/"},"modified":"2026-03-31T17:51:28","modified_gmt":"2026-03-31T15:51:28","slug":"canvit-immuno-sunims","status":"publish","type":"product","link":"https:\/\/zooprekes24.lt\/lv\/produktas\/canvit-immuno-sunims\/","title":{"rendered":"Canvit Immuno uztura bag\u0101tin\u0101t\u0101js su\u0146iem 100 g"},"content":{"rendered":"<h3>Canvit Immuno - vitam\u012bni, kas satur unik\u0101lu saccharomyces cerevisiae kompleksu, kas ir galvenais B-glik\u0101nu avots. <a href=\"https:\/\/zooprekes24.lt\/lv\/products\/fitmin-tiriba-ilgmuziba-imunitate-sunims\/\" target=\"_blank\" rel=\"noopener\">stiprina su\u0146a im\u016bnsist\u0113mu<\/a> un \u0137erme\u0146a aizsardz\u012bba.<\/h3>\n<ul>\n<li><a href=\"https:\/\/www.canvit.cz\/en\/\" target=\"_blank\" rel=\"noopener noreferrer\">Canvit<\/a> Im\u016bnprepar\u0101ti ir table\u0161u veid\u0101 (100 tabletes 100 g iepakojum\u0101).<\/li>\n<li>Saccharomyces cerevisiae, beta glik\u0101ni kop\u0101 ar A, B grupas vitam\u012bniem, cinku un sel\u0113nu pal\u012bdz stiprin\u0101t m\u0101jdz\u012bvnieku nov\u0101jin\u0101to imunit\u0101ti.<\/li>\n<li>Vitam\u012bni un organiskie mikroelementi atbalsta organisma g\u013cot\u0101das aizsargsist\u0113mu, kas veido dabisku barjeru pret nev\u0113lamu vides ietekmi.<\/li>\n<li>\u0160is papildin\u0101jums ir piem\u0113rots ekstrem\u0101l\u0101s dz\u012bves situ\u0101cij\u0101s, piem\u0113ram, fiziolo\u0123iska stresa periodos, piem\u0113ram, p\u0101rv\u0101coties, kad saimnieki dodas atva\u013cin\u0101jum\u0101 un atst\u0101j suni citu cilv\u0113ku apr\u016bp\u0113 utt.<\/li>\n<\/ul>","protected":false},"excerpt":{"rendered":"<p>Canvit Immuno &#8211; vitamin\u0173 sud\u0117tyje esantis unikalus saccharomyces cerevisiae, pagrindinio B-gliukan\u0173 \u0161altinio, kompleksas stiprina \u0161uns imunin\u0119 sistem\u0105 ir organizmo apsaug\u0105. Canvit Immuno papild\u0173 forma &#8211; tablet\u0117s (100 g pakuot\u0117je yra 100 table\u010di\u0173). Saccharomyces cerevisiae, Beta gliukanai kartu su vitaminais A, B, cinku ir selenu padeda stiprinti nusilpus\u012f augintinio imunitet\u0105. Vitaminai ir organiniai mikroelementai palaiko organizmo&#8230;<\/p>","protected":false},"featured_media":19149,"comment_status":"closed","ping_status":"closed","template":"","meta":{"_acf_changed":false,"slim_seo":{"title":"Canvit Immuno maisto papildas \u0161unims 100 g - Zooprekes24","description":"Canvit Immuno - unik\u0101ls vitam\u012bnu komplekss, kas satur saccharomyces cerevisiae, galveno B-glik\u0101nu avotu, stiprina su\u0146a im\u016bnsist\u0113mu un org\u0101nus."},"iawp_total_views":51},"product_brand":[],"product_cat":[9021,32,8999,31,9022],"product_tag":[3332,2441],"class_list":{"0":"post-22213","1":"product","2":"type-product","3":"status-publish","4":"has-post-thumbnail","6":"product_cat-canvit-sunims","7":"product_cat-kitos-sunu-prekes","8":"product_cat-sunims","9":"product_cat-sunu-prekiu-gamintojai","10":"product_cat-vitaminai-ir-papildai-sunims","11":"product_tag-canvit-vitaminai-suniui","12":"product_tag-vitaminai","13":"pa_prekiu-zenklai-canvit","14":"pa_suns-amzius-jauniems","15":"pa_suns-amzius-senjorams","16":"pa_suns-amzius-suaugusiems","17":"pa_suns-amzius-visiems-amziams","18":"pa_veisles-dydis-didelems-veislems","19":"pa_veisles-dydis-mazoms-veislems","20":"pa_veisles-dydis-vidutinems-veislems","21":"pa_veisles-dydis-visu-dydziu-veislems","23":"first","24":"instock","25":"featured","26":"taxable","27":"shipping-taxable","28":"purchasable","29":"product-type-simple"},"acf":[],"_links":{"self":[{"href":"https:\/\/zooprekes24.lt\/lv\/wp-json\/wp\/v2\/product\/22213","targetHints":{"allow":["GET"]}}],"collection":[{"href":"https:\/\/zooprekes24.lt\/lv\/wp-json\/wp\/v2\/product"}],"about":[{"href":"https:\/\/zooprekes24.lt\/lv\/wp-json\/wp\/v2\/types\/product"}],"replies":[{"embeddable":true,"href":"https:\/\/zooprekes24.lt\/lv\/wp-json\/wp\/v2\/comments?post=22213"}],"wp:featuredmedia":[{"embeddable":true,"href":"https:\/\/zooprekes24.lt\/lv\/wp-json\/wp\/v2\/media\/19149"}],"wp:attachment":[{"href":"https:\/\/zooprekes24.lt\/lv\/wp-json\/wp\/v2\/media?parent=22213"}],"wp:term":[{"taxonomy":"product_brand","embeddable":true,"href":"https:\/\/zooprekes24.lt\/lv\/wp-json\/wp\/v2\/product_brand?post=22213"},{"taxonomy":"product_cat","embeddable":true,"href":"https:\/\/zooprekes24.lt\/lv\/wp-json\/wp\/v2\/product_cat?post=22213"},{"taxonomy":"product_tag","embeddable":true,"href":"https:\/\/zooprekes24.lt\/lv\/wp-json\/wp\/v2\/product_tag?post=22213"}],"curies":[{"name":"wp","href":"https:\/\/api.w.org\/{rel}","templated":true}]}}