{"id":22208,"date":"2024-04-18T21:20:24","date_gmt":"2024-04-18T18:20:24","guid":{"rendered":"https:\/\/zooprekes24.lt\/produktas\/churu-bites-chicken-cheese-sunims\/"},"modified":"2026-03-02T14:34:24","modified_gmt":"2026-03-02T12:34:24","slug":"churu-bites-chicken-cheese-sunims","status":"publish","type":"product","link":"https:\/\/zooprekes24.lt\/lv\/produktas\/churu-bites-chicken-cheese-sunims\/","title":{"rendered":"Churu Bites Vistas siera na\u0161\u0137i su\u0146iem 96 g"},"content":{"rendered":"<h3>Churu Bites Chicken Cheese &#8211; mink\u0161ti pagalv\u0117l\u0117s formos skan\u0117stai, kuri\u0173 sud\u0117tyje yra nat\u016bralios vi\u0161tienos, s\u016brio, \u017ealiosios arbatos ekstrakto ir vitamino E. Kiekviename mai\u0161elyje yra a\u0161tuonios atskiros pakuot\u0117s, kad b\u016bt\u0173 i\u0161laikytas maksimalus skan\u0117st\u0173 \u0161vie\u017eumas.<\/h3>\n<ul>\n<li>2 da\u017e\u0101das tekst\u016bras vien\u0101 kumos\u0101.<\/li>\n<li><a href=\"https:\/\/zooprekes24.lt\/lv\/kategorija\/prekes-sunims\/sunu-bariba\/begrudis-maistas-sunims\/\" target=\"_blank\" rel=\"noopener\">Bez graudaugiem<\/a>, konservantiem un m\u0101ksl\u012bg\u0101m kr\u0101sviel\u0101m.<\/li>\n<li><a href=\"https:\/\/www.inabafoods.com\" target=\"_blank\" rel=\"noopener\">Izgatavots no vistas ga\u013cas no saimniec\u012bbas 100%.<\/a><\/li>\n<li>Gar\u0161\u012bgs kr\u0113mveida pild\u012bjums k\u0101rumu iek\u0161pus\u0113 un cepta vistas pasta \u0101rpus\u0113.<\/li>\n<li>Lai saglab\u0101tu maksim\u0101lu svaigumu, gardumu maisi\u0146\u0101 ir 8 atsevi\u0161\u0137i iepakojumi.<\/li>\n<\/ul>","protected":false},"excerpt":{"rendered":"<p>Churu Bites Chicken Cheese &#8211; mink\u0161ti pagalv\u0117l\u0117s formos skan\u0117stai, kuri\u0173 sud\u0117tyje yra nat\u016bralios vi\u0161tienos, s\u016brio, \u017ealiosios arbatos ekstrakto ir vitamino E. Kiekviename mai\u0161elyje yra a\u0161tuonios atskiros pakuot\u0117s, kad b\u016bt\u0173 i\u0161laikytas maksimalus skan\u0117st\u0173 \u0161vie\u017eumas. 2 skirtingos tekst\u016bros viename k\u0105snyje. Be gr\u016bd\u0173, konservant\u0173 ir dirbtini\u0173 da\u017eikli\u0173. Pagaminta i\u0161 100% \u016bkyje u\u017eaugintos vi\u0161tienos. Gardus kreminis \u012fdaras skan\u0117st\u0173 viduje&#8230;<\/p>","protected":false},"featured_media":29300,"comment_status":"closed","ping_status":"closed","template":"","meta":{"_acf_changed":false,"slim_seo":{"title":"Churu Bites Chicken Cheese skan\u0117stai \u0161unims 96 g - Zooprekes24","description":"Churu Bites Chicken Cheese - mink\u0161ti pagalv\u0117l\u0117s formos skan\u0117stai, kuri\u0173 sud\u0117tyje yra nat\u016bralios vi\u0161tienos, s\u016brio, \u017ealiosios arbatos ekstrakto ir vitamino E. Kie"},"iawp_total_views":38},"product_brand":[],"product_cat":[9240,9010,8999,31,30],"product_tag":[],"class_list":{"0":"post-22208","1":"product","2":"type-product","3":"status-publish","4":"has-post-thumbnail","6":"product_cat-churu-sunims","7":"product_cat-naturalus-skanestai","8":"product_cat-sunims","9":"product_cat-sunu-prekiu-gamintojai","10":"product_cat-sunu-skanestai","11":"pa_pasaro-sudetis-suris","12":"pa_pasaro-sudetis-tunas","13":"pa_pasaro-sudetis-vistiena","14":"pa_pasaro-sudetis-zuvis","15":"pa_prekiu-zenklai-churu","16":"pa_suns-amzius-jauniems","17":"pa_suns-amzius-senjorams","18":"pa_suns-amzius-suaugusiems","19":"pa_suns-amzius-visiems-amziams","20":"pa_veisles-dydis-didelems-veislems","21":"pa_veisles-dydis-mazoms-veislems","22":"pa_veisles-dydis-vidutinems-veislems","23":"pa_veisles-dydis-visu-dydziu-veislems","25":"first","26":"instock","27":"taxable","28":"shipping-taxable","29":"purchasable","30":"product-type-simple"},"acf":[],"_links":{"self":[{"href":"https:\/\/zooprekes24.lt\/lv\/wp-json\/wp\/v2\/product\/22208","targetHints":{"allow":["GET"]}}],"collection":[{"href":"https:\/\/zooprekes24.lt\/lv\/wp-json\/wp\/v2\/product"}],"about":[{"href":"https:\/\/zooprekes24.lt\/lv\/wp-json\/wp\/v2\/types\/product"}],"replies":[{"embeddable":true,"href":"https:\/\/zooprekes24.lt\/lv\/wp-json\/wp\/v2\/comments?post=22208"}],"wp:featuredmedia":[{"embeddable":true,"href":"https:\/\/zooprekes24.lt\/lv\/wp-json\/wp\/v2\/media\/29300"}],"wp:attachment":[{"href":"https:\/\/zooprekes24.lt\/lv\/wp-json\/wp\/v2\/media?parent=22208"}],"wp:term":[{"taxonomy":"product_brand","embeddable":true,"href":"https:\/\/zooprekes24.lt\/lv\/wp-json\/wp\/v2\/product_brand?post=22208"},{"taxonomy":"product_cat","embeddable":true,"href":"https:\/\/zooprekes24.lt\/lv\/wp-json\/wp\/v2\/product_cat?post=22208"},{"taxonomy":"product_tag","embeddable":true,"href":"https:\/\/zooprekes24.lt\/lv\/wp-json\/wp\/v2\/product_tag?post=22208"}],"curies":[{"name":"wp","href":"https:\/\/api.w.org\/{rel}","templated":true}]}}