{"id":22202,"date":"2024-04-18T21:20:24","date_gmt":"2024-04-18T18:20:24","guid":{"rendered":"https:\/\/zooprekes24.lt\/produktas\/profine-indoor-sausas-maistas-katems-2kg\/"},"modified":"2024-08-29T15:33:18","modified_gmt":"2024-08-29T12:33:18","slug":"profine-iekstelpu-kaku-sausa-bariba-2kg","status":"publish","type":"product","link":"https:\/\/zooprekes24.lt\/lv\/produktas\/profine-indoor-sausas-maistas-katems-2kg\/","title":{"rendered":"Profine iek\u0161telpu ka\u0137u saus\u0101 bar\u012bba 2 kg"},"content":{"rendered":"<h3>Profine Indoor - pilnv\u0113rt\u012bga saus\u0101 bar\u012bba pieaugu\u0161ajiem, kas dz\u012bvo m\u0101j\u0101s <a href=\"https:\/\/zooprekes24.lt\/lv\/kategorija\/prekes-katems\/\" target=\"_blank\" rel=\"noopener\">ka\u0137iem<\/a>.<\/h3>\n<ul>\n<li><a href=\"https:\/\/www.profinepet.com\" target=\"_blank\" rel=\"noopener\">Profine<\/a> Bar\u012bba ir bag\u0101tin\u0101ta ar garne\u013cu un la\u0161a e\u013c\u013cu, un t\u0101s sast\u0101vs veicina j\u016bsu m\u012blu\u013ca ka\u017eoka un \u0101das kvalit\u0101ti.<\/li>\n<li>J\u016bras a\u013c\u0123es un prebiotikas pal\u012bdz l\u012bdzsvarot labv\u0113l\u012bgu zarnu mikrofloru un stiprina imunit\u0101ti.<\/li>\n<li>Dabisk\u0101s \u0161\u0137iedras un augu ekstrakti veicina ka\u0137a vesel\u012bgu gremo\u0161anu un atvieglo matu k\u016bl\u012b\u0161u izvad\u012b\u0161anu.<\/li>\n<\/ul>","protected":false},"excerpt":{"rendered":"<p>Profine Indoor &#8211; visavertis sausas maistas suaugusioms, namuose gyvenan\u010dioms kat\u0117ms. Profine maisto sud\u0117tis praturtinta kreve\u010di\u0173 ir la\u0161i\u0161\u0173 aliejumi, puosel\u0117ja augintinio kailio ir odos kokyb\u0119. J\u016bros dumbliai ir prebiotikai padeda subalansuoti teigiam\u0105 \u017earnyno mikroflor\u0105 bei sustiprinti imunitet\u0105. Nat\u016bralios skaidulos ir \u017eoleli\u0173 ekstraktai palaiko sveik\u0105 kat\u0117s vir\u0161kinim\u0105 ir palengvina plauk\u0173 kamuoliuk\u0173 pasi\u0161alinim\u0105.<\/p>","protected":false},"featured_media":19136,"comment_status":"closed","ping_status":"closed","template":"","meta":{"_acf_changed":false,"slim_seo":{"title":"Profine Indoor sausas maistas kat\u0117ms 2 kg - Zooprekes24","description":"Profine Indoor ir pilnv\u0113rt\u012bga saus\u0101 bar\u012bba pieaugu\u0161iem m\u0101jas ka\u0137iem. Profine ir bag\u0101tin\u0101ts ar garne\u013cu un la\u0161a e\u013c\u013cu, lai barotu un veicin\u0101tu j\u016bsu ka\u0137a vesel\u012bbu."},"iawp_total_views":63},"product_brand":[],"product_cat":[72,83,25,9058,9016],"product_tag":[1675,1682],"class_list":{"0":"post-22202","1":"product","2":"type-product","3":"status-publish","4":"has-post-thumbnail","6":"product_cat-kaciu-maistas","7":"product_cat-kaciu-prekiu-gamintojai","8":"product_cat-katems","9":"product_cat-profine-katems","10":"product_cat-sausas-maistas-kaciu-maistas","11":"product_tag-kaciu-edalas","12":"product_tag-kaciu-maistas-super-premium-klases","13":"pa_pasaro-sudetis-eriena","14":"pa_pasaro-sudetis-kepeneles","15":"pa_pasaro-sudetis-ryziai","16":"pa_pasaro-sudetis-vaisiai","17":"pa_prekiu-zenklai-profine","19":"first","20":"instock","21":"featured","22":"taxable","23":"shipping-taxable","24":"purchasable","25":"product-type-simple"},"acf":[],"_links":{"self":[{"href":"https:\/\/zooprekes24.lt\/lv\/wp-json\/wp\/v2\/product\/22202","targetHints":{"allow":["GET"]}}],"collection":[{"href":"https:\/\/zooprekes24.lt\/lv\/wp-json\/wp\/v2\/product"}],"about":[{"href":"https:\/\/zooprekes24.lt\/lv\/wp-json\/wp\/v2\/types\/product"}],"replies":[{"embeddable":true,"href":"https:\/\/zooprekes24.lt\/lv\/wp-json\/wp\/v2\/comments?post=22202"}],"wp:featuredmedia":[{"embeddable":true,"href":"https:\/\/zooprekes24.lt\/lv\/wp-json\/wp\/v2\/media\/19136"}],"wp:attachment":[{"href":"https:\/\/zooprekes24.lt\/lv\/wp-json\/wp\/v2\/media?parent=22202"}],"wp:term":[{"taxonomy":"product_brand","embeddable":true,"href":"https:\/\/zooprekes24.lt\/lv\/wp-json\/wp\/v2\/product_brand?post=22202"},{"taxonomy":"product_cat","embeddable":true,"href":"https:\/\/zooprekes24.lt\/lv\/wp-json\/wp\/v2\/product_cat?post=22202"},{"taxonomy":"product_tag","embeddable":true,"href":"https:\/\/zooprekes24.lt\/lv\/wp-json\/wp\/v2\/product_tag?post=22202"}],"curies":[{"name":"wp","href":"https:\/\/api.w.org\/{rel}","templated":true}]}}