{"id":22194,"date":"2024-04-18T21:20:24","date_gmt":"2024-04-18T18:20:24","guid":{"rendered":"https:\/\/zooprekes24.lt\/produktas\/brit-care-multivitamin-pasta\/"},"modified":"2026-04-01T14:21:15","modified_gmt":"2026-04-01T12:21:15","slug":"brit-care-multivitaminu-pasta","status":"publish","type":"product","link":"https:\/\/zooprekes24.lt\/lv\/produktas\/brit-care-multivitamin-pasta\/","title":{"rendered":"Brit Care Multivitam\u012bnu pasta ka\u0137iem 100 ml"},"content":{"rendered":"<h3>Brit Care Multivitam\u012bnu pasta ka\u0137iem ir funkcion\u0101la pasta ar vitam\u012bnu kompleksiem, ar pat\u012bkamu smar\u017eu un lielisku gar\u0161u, kas piem\u0113rota pat vispras\u012bg\u0101kajiem ka\u0137iem. Bar\u012bbas papildin\u0101jums <a href=\"https:\/\/brit-petfood.com\/en\/products\/cats\/436380-brit-care-cat-functional-paste-multivitamin\" target=\"_blank\" rel=\"noopener\">pieaugu\u0161ajiem<\/a> <a href=\"https:\/\/zooprekes24.lt\/lv\/kategorija\/prekes-katems\/\" target=\"_blank\" rel=\"noopener\">ka\u0137iem<\/a>.<\/h3>\n<ul>\n<li>Bez pievienot\u0101 cukura, konservantiem un m\u0101ksl\u012bgaj\u0101m gar\u0161\u0101m.<\/li>\n<li>Vitam\u012bnu un miner\u0101lvielu komplekss im\u016bnsist\u0113mas stiprin\u0101\u0161anai.<\/li>\n<li>Veicina vesel\u012bgu gremo\u0161anu un nodro\u0161ina ener\u0123iju, kas nepiecie\u0161ama akt\u012bvam ka\u0137u dz\u012bvesveidam.<\/li>\n<\/ul>","protected":false},"excerpt":{"rendered":"<p>Brit Care Multivitam\u012bnu pasta ka\u0137iem ir funkcion\u0101la pasta ar vitam\u012bnu kompleksiem, ar pat\u012bkamu smar\u017eu un lielisku gar\u0161u, kas piem\u0113rota pat vispras\u012bg\u0101kajiem ka\u0137iem. Bar\u012bbas papildin\u0101jums pieaugu\u0161iem ka\u0137iem. Bez pievienot\u0101 cukura, konservantiem un m\u0101ksl\u012bg\u0101m gar\u0161viel\u0101m. Vitam\u012bnu un miner\u0101lvielu komplekss im\u016bnsist\u0113mas stiprin\u0101\u0161anai. Atbalsta vesel\u012bgu gremo\u0161anu un nodro\u0161ina ener\u0123iju, kas nepiecie\u0161ama akt\u012bvam ka\u0137u dz\u012bvesveidam.<\/p>","protected":false},"featured_media":27574,"comment_status":"closed","ping_status":"closed","template":"","meta":{"_acf_changed":false,"slim_seo":{"title":"Brit Care Multivitamin pasta kat\u0117ms 100 ml - Zooprekes24","description":"Brit Care Multivitamin pasta kat\u0117ms - funkcionali\u00a0pasta su vitamin\u0173 kompleks\u0173, pasi\u017eyminti maloniu kvapu ir puikiu skoniu, tinkanti net i\u0161rankiausioms kat\u0117ms. M"},"iawp_total_views":162},"product_brand":[],"product_cat":[9047,83,25,104,9017],"product_tag":[],"class_list":{"0":"post-22194","1":"product","2":"type-product","3":"status-publish","4":"has-post-thumbnail","6":"product_cat-brit-care-kaciu-prekiu-gamintojai","7":"product_cat-kaciu-prekiu-gamintojai","8":"product_cat-katems","9":"product_cat-kitos-kaciu-prekes","10":"product_cat-vitaminai-ir-papildai-katems","11":"pa_prekiu-zenklai-brit-care","13":"first","14":"instock","15":"featured","16":"taxable","17":"shipping-taxable","18":"purchasable","19":"product-type-simple"},"acf":[],"_links":{"self":[{"href":"https:\/\/zooprekes24.lt\/lv\/wp-json\/wp\/v2\/product\/22194","targetHints":{"allow":["GET"]}}],"collection":[{"href":"https:\/\/zooprekes24.lt\/lv\/wp-json\/wp\/v2\/product"}],"about":[{"href":"https:\/\/zooprekes24.lt\/lv\/wp-json\/wp\/v2\/types\/product"}],"replies":[{"embeddable":true,"href":"https:\/\/zooprekes24.lt\/lv\/wp-json\/wp\/v2\/comments?post=22194"}],"wp:featuredmedia":[{"embeddable":true,"href":"https:\/\/zooprekes24.lt\/lv\/wp-json\/wp\/v2\/media\/27574"}],"wp:attachment":[{"href":"https:\/\/zooprekes24.lt\/lv\/wp-json\/wp\/v2\/media?parent=22194"}],"wp:term":[{"taxonomy":"product_brand","embeddable":true,"href":"https:\/\/zooprekes24.lt\/lv\/wp-json\/wp\/v2\/product_brand?post=22194"},{"taxonomy":"product_cat","embeddable":true,"href":"https:\/\/zooprekes24.lt\/lv\/wp-json\/wp\/v2\/product_cat?post=22194"},{"taxonomy":"product_tag","embeddable":true,"href":"https:\/\/zooprekes24.lt\/lv\/wp-json\/wp\/v2\/product_tag?post=22194"}],"curies":[{"name":"wp","href":"https:\/\/api.w.org\/{rel}","templated":true}]}}