{"id":22193,"date":"2024-04-18T21:20:24","date_gmt":"2024-04-18T18:20:24","guid":{"rendered":"https:\/\/zooprekes24.lt\/produktas\/brit-care-anti-hairball-pasta\/"},"modified":"2026-04-01T14:20:31","modified_gmt":"2026-04-01T12:20:31","slug":"brit-care-pasta-pret-matu-bumbinam","status":"publish","type":"product","link":"https:\/\/zooprekes24.lt\/lv\/produktas\/brit-care-anti-hairball-pasta\/","title":{"rendered":"Brit Care Anti Hairball pasta ka\u0137iem 100 ml"},"content":{"rendered":"<h3>Brit Care Anti Hairball Paste ka\u0137iem - funkcion\u0101la pasta pret spalvu bumbu\u013ciem ar gardu arom\u0101tu un lielisku gar\u0161u, kas piem\u0113rota pat vispras\u012bg\u0101kajiem ka\u0137iem. Bar\u012bbas papildin\u0101jums pieaugu\u0161iem ka\u0137iem.<\/h3>\n<ul>\n<li>Bez pievienot\u0101 cukura, konservantiem un m\u0101ksl\u012bgaj\u0101m gar\u0161\u0101m.<\/li>\n<li>Taur\u012bns pal\u012bdz uztur\u0113t labu sirds, acu un smadze\u0146u darb\u012bbu.<\/li>\n<li>M\u0113s iesak\u0101m izmantot pastu <a href=\"https:\/\/brit-petfood.com\/en\/products\/cats\/436361-brit-care-cat-functional-paste-anti-hairball-with-taurine\" target=\"_blank\" rel=\"noopener\">gariem matiem<\/a> <a href=\"https:\/\/zooprekes24.lt\/lv\/kategorija\/prekes-katems\/\" target=\"_blank\" rel=\"noopener\">ka\u0137iem<\/a>, k\u0101 ar\u012b m\u0101jas ka\u0137iem, kuriem nav pietiekamas piek\u013cuves dabisk\u0101m \u0161\u0137iedr\u0101m, piem\u0113ram, z\u0101lei.<\/li>\n<li>Augstais \u0161\u0137iedrvielu saturs produkt\u0101 nov\u0113r\u0161 matu \u0137epu veido\u0161anos un nodro\u0161ina dro\u0161u jau izveidoju\u0161os \u0137epu izvad\u012b\u0161anu caur ka\u0137a gremo\u0161anas traktu.<\/li>\n<\/ul>","protected":false},"excerpt":{"rendered":"<p>Brit Care Anti Hairball pasta kat\u0117ms &#8211; funkcionali pasta nuo plauk\u0173 gumuliuk\u0173, su gard\u017eiu kvapu ir puikiu skoniu, tinkanti net i\u0161rankiausioms kat\u0117ms. Maisto papildas suaugusioms kat\u0117ms. Be prid\u0117to cukraus, konservant\u0173 ir dirbtini\u0173 skoni\u0173. Taurinas padeda palaikyti ger\u0105 \u0161irdies, aki\u0173 ir smegen\u0173 veikl\u0105. Rekomenduojame naudoti past\u0105 ilgaplauk\u0117ms kat\u0117ms, taip pat ir namin\u0117ms kat\u0117ms, neturin\u010dioms pakankamai galimybi\u0173&#8230;<\/p>","protected":false},"featured_media":27572,"comment_status":"closed","ping_status":"closed","template":"","meta":{"_acf_changed":false,"slim_seo":{"title":"Brit Care Anti Hairball pasta kat\u0117ms 100 ml - Zooprekes24","description":"Brit Care Anti Hairball pasta kat\u0117ms - funkcionali pasta nuo plauk\u0173 gumuliuk\u0173, su gard\u017eiu kvapu ir puikiu skoniu, tinkanti net i\u0161rankiausioms kat\u0117ms. Maisto pap"},"iawp_total_views":472},"product_brand":[],"product_cat":[9047,83,25,104,9017],"product_tag":[],"class_list":{"0":"post-22193","1":"product","2":"type-product","3":"status-publish","4":"has-post-thumbnail","6":"product_cat-brit-care-kaciu-prekiu-gamintojai","7":"product_cat-kaciu-prekiu-gamintojai","8":"product_cat-katems","9":"product_cat-kitos-kaciu-prekes","10":"product_cat-vitaminai-ir-papildai-katems","11":"pa_prekiu-zenklai-brit-care","13":"first","14":"instock","15":"featured","16":"taxable","17":"shipping-taxable","18":"purchasable","19":"product-type-simple"},"acf":[],"_links":{"self":[{"href":"https:\/\/zooprekes24.lt\/lv\/wp-json\/wp\/v2\/product\/22193","targetHints":{"allow":["GET"]}}],"collection":[{"href":"https:\/\/zooprekes24.lt\/lv\/wp-json\/wp\/v2\/product"}],"about":[{"href":"https:\/\/zooprekes24.lt\/lv\/wp-json\/wp\/v2\/types\/product"}],"replies":[{"embeddable":true,"href":"https:\/\/zooprekes24.lt\/lv\/wp-json\/wp\/v2\/comments?post=22193"}],"wp:featuredmedia":[{"embeddable":true,"href":"https:\/\/zooprekes24.lt\/lv\/wp-json\/wp\/v2\/media\/27572"}],"wp:attachment":[{"href":"https:\/\/zooprekes24.lt\/lv\/wp-json\/wp\/v2\/media?parent=22193"}],"wp:term":[{"taxonomy":"product_brand","embeddable":true,"href":"https:\/\/zooprekes24.lt\/lv\/wp-json\/wp\/v2\/product_brand?post=22193"},{"taxonomy":"product_cat","embeddable":true,"href":"https:\/\/zooprekes24.lt\/lv\/wp-json\/wp\/v2\/product_cat?post=22193"},{"taxonomy":"product_tag","embeddable":true,"href":"https:\/\/zooprekes24.lt\/lv\/wp-json\/wp\/v2\/product_tag?post=22193"}],"curies":[{"name":"wp","href":"https:\/\/api.w.org\/{rel}","templated":true}]}}