{"id":22190,"date":"2024-04-18T21:20:24","date_gmt":"2024-04-18T18:20:24","guid":{"rendered":"https:\/\/zooprekes24.lt\/produktas\/fitmin-for-life-multipack-rinkinys\/"},"modified":"2026-04-03T14:05:31","modified_gmt":"2026-04-03T12:05:31","slug":"fitmin-for-life-multipack-komplekts-2","status":"publish","type":"product","link":"https:\/\/zooprekes24.lt\/lv\/produktas\/fitmin-for-life-multipack-rinkinys\/","title":{"rendered":"Fitmin for Life Multipack ka\u0137u bar\u012bbas konservi m\u0113rc\u0113"},"content":{"rendered":"<h3>Fitmin for Life Multipack Konservi m\u0113rc\u0113 ir sabalans\u0113ta mitr\u0101 ka\u0137u bar\u012bba maisi\u0146\u0101 pieaugu\u0161iem ka\u0137iem no 1 gada vecuma. Iepakojum\u0101 ir 4 da\u017e\u0101das gar\u0161as: liellopu ga\u013ca, vistas ga\u013ca, p\u012ble un lasis.<\/h3>\n<ul>\n<li><span style=\"vertical-align: inherit\"><span style=\"vertical-align: inherit\"><span style=\"vertical-align: inherit\"><span style=\"vertical-align: inherit\">Fitmin for Life Multipack pieaugu\u0161o konservi <\/span><\/span><\/span><\/span><a href=\"https:\/\/zooprekes24.lt\/lv\/kategorija\/prekes-katems\/\" target=\"_blank\" rel=\"noopener\"><span style=\"vertical-align: inherit\"><span style=\"vertical-align: inherit\"><span style=\"vertical-align: inherit\"><span style=\"vertical-align: inherit\">ka\u0137iem<\/span><\/span><\/span><\/span><\/a><span style=\"vertical-align: inherit\"><span style=\"vertical-align: inherit\"><span style=\"vertical-align: inherit\"><span style=\"vertical-align: inherit\">.<\/span><\/span><\/span><\/span><\/li>\n<li>4 da\u017e\u0101du gar\u0161u konservi kast\u012bt\u0113 pa 6 gabali\u0146iem, kop\u0101 24 gabali\u0146i.<\/li>\n<li>Taur\u012bns, kas ir neaizst\u0101jama aminosk\u0101be ur\u012bna bar\u012bb\u0101, pal\u012bdz uztur\u0113t ka\u0137a sirdi un redzi veselu.<\/li>\n<li>Komplekt\u0101 ietilpst liellopa, vistas, p\u012bles un la\u0161a (steriliz\u0113ta \u0161\u0137irne) gar\u0161as konservi, kas pasniegti gabali\u0146os gard\u0101 m\u0113rc\u0113.<\/li>\n<li>Visi konservi ir papildin\u0101ti ar D3 vitam\u012bnu, biot\u012bnu un miner\u0101lviel\u0101m, kas ir \u013coti svar\u012bgas ka\u0137a skeleta, musku\u013cu un nervu sist\u0113mai un ka\u017eoka skaistumam.<\/li>\n<li><a href=\"https:\/\/www.fitmin.com\/en\/ingredients\" target=\"_blank\" rel=\"noopener\"><span style=\"vertical-align: inherit\"><span style=\"vertical-align: inherit\"><span style=\"vertical-align: inherit\"><span style=\"vertical-align: inherit\">Nesatur m\u0101ksl\u012bg\u0101s kr\u0101svielas un konservantus<\/span><\/span><\/span><\/span><\/a>.<\/li>\n<\/ul>","protected":false},"excerpt":{"rendered":"<p>Fitmin for Life Multipack konserv\u0173 rinkinys pada\u017ee &#8211; tai subalansuotas \u0161lapias ka\u010di\u0173 pa\u0161aras mai\u0161elyje, skirtas suaugusioms kat\u0117ms nuo 1 met\u0173 am\u017eiaus. D\u0117\u017eut\u0117je 4 skirtingi konserv\u0173 skoniai: jautienos, vi\u0161tienos, antienos ir la\u0161i\u0161os. Fitmin for Life Multipack konserv\u0173 rinkinys skirtas suaugusioms kat\u0117ms. D\u0117\u017eut\u0117je 4 skirting\u012f konserv\u0173 skoniai po 6 vnt, bendras konserv\u0173 kiekis &#8211; 24 vnt. \u0160lapio&#8230;<\/p>","protected":false},"featured_media":19109,"comment_status":"closed","ping_status":"closed","template":"","meta":{"_acf_changed":false,"slim_seo":{"title":"Fitmin for Life Multipack konserv\u0173 rinkinys kat\u0117ms pada\u017ee - Zooprekes24","description":"Fitmin for Life Multipack Konservi m\u0113rc\u0113 ir sabalans\u0113ta mitr\u0101 ka\u0137u bar\u012bba maisi\u0146\u0101 pieaugu\u0161iem ka\u0137iem no 1 gada vecuma. Iepakojum\u0101"},"iawp_total_views":197},"product_brand":[],"product_cat":[9042,72,83,25,9020],"product_tag":[4511,2173],"class_list":{"0":"post-22190","1":"product","2":"type-product","3":"status-publish","4":"has-post-thumbnail","6":"product_cat-fitmin-for-life-katems","7":"product_cat-kaciu-maistas","8":"product_cat-kaciu-prekiu-gamintojai","9":"product_cat-katems","10":"product_cat-slapias-maistas-kaciu-maistas","11":"product_tag-konservu-rinkiniai-katems","12":"product_tag-konservuotas-maistas-katems","13":"pa_pasaro-sudetis-antiena","14":"pa_pasaro-sudetis-jautiena","15":"pa_pasaro-sudetis-lasisa","16":"pa_pasaro-sudetis-vistiena","17":"pa_pasaro-sudetis-zuvis","18":"pa_prekiu-zenklai-fitmin-for-life","20":"first","21":"instock","22":"featured","23":"taxable","24":"shipping-taxable","25":"purchasable","26":"product-type-simple"},"acf":[],"_links":{"self":[{"href":"https:\/\/zooprekes24.lt\/lv\/wp-json\/wp\/v2\/product\/22190","targetHints":{"allow":["GET"]}}],"collection":[{"href":"https:\/\/zooprekes24.lt\/lv\/wp-json\/wp\/v2\/product"}],"about":[{"href":"https:\/\/zooprekes24.lt\/lv\/wp-json\/wp\/v2\/types\/product"}],"replies":[{"embeddable":true,"href":"https:\/\/zooprekes24.lt\/lv\/wp-json\/wp\/v2\/comments?post=22190"}],"wp:featuredmedia":[{"embeddable":true,"href":"https:\/\/zooprekes24.lt\/lv\/wp-json\/wp\/v2\/media\/19109"}],"wp:attachment":[{"href":"https:\/\/zooprekes24.lt\/lv\/wp-json\/wp\/v2\/media?parent=22190"}],"wp:term":[{"taxonomy":"product_brand","embeddable":true,"href":"https:\/\/zooprekes24.lt\/lv\/wp-json\/wp\/v2\/product_brand?post=22190"},{"taxonomy":"product_cat","embeddable":true,"href":"https:\/\/zooprekes24.lt\/lv\/wp-json\/wp\/v2\/product_cat?post=22190"},{"taxonomy":"product_tag","embeddable":true,"href":"https:\/\/zooprekes24.lt\/lv\/wp-json\/wp\/v2\/product_tag?post=22190"}],"curies":[{"name":"wp","href":"https:\/\/api.w.org\/{rel}","templated":true}]}}