{"id":22187,"date":"2024-04-18T21:20:15","date_gmt":"2024-04-18T18:20:15","guid":{"rendered":"https:\/\/zooprekes24.lt\/produktas\/coolpets-leduku-formele-kauliuku\/"},"modified":"2026-02-26T08:01:21","modified_gmt":"2026-02-26T06:01:21","slug":"coolpets-ledus-kubinu-veidne","status":"publish","type":"product","link":"https:\/\/zooprekes24.lt\/lv\/produktas\/coolpets-leduku-formele-kauliuku\/","title":{"rendered":"CoolPets sald\u0113juma veidnes, kauli\u0146u un k\u0101ju veidnes"},"content":{"rendered":"<h3>CoolPets sald\u0113juma veidne ir lieliska d\u0101vana, lai karst\u0101 vasaras dien\u0101 iepriecin\u0101tu savu m\u012b\u013coto \u010detrk\u0101jaino draugu. P\u0101rkar\u0161ana k\u013c\u016bst par aizvien liel\u0101ku m\u0101jdz\u012bvnieku probl\u0113mu, t\u0101p\u0113c ar \u0161o rota\u013c\u012bgo veidni j\u016bs varat pagatavot gardus vasaras sald\u0113juma k\u0101rumus, lai pal\u012bdz\u0113tu savam m\u012blulim atv\u0113sin\u0101ties.<\/h3>\n<ul>\n<li><a href=\"https:\/\/www.youtube.com\/watch?v=WHt-LU-KsSI\" target=\"_blank\" rel=\"noopener\">Form\u0101 ir 8 porcijas sald\u0113juma.<\/a><\/li>\n<li>CoolPets sald\u0113juma veidnes izm\u0113rs 18 x 18 cm.<\/li>\n<li>Atk\u0101rtoti lietojams, piem\u0113rots mazg\u0101\u0161anai trauku mazg\u0101jam\u0101 ma\u0161\u012bn\u0101 un cepe\u0161kr\u0101sn\u012b.<\/li>\n<li>Tikai da\u017eas stundas sald\u0113tav\u0101, un sald\u0113jums ir gatavs, lai j\u016bsu suns var\u0113tu baud\u012bt atspirdzino\u0161u uzkodu.<\/li>\n<li>Forma ir piem\u0113rota cepumu cep\u0161anai (apstiprin\u0101ta lieto\u0161anai temperat\u016br\u0101 no -60\u00b0C l\u012bdz +260\u00b0C).<\/li>\n<li>Pagatavojiet sald\u0113jumu pa\u0161i vai ar \u012bpa\u0161u Coolpets mais\u012bjumu (skat\u012bt produktu: <a href=\"https:\/\/zooprekes24.lt\/lv\/products\/coolpets-saldejuma-maisijums-saldejumam\/\" target=\"_blank\" rel=\"noopener\">CoolPets sald\u0113juma mais\u012bjums, zeme\u0146u<\/a> vai <a href=\"https:\/\/zooprekes24.lt\/lv\/products\/coolpets-ananasu-saldejuma-maisijums\/\" target=\"_blank\" rel=\"noopener\">anan\u0101si lv.<\/a>).<\/li>\n<\/ul>","protected":false},"excerpt":{"rendered":"<p>CoolPets sald\u0113juma veidne ir lieliska d\u0101vana, lai karst\u0101 vasaras dien\u0101 iepriecin\u0101tu savu m\u012b\u013coto \u010detrk\u0101jaino draugu. P\u0101rkar\u0161ana k\u013c\u016bst par aizvien liel\u0101ku m\u0101jdz\u012bvnieku probl\u0113mu, t\u0101p\u0113c ar \u0161o rota\u013c\u012bgo veidni j\u016bs varat pagatavot gardus vasaras sald\u0113juma k\u0101rumus, lai pal\u012bdz\u0113tu savam m\u012blulim atv\u0113sin\u0101ties. Form\u0101 ir 8 porcijas sald\u0113juma. CoolPets sald\u0113juma veidnes izm\u0113ri ir 18 x 18 cm. Atk\u0101rtoti lietojams, var mazg\u0101t trauku mazg\u0101jam\u0101 ma\u0161\u012bn\u0101.....<\/p>","protected":false},"featured_media":29311,"comment_status":"closed","ping_status":"closed","template":"","meta":{"_acf_changed":false,"slim_seo":{"title":"CoolPets leduk\u0173 formel\u0117, kauliuk\u0173 ir p\u0117du\u010di\u0173 formos - Zooprekes24","description":"CoolPets sald\u0113juma veidne ir lieliska d\u0101vana, lai karst\u0101 vasaras dien\u0101 iepriecin\u0101tu savu m\u012b\u013coto \u010detrk\u0101jaino draugu. P\u0101rkar\u0161ana k\u013c\u016bst par aizvien liel\u0101ku probl\u0113mu da\u017e\u0101diem"},"iawp_total_views":52},"product_brand":[],"product_cat":[9056,9057,32,8999,31],"product_tag":[5906],"class_list":{"0":"post-22187","1":"product","2":"type-product","3":"status-publish","4":"has-post-thumbnail","6":"product_cat-coolpets","7":"product_cat-dubeneliai-ir-girdyklos","8":"product_cat-kitos-sunu-prekes","9":"product_cat-sunims","10":"product_cat-sunu-prekiu-gamintojai","11":"product_tag-formeles-suns-ledams","12":"pa_prekiu-zenklai-coolpets","13":"pa_suns-amzius-jauniems","14":"pa_suns-amzius-senjorams","15":"pa_suns-amzius-suaugusiems","16":"pa_suns-amzius-visiems-amziams","17":"pa_veisles-dydis-didelems-veislems","18":"pa_veisles-dydis-mazoms-veislems","19":"pa_veisles-dydis-vidutinems-veislems","20":"pa_veisles-dydis-visu-dydziu-veislems","22":"first","23":"instock","24":"featured","25":"taxable","26":"shipping-taxable","27":"purchasable","28":"product-type-simple"},"acf":[],"_links":{"self":[{"href":"https:\/\/zooprekes24.lt\/lv\/wp-json\/wp\/v2\/product\/22187","targetHints":{"allow":["GET"]}}],"collection":[{"href":"https:\/\/zooprekes24.lt\/lv\/wp-json\/wp\/v2\/product"}],"about":[{"href":"https:\/\/zooprekes24.lt\/lv\/wp-json\/wp\/v2\/types\/product"}],"replies":[{"embeddable":true,"href":"https:\/\/zooprekes24.lt\/lv\/wp-json\/wp\/v2\/comments?post=22187"}],"wp:featuredmedia":[{"embeddable":true,"href":"https:\/\/zooprekes24.lt\/lv\/wp-json\/wp\/v2\/media\/29311"}],"wp:attachment":[{"href":"https:\/\/zooprekes24.lt\/lv\/wp-json\/wp\/v2\/media?parent=22187"}],"wp:term":[{"taxonomy":"product_brand","embeddable":true,"href":"https:\/\/zooprekes24.lt\/lv\/wp-json\/wp\/v2\/product_brand?post=22187"},{"taxonomy":"product_cat","embeddable":true,"href":"https:\/\/zooprekes24.lt\/lv\/wp-json\/wp\/v2\/product_cat?post=22187"},{"taxonomy":"product_tag","embeddable":true,"href":"https:\/\/zooprekes24.lt\/lv\/wp-json\/wp\/v2\/product_tag?post=22187"}],"curies":[{"name":"wp","href":"https:\/\/api.w.org\/{rel}","templated":true}]}}