{"id":22186,"date":"2024-04-18T21:20:15","date_gmt":"2024-04-18T18:20:15","guid":{"rendered":"https:\/\/zooprekes24.lt\/produktas\/coolpets-pluduriuojantis-zaislas-sunims\/"},"modified":"2024-10-01T12:57:31","modified_gmt":"2024-10-01T09:57:31","slug":"coolpets-peldoss-trusis-suniem","status":"publish","type":"product","link":"https:\/\/zooprekes24.lt\/lv\/produktas\/coolpets-pluduriuojantis-zaislas-sunims\/","title":{"rendered":"CoolPets peldo\u0161\u0101 rota\u013clieta su\u0146iem, Delf\u012bns"},"content":{"rendered":"<h3>CoolPets peldo\u0161\u0101 rota\u013clieta su\u0146iem - ide\u0101ls <a href=\"https:\/\/zooprekes24.lt\/lv\/?s=dovana&amp;post_type=product&amp;product_cat=0\" target=\"_blank\" rel=\"noopener noreferrer\">D\u0101vana<\/a>ko varat \u0146emt l\u012bdzi uz ezeru vai baseinu kop\u0101 ar savu m\u012b\u013coto \u010detrk\u0101jaino draugu.<\/h3>\n<ul>\n<li><a href=\"https:\/\/youtu.be\/0YocY488cDQ\" target=\"_blank\" rel=\"noopener\">Rota\u013clietai ir p\u012bkstulis.<\/a><\/li>\n<li>Ide\u0101la izv\u0113le vasaras br\u012bvdien\u0101m.<\/li>\n<li>Netop un peld uz \u016bdens virsmas.<\/li>\n<li>Rota\u013clieta uzs\u016bc \u016bdeni, kas izdal\u0101s, tikl\u012bdz suns to ieko\u017e, padarot to atsvaidzino\u0161u vis\u0101m rota\u013c\u0101m.<\/li>\n<\/ul>","protected":false},"excerpt":{"rendered":"<p>CoolPets peldo\u0161\u0101 rota\u013clieta su\u0146iem ir lieliska d\u0101vana, ko \u0146emt l\u012bdzi uz ezeru vai baseinu, ce\u013cojot kop\u0101 ar savu m\u012b\u013coto \u010detrk\u0101jaino draugu. Rota\u013clietai ir p\u012bkstulis. Ide\u0101li piem\u0113rots vasaras br\u012bvdien\u0101m. T\u0101 neiegrimst un peld uz \u016bdens virsmas. Rota\u013clieta uzs\u016bc \u016bdeni, kas izdal\u0101s, tikl\u012bdz suns to sako\u0161\u013c\u0101, padarot to atsvaidzino\u0161u vis\u0101m rota\u013c\u0101m.<\/p>","protected":false},"featured_media":29312,"comment_status":"closed","ping_status":"closed","template":"","meta":{"_acf_changed":false,"slim_seo":{"title":"CoolPets pl\u016bduriuojantis \u017eaislas \u0161unims, Delfinas - Zooprekes24","description":"CoolPets peldo\u0161\u0101 rota\u013clieta su\u0146iem ir lieliska d\u0101vana, ko \u0146emt l\u012bdzi uz ezeru vai baseinu, ce\u013cojot kop\u0101 ar savu m\u012b\u013coto \u010detrk\u0101jaino draugu. Rota\u013clieta"},"iawp_total_views":7},"product_brand":[],"product_cat":[9056,32,8999,31,9024],"product_tag":[5920],"class_list":{"0":"post-22186","1":"product","2":"type-product","3":"status-publish","4":"has-post-thumbnail","6":"product_cat-coolpets","7":"product_cat-kitos-sunu-prekes","8":"product_cat-sunims","9":"product_cat-sunu-prekiu-gamintojai","10":"product_cat-zaislai-sunims","11":"product_tag-vesinantis-zaislas-sunims","12":"pa_prekiu-zenklai-coolpets","13":"pa_suns-amzius-jauniems","14":"pa_suns-amzius-senjorams","15":"pa_suns-amzius-suaugusiems","16":"pa_suns-amzius-visiems-amziams","17":"pa_veisles-dydis-didelems-veislems","18":"pa_veisles-dydis-mazoms-veislems","19":"pa_veisles-dydis-vidutinems-veislems","20":"pa_veisles-dydis-visu-dydziu-veislems","21":"pa_zaislo-tipas-pluduriuojantis","23":"first","24":"instock","25":"featured","26":"taxable","27":"shipping-taxable","28":"purchasable","29":"product-type-simple"},"acf":[],"_links":{"self":[{"href":"https:\/\/zooprekes24.lt\/lv\/wp-json\/wp\/v2\/product\/22186","targetHints":{"allow":["GET"]}}],"collection":[{"href":"https:\/\/zooprekes24.lt\/lv\/wp-json\/wp\/v2\/product"}],"about":[{"href":"https:\/\/zooprekes24.lt\/lv\/wp-json\/wp\/v2\/types\/product"}],"replies":[{"embeddable":true,"href":"https:\/\/zooprekes24.lt\/lv\/wp-json\/wp\/v2\/comments?post=22186"}],"wp:featuredmedia":[{"embeddable":true,"href":"https:\/\/zooprekes24.lt\/lv\/wp-json\/wp\/v2\/media\/29312"}],"wp:attachment":[{"href":"https:\/\/zooprekes24.lt\/lv\/wp-json\/wp\/v2\/media?parent=22186"}],"wp:term":[{"taxonomy":"product_brand","embeddable":true,"href":"https:\/\/zooprekes24.lt\/lv\/wp-json\/wp\/v2\/product_brand?post=22186"},{"taxonomy":"product_cat","embeddable":true,"href":"https:\/\/zooprekes24.lt\/lv\/wp-json\/wp\/v2\/product_cat?post=22186"},{"taxonomy":"product_tag","embeddable":true,"href":"https:\/\/zooprekes24.lt\/lv\/wp-json\/wp\/v2\/product_tag?post=22186"}],"curies":[{"name":"wp","href":"https:\/\/api.w.org\/{rel}","templated":true}]}}