{"id":22117,"date":"2024-04-18T21:19:48","date_gmt":"2024-04-18T18:19:48","guid":{"rendered":"https:\/\/zooprekes24.lt\/produktas\/fitmin-purity-digestion-detoxification\/"},"modified":"2024-09-09T17:47:07","modified_gmt":"2024-09-09T14:47:07","slug":"fitmin-tiriba-gremosanas-detoksikacija","status":"publish","type":"product","link":"https:\/\/zooprekes24.lt\/lv\/produktas\/fitmin-purity-digestion-detoxification\/","title":{"rendered":"Fitmin Purity gremo\u0161anas un detoksik\u0101cijas uztura bag\u0101tin\u0101t\u0101js su\u0146iem N70"},"content":{"rendered":"<h3>Fitmin Purity Gremo\u0161ana un detoksik\u0101cija - uztura bag\u0101tin\u0101t\u0101js <span lang=\"LT\">visas \u0161\u0137irnes un vecuma grupas\u00a0<\/span>su\u0146iem m\u0101jdz\u012bvnieka organisma detoksik\u0101cijai un zarnu mikrofloras stabiliz\u0101cijai\/uztur\u0113\u0161anai. Papildin\u0101ts ar humussk\u0101b\u0113m un\u00a0<span lang=\"EN-US\">probiotikas un prebiotikas. \u0160is sast\u0101vs veido perfektu duetu, kas\u00a0<\/span><span lang=\"EN-US\">gremo\u0161anas probl\u0113mas (caureja,\u00a0<\/span><span lang=\"EN-US\">gastroenter\u012bts\u00a0<\/span><span lang=\"EN-US\">utt.)\u00a0<\/span><span lang=\"EN-US\">pal\u012bdz ne tikai nomierin\u0101t un normaliz\u0113t su\u0146a zarnu mikrofloru. <\/span><span lang=\"EN-US\">\u00a0bet ar\u012b palielina labv\u0113l\u012bgo bakt\u0113riju skaitu un stiprina imunit\u0101ti. Papildin\u0101jumi ir ieteicami ar\u012b pirms pl\u0101not\u0101s dz\u012bvnieka kastr\u0101cijas vai p\u0101rejas period\u0101 no vienas bar\u012bbas uz citu.<\/span><\/h3>\n<ul>\n<li>Fitmin Purity gremo\u0161anas un detoksik\u0101cijas bag\u0101tin\u0101t\u0101ji izmanto humussk\u0101bes, lai palielin\u0101tu bar\u012bbas vielu uzs\u016bk\u0161anos un to iek\u013c\u016b\u0161anu \u0161\u016bn\u0101s. T\u0101s tiek d\u0113v\u0113tas par super antioksidantiem un ir \u012bpa\u0161i labv\u0113l\u012bgas gremo\u0161anas sist\u0113mas vesel\u012bbai :) T\u0101s atbalsta vesel\u012bgu mikrobiomu, l\u012bdzsvaro \u0161\u0137idruma un elektrol\u012btu l\u012bmeni organism\u0101, uzlabo zarnu darb\u012bbu utt.<\/li>\n<li>Hum\u012bnsk\u0101bes veicina ar\u012b dabisk\u0101s \u0161\u016bnu detoksik\u0101cijas funkcijas, \u012bpa\u0161i hroniski slimiem m\u0101jdz\u012bvniekiem. T\u0101s organism\u0101 p\u0101rn\u0113s\u0101 vitam\u012bnus, miner\u0101lvielas, aminosk\u0101bes un fitonutrientus un, savienojoties ar smagajiem met\u0101liem un toks\u012bniem, pal\u012bdz tos dro\u0161i izvad\u012bt no su\u0146a organisma.<\/li>\n<li>Fitmin Purity gremo\u0161anas un detoksik\u0101cijas piedevu sast\u0101v\u0101 eso\u0161ie dab\u012bgie antioksidanti sniedz pla\u0161u labumu j\u016bsu m\u0101jdz\u012bvniekam. Tie aizsarg\u0101 organisma \u0161\u016bnas no br\u012bvo radik\u0101\u013cu negat\u012bv\u0101s ietekmes un stiprina su\u0146a im\u016bnsist\u0113mu. Vec\u0101kiem m\u0101jdz\u012bvniekiem antioksidanti pal\u012bdz pal\u0113nin\u0101t organisma \u0161\u016bnu noveco\u0161anos, t\u0101d\u0113j\u0101di nodro\u0161inot ilg\u0101ku m\u016b\u017eu.<\/li>\n<li>Probiotikas ir dz\u012bvi mikroorganismi, kas paz\u012bstami k\u0101 lab\u0101s bakt\u0113rijas, savuk\u0101rt prebiotikas ir vielas, kas veicina zarnu mikrofloras att\u012bst\u012bbu. \u0160\u012bs sast\u0101vda\u013cas veicina zarnu mikrofloras aug\u0161anu, uztur\u0113\u0161anu un optim\u0101lu darb\u012bbu. Tas ar\u012b nodro\u0161ina, ka zarnu mikroflora, kas noteiktu apst\u0101k\u013cu (slim\u012bba, oper\u0101cija, medikamenti, \u0101r\u0113ji faktori u. c.) d\u0113\u013c ir k\u013cuvusi nel\u012bdzsvarota, tiek atjaunota un tiek atjaunota m\u0101jdz\u012bvnieka vitalit\u0101te.<\/li>\n<li>Fitmin Purity gremo\u0161anas un detoksik\u0101cijas l\u012bdzeklis ir bag\u0101tin\u0101ts ar hlorellu (<a href=\"https:\/\/en.wikipedia.org\/wiki\/Chlorella\" target=\"_blank\" rel=\"noopener\"><em>Chlorella a\u013c\u0123es<\/em><\/a>) ir br\u012bvi peldo\u0161as vien\u0161\u016bnas za\u013c\u0101s mikroa\u013c\u0123es (fitoplanktons), kas aug sald\u016bden\u012b. Chlorella \u0161\u016bnu sieni\u0146as liel\u0101koties sast\u0101v no celulozes un hit\u012bna, kas \u013cauj t\u0101m saist\u012bt un izvad\u012bt toksiskas vielas. \u0160\u012bs mikroa\u013c\u0123es absorb\u0113 ar\u012b m\u0101jdz\u012bvnieka organism\u0101 nevajadz\u012bgos atkritumus un toks\u012bnus un pal\u012bdz tos saudz\u012bgi izvad\u012bt no m\u0101jdz\u012bvnieka organisma caur zarn\u0101m.<\/li>\n<li>Papildin\u0101ts ar alus raugu, dabisku produktu, kas ir bag\u0101ts ar svar\u012bg\u0101kaj\u0101m akt\u012bvaj\u0101m sast\u0101vda\u013c\u0101m optim\u0101l\u0101 l\u012bdzsvar\u0101: visiem B grupas vitam\u012bniem, miner\u0101lviel\u0101m un augstas kvalit\u0101tes olbaltumviel\u0101m. B grupas vitam\u012bni darbojas k\u0101 katalizatori visos dz\u012bvnieku audos. Tie ir svar\u012bgi og\u013chidr\u0101tu un olbaltumvielu optim\u0101lai asimil\u0101cijai un \u0161\u016bnu dal\u012b\u0161an\u0101s pareizai uztur\u0113\u0161anai. Uzlabojot vielmai\u0146u, tie ne tikai palielina dz\u012bvnieka vitalit\u0101ti, bet ar\u012b stiprina su\u0146a nervu sist\u0113mu.<\/li>\n<\/ul>\n<h3><span lang=\"EN-US\"> Fitmin Purity gremo\u0161anas un detoksik\u0101cijas uztura bag\u0101tin\u0101t\u0101js pal\u012bdz\u0113s:<\/span><\/h3>\n<ul>\n<li><span lang=\"EN-US\">Lai stabiliz\u0113tu su\u0146a zarnu mikrofloru,<\/span><\/li>\n<li><span lang=\"EN-US\">Samazina nev\u0113lamas gremo\u0161anas reakcijas bar\u012bbas mai\u0146as laik\u0101,<\/span><\/li>\n<li><span lang=\"EN-US\"> Uztur\u0113t un nomierin\u0101t ku\u0146\u0123a un zarnu traktu pl\u0101not\u0101s anest\u0113zijas laik\u0101,<\/span><\/li>\n<li><span lang=\"EN-US\"> Samazina caurejas bie\u017eumu,<\/span><\/li>\n<li><span lang=\"EN-US\">Atjauno un normaliz\u0113 visp\u0101r\u0113jo gremo\u0161anas sist\u0113mas vesel\u012bbu.<\/span><\/li>\n<\/ul>","protected":false},"excerpt":{"rendered":"<p>Fitmin Purity Digestion &amp; Detoxification &#8211;\u00a0pa\u0161aro papildas vis\u0173 veisli\u0173 ir am\u017eiaus grupi\u0173\u00a0\u0161unims skirtas augintinio organizmo detoksikacijai ir \u017earnyno mikrofloros stabilizavimui\/palaikymui. Sud\u0117tis papildyta\u00a0humino r\u016bg\u0161timis bei\u00a0probiotikais ir prebiotikais. \u0160i\u00a0kompozicija sudaro tobul\u0105 duet\u0105, kuris\u00a0susid\u016brus su vir\u0161kinimo problemomis (viduriavimas,\u00a0gastroenteritas\u00a0ir kt.)\u00a0padeda ne tik nuraminti ir normalizuoti \u0161uns \u017earnyno mikroflor\u0105 \u00a0bet ir padidinti nauding\u0173 bakterij\u0173 skai\u010di\u0173 bei sustiprinti imunitet\u0105. Papildai taip&#8230;<\/p>","protected":false},"featured_media":18967,"comment_status":"closed","ping_status":"closed","template":"","meta":{"_acf_changed":false,"slim_seo":{"title":"Fitmin Purity Digestion & Detoxification maisto papildas \u0161unims N70 - Zooprekes24","description":"Fitmin Purity Digestion &amp; Detoxification ir uztura bag\u0101tin\u0101t\u0101js visu \u0161\u0137ir\u0146u un vecumu su\u0146iem, kas paredz\u0113ts m\u0101jdz\u012bvnieka organisma un zarnu mikobakt\u0113riju detoksik\u0101cijai."},"iawp_total_views":67},"product_brand":[],"product_cat":[9051,32,8999,31,9022],"product_tag":[1319,1322,1331],"class_list":{"0":"post-22117","1":"product","2":"type-product","3":"status-publish","4":"has-post-thumbnail","6":"product_cat-fitmin-purity","7":"product_cat-kitos-sunu-prekes","8":"product_cat-sunims","9":"product_cat-sunu-prekiu-gamintojai","10":"product_cat-vitaminai-ir-papildai-sunims","11":"product_tag-fitmin-purity-papildai","12":"product_tag-fitmin-vitaminai-suniui","13":"product_tag-vitaminai-senam-suniui","14":"pa_prekiu-zenklai-fitmin-purity","15":"pa_suns-amzius-jauniems","16":"pa_suns-amzius-senjorams","17":"pa_suns-amzius-suaugusiems","18":"pa_suns-amzius-visiems-amziams","19":"pa_veisles-dydis-didelems-veislems","20":"pa_veisles-dydis-mazoms-veislems","21":"pa_veisles-dydis-vidutinems-veislems","22":"pa_veisles-dydis-visu-dydziu-veislems","24":"first","25":"outofstock","26":"featured","27":"taxable","28":"shipping-taxable","29":"purchasable","30":"product-type-simple"},"acf":[],"_links":{"self":[{"href":"https:\/\/zooprekes24.lt\/lv\/wp-json\/wp\/v2\/product\/22117","targetHints":{"allow":["GET"]}}],"collection":[{"href":"https:\/\/zooprekes24.lt\/lv\/wp-json\/wp\/v2\/product"}],"about":[{"href":"https:\/\/zooprekes24.lt\/lv\/wp-json\/wp\/v2\/types\/product"}],"replies":[{"embeddable":true,"href":"https:\/\/zooprekes24.lt\/lv\/wp-json\/wp\/v2\/comments?post=22117"}],"wp:featuredmedia":[{"embeddable":true,"href":"https:\/\/zooprekes24.lt\/lv\/wp-json\/wp\/v2\/media\/18967"}],"wp:attachment":[{"href":"https:\/\/zooprekes24.lt\/lv\/wp-json\/wp\/v2\/media?parent=22117"}],"wp:term":[{"taxonomy":"product_brand","embeddable":true,"href":"https:\/\/zooprekes24.lt\/lv\/wp-json\/wp\/v2\/product_brand?post=22117"},{"taxonomy":"product_cat","embeddable":true,"href":"https:\/\/zooprekes24.lt\/lv\/wp-json\/wp\/v2\/product_cat?post=22117"},{"taxonomy":"product_tag","embeddable":true,"href":"https:\/\/zooprekes24.lt\/lv\/wp-json\/wp\/v2\/product_tag?post=22117"}],"curies":[{"name":"wp","href":"https:\/\/api.w.org\/{rel}","templated":true}]}}