{"id":22115,"date":"2024-04-18T21:19:48","date_gmt":"2024-04-18T18:19:48","guid":{"rendered":"https:\/\/zooprekes24.lt\/produktas\/fitmin-for-life-lamb-chips\/"},"modified":"2024-05-22T15:35:06","modified_gmt":"2024-05-22T12:35:06","slug":"fitmin-for-life-jera-galas-cipsi","status":"publish","type":"product","link":"https:\/\/zooprekes24.lt\/lv\/produktas\/fitmin-for-life-lamb-chips\/","title":{"rendered":"Fitmin for Life J\u0113ra ga\u013cas \u010dipsi su\u0146iem 200 g"},"content":{"rendered":"<h3>Fitmin for Life J\u0113ra ga\u013cas \u010dipsi - dab\u012bgi j\u0113ra ga\u013cas gabali\u0146i visiem vecumiem <a href=\"https:\/\/zooprekes24.lt\/lv\/kategorija\/prekes-sunims\/\" target=\"_blank\" rel=\"noopener\">Su\u0146iem<\/a>daudz kvalitat\u012bvu olbaltumvielu un maz tauku. Dabiski na\u0161\u0137i ir lab\u0101kais veids, k\u0101 apm\u0101c\u012bt su\u0146a paklaus\u012bbu un stimul\u0113t vi\u0146a dabiskos instinktus.<\/h3>\n<ul>\n<li>Delik\u0101ts dab\u012bgs ga\u013cas produkts.<\/li>\n<li>Pateicoties to sast\u0101vam un gar\u0161\u012bgajai gar\u0161ai, gardumi ir iecien\u012bti pat pras\u012bgu su\u0146u vid\u016b.<\/li>\n<li>Iepakotas lietot\u0101jam \u0113rt\u0101, atk\u0101rtoti nosl\u0113dzam\u0101 maisi\u0146\u0101, ko var atv\u0113rt un atk\u0101rtoti nosl\u0113gt, t\u0101p\u0113c t\u0101s ilgi saglab\u0101jas svaigas.<\/li>\n<li>Fitmin for Life J\u0113ra ga\u013cas \u010dipsi su\u0146iem ir lieliski piem\u0113roti k\u0101 balva vai gar\u0161\u012bga uzkoda.<\/li>\n<li><a href=\"https:\/\/www.fitmin.cz\/p\/ffl-dog-treat-duck-with-calcium-bone-200g\" target=\"_blank\" rel=\"noopener\">na\u0161\u0137i nesatur kr\u0101svielas, aromatiz\u0113t\u0101jus un graudus.<\/a>.<\/li>\n<\/ul>","protected":false},"excerpt":{"rendered":"<p>Fitmin for Life Lamb Chips &#8211; nat\u016bral\u016bs \u0117rienos m\u0117sos gabaliukai vis\u0173 am\u017eiaus grupi\u0173 \u0161unims, su daug kokybi\u0161k\u0173 baltym\u0173 ir ma\u017eai riebal\u0173. Nat\u016bral\u016bs skan\u0117stai &#8211; tai geriausia priemon\u0117 \u0161uns paklusnumui lavinti ir jo nat\u016braliems instinktams skatinti. Subtilus nat\u016bralios m\u0117sos produktas. D\u0117l savo sud\u0117ties ir gardaus skonio, skan\u0117stai yra m\u0117gstami net ir i\u0161ranki\u0173 \u0161un\u0173. Supakuoti patogiame naudoti,&#8230;<\/p>","protected":false},"featured_media":20511,"comment_status":"closed","ping_status":"closed","template":"","meta":{"_acf_changed":false,"slim_seo":{"title":"Fitmin for Life Lamb Chips skan\u0117stai \u0161unims 200 g - Zooprekes24","description":"Fitmin for Life Lamb Chips - dab\u012bgi j\u0113ra ga\u013cas gabali\u0146i visu vecumu su\u0146iem, bag\u0101ti ar kvalitat\u012bv\u0101m olbaltumviel\u0101m un ar zemu tauku saturu. Dabiski k\u0101rumi - t"},"iawp_total_views":55},"product_brand":[],"product_cat":[9043,9010,8999,31,30],"product_tag":[1618,1623,1624,792,391],"class_list":{"0":"post-22115","1":"product","2":"type-product","3":"status-publish","4":"has-post-thumbnail","6":"product_cat-fitmin-for-life-sunims","7":"product_cat-naturalus-skanestai","8":"product_cat-sunims","9":"product_cat-sunu-prekiu-gamintojai","10":"product_cat-sunu-skanestai","11":"product_tag-fitmin-for-life-naturalus-skanestai","12":"product_tag-fitmin-skanestai-sunims","13":"product_tag-fitmin-skanukai-sunims","14":"product_tag-naturalus-skanestai-sunims","15":"product_tag-traskus-skanestai-sunims","16":"pa_pasaro-sudetis-eriena","17":"pa_prekiu-zenklai-fitmin-for-life","18":"pa_suns-amzius-jauniems","19":"pa_suns-amzius-senjorams","20":"pa_suns-amzius-suaugusiems","21":"pa_suns-amzius-visiems-amziams","22":"pa_veisles-dydis-didelems-veislems","23":"pa_veisles-dydis-mazoms-veislems","24":"pa_veisles-dydis-vidutinems-veislems","25":"pa_veisles-dydis-visu-dydziu-veislems","27":"first","28":"instock","29":"featured","30":"taxable","31":"shipping-taxable","32":"purchasable","33":"product-type-simple"},"acf":[],"_links":{"self":[{"href":"https:\/\/zooprekes24.lt\/lv\/wp-json\/wp\/v2\/product\/22115","targetHints":{"allow":["GET"]}}],"collection":[{"href":"https:\/\/zooprekes24.lt\/lv\/wp-json\/wp\/v2\/product"}],"about":[{"href":"https:\/\/zooprekes24.lt\/lv\/wp-json\/wp\/v2\/types\/product"}],"replies":[{"embeddable":true,"href":"https:\/\/zooprekes24.lt\/lv\/wp-json\/wp\/v2\/comments?post=22115"}],"wp:featuredmedia":[{"embeddable":true,"href":"https:\/\/zooprekes24.lt\/lv\/wp-json\/wp\/v2\/media\/20511"}],"wp:attachment":[{"href":"https:\/\/zooprekes24.lt\/lv\/wp-json\/wp\/v2\/media?parent=22115"}],"wp:term":[{"taxonomy":"product_brand","embeddable":true,"href":"https:\/\/zooprekes24.lt\/lv\/wp-json\/wp\/v2\/product_brand?post=22115"},{"taxonomy":"product_cat","embeddable":true,"href":"https:\/\/zooprekes24.lt\/lv\/wp-json\/wp\/v2\/product_cat?post=22115"},{"taxonomy":"product_tag","embeddable":true,"href":"https:\/\/zooprekes24.lt\/lv\/wp-json\/wp\/v2\/product_tag?post=22115"}],"curies":[{"name":"wp","href":"https:\/\/api.w.org\/{rel}","templated":true}]}}