{"id":22112,"date":"2024-04-18T21:19:48","date_gmt":"2024-04-18T18:19:48","guid":{"rendered":"https:\/\/zooprekes24.lt\/produktas\/fitmin-for-life-dental-tasty-sticks-vist\/"},"modified":"2025-02-24T11:53:45","modified_gmt":"2025-02-24T09:53:45","slug":"fitmin-for-life-dental-tasty-sticks-vist","status":"publish","type":"product","link":"https:\/\/zooprekes24.lt\/lv\/produktas\/fitmin-for-life-dental-tasty-sticks-vist\/","title":{"rendered":"Fitmin for Life Dental Tasty Sticks Vistas aknu k\u0101rumi su\u0146iem 35 gab."},"content":{"rendered":"<h3>Fitmin for Life Dental Tasty Sticks Chicken Liver &#8211; skan\u0117stai vis\u0173 am\u017eiaus grupi\u0173 <a href=\"https:\/\/zooprekes24.lt\/lv\/kategorija\/prekes-sunims\/\" target=\"_blank\" rel=\"noopener\">Su\u0146iem<\/a>zobu t\u012br\u012b\u0161anas profilaksei. Piem\u0113rots k\u0101 gar\u0161\u012bgs ikdienas na\u0161\u0137is vai k\u0101 balva treni\u0146u vai sp\u0113\u013cu laik\u0101.<\/h3>\n<ul>\n<li>Pateicoties caurul\u012btes formai, sunim iekost, tiek izrais\u012bta meh\u0101niska sakodiena iedarb\u012bba, kas ne tikai pal\u012bdz no\u0146emt \u0113diena paliekas, bet ar\u012b maigi att\u012bra zobu virsmu un samazina zobakmens veido\u0161an\u0101s risku.<\/li>\n<li>Fitmin for Life Dental Tasty Sticks Chicken Liver Tasty Sticks Chicken Liver Tasty Sticks ir ide\u0101li piem\u0113rotas k\u0101 balva vai gar\u0161\u012bga uzkoda.<\/li>\n<li>Iepakotas lietot\u0101jam \u0113rt\u0101, herm\u0113tisk\u0101 iepakojum\u0101, ko var atv\u0113rt un atk\u0101rtoti aizv\u0113rt, t\u0101p\u0113c t\u0101s ilgi saglab\u0101jas svaigas.<\/li>\n<li><a href=\"https:\/\/www.fitmin.com\/en\/ingredients\" target=\"_blank\" rel=\"noopener\">Taj\u0101 netiek izmantots cukurs, m\u0101ksl\u012bg\u0101s kr\u0101svielas un soja.<\/a><\/li>\n<li>Nav ieteicams su\u0146iem, kas jaun\u0101ki par 4 m\u0113ne\u0161iem.<\/li>\n<li>Z\u012bl\u012btes garums ir 13 cm.<\/li>\n<li>35 gabali\u0146i gar\u0161\u012bgu k\u0101rumu vien\u0101 burci\u0146\u0101.<\/li>\n<\/ul>","protected":false},"excerpt":{"rendered":"<p>Fitmin for Life Dental Tasty Sticks Chicken Liver &#8211; skan\u0117stai vis\u0173 am\u017eiaus grupi\u0173 \u0161unims, skirti dant\u0173 valymo profilaktikai. Tinkamas kaip gardus kasdienis u\u017ekandis arba atlygis treniruo\u010di\u0173 ar \u017eaidim\u0173 met\u0173. D\u0117l vamzdelio formos, \u0161uniui kandant kramtuk\u0105 yra sukeliamas mechaninis poveikis, kuris padeda ne tik pa\u0161alinti maisto liku\u010dius, bet ir \u0161velniai valo dant\u0173 pavir\u0161i\u0173 bei suma\u017eina akmen\u0173&#8230;<\/p>","protected":false},"featured_media":18961,"comment_status":"closed","ping_status":"closed","template":"","meta":{"_acf_changed":false,"slim_seo":{"title":"Fitmin for Life Dental Tasty Sticks Chicken Liver skan\u0117stai \u0161unims 35 vnt - Zooprekes24","description":"Fitmin for Life Dental Tasty Sticks Chicken Liver - skan\u0117stai vis\u0173 am\u017eiaus grupi\u0173 \u0161unims , skirti dant\u0173 valymo profilaktikai. Tinkamas kaip gardus kasdienis u\u017ek"},"iawp_total_views":21},"product_brand":[],"product_cat":[9043,9039,8999,31,30],"product_tag":[1618,1623,1624,1290,1291,1292,792,391],"class_list":{"0":"post-22112","1":"product","2":"type-product","3":"status-publish","4":"has-post-thumbnail","6":"product_cat-fitmin-for-life-sunims","7":"product_cat-kaulai-ir-susukta-oda","8":"product_cat-sunims","9":"product_cat-sunu-prekiu-gamintojai","10":"product_cat-sunu-skanestai","11":"product_tag-fitmin-for-life-naturalus-skanestai","12":"product_tag-fitmin-skanestai-sunims","13":"product_tag-fitmin-skanukai-sunims","14":"product_tag-kaulai-suns-dantu-higienai","15":"product_tag-kaulai-sunu-dantims","16":"product_tag-kauliukai-suns-dantims","17":"product_tag-naturalus-skanestai-sunims","18":"product_tag-traskus-skanestai-sunims","19":"pa_pasaro-sudetis-kepeneles","20":"pa_pasaro-sudetis-paukstiena","21":"pa_prekiu-zenklai-fitmin-for-life","22":"pa_suns-amzius-jauniems","23":"pa_suns-amzius-senjorams","24":"pa_suns-amzius-suaugusiems","25":"pa_suns-amzius-visiems-amziams","26":"pa_veisles-dydis-didelems-veislems","27":"pa_veisles-dydis-mazoms-veislems","28":"pa_veisles-dydis-vidutinems-veislems","29":"pa_veisles-dydis-visu-dydziu-veislems","31":"first","32":"outofstock","33":"featured","34":"taxable","35":"shipping-taxable","36":"purchasable","37":"product-type-simple"},"acf":[],"_links":{"self":[{"href":"https:\/\/zooprekes24.lt\/lv\/wp-json\/wp\/v2\/product\/22112","targetHints":{"allow":["GET"]}}],"collection":[{"href":"https:\/\/zooprekes24.lt\/lv\/wp-json\/wp\/v2\/product"}],"about":[{"href":"https:\/\/zooprekes24.lt\/lv\/wp-json\/wp\/v2\/types\/product"}],"replies":[{"embeddable":true,"href":"https:\/\/zooprekes24.lt\/lv\/wp-json\/wp\/v2\/comments?post=22112"}],"wp:featuredmedia":[{"embeddable":true,"href":"https:\/\/zooprekes24.lt\/lv\/wp-json\/wp\/v2\/media\/18961"}],"wp:attachment":[{"href":"https:\/\/zooprekes24.lt\/lv\/wp-json\/wp\/v2\/media?parent=22112"}],"wp:term":[{"taxonomy":"product_brand","embeddable":true,"href":"https:\/\/zooprekes24.lt\/lv\/wp-json\/wp\/v2\/product_brand?post=22112"},{"taxonomy":"product_cat","embeddable":true,"href":"https:\/\/zooprekes24.lt\/lv\/wp-json\/wp\/v2\/product_cat?post=22112"},{"taxonomy":"product_tag","embeddable":true,"href":"https:\/\/zooprekes24.lt\/lv\/wp-json\/wp\/v2\/product_tag?post=22112"}],"curies":[{"name":"wp","href":"https:\/\/api.w.org\/{rel}","templated":true}]}}