{"id":22108,"date":"2024-04-18T21:19:39","date_gmt":"2024-04-18T18:19:39","guid":{"rendered":"https:\/\/zooprekes24.lt\/produktas\/fitmin-for-life-freeze-dried-duck\/"},"modified":"2026-02-26T10:55:46","modified_gmt":"2026-02-26T08:55:46","slug":"fitmin-for-life-liofilizeta-pile","status":"publish","type":"product","link":"https:\/\/zooprekes24.lt\/lv\/produktas\/fitmin-for-life-freeze-dried-duck\/","title":{"rendered":"Fitmin for Life L\u012b\u017eiz\u017e\u0101v\u0113ti p\u012b\u013cu liofiliz\u0113ti na\u0161\u0137i su\u0146iem un ka\u0137iem 30 g"},"content":{"rendered":"<h3>Fitmin for Life Freeze dried Duck ir liofiliz\u0113ts k\u0101rums, kas pagatavots, izmantojot saudz\u012bgu apstr\u0101des metodi, lai saglab\u0101tu ga\u013cas dabisko gar\u0161u. Ide\u0101la izv\u0113le, lai pie\u0161\u0137irtu gar\u0161u j\u016bsu m\u0101jdz\u012bvnieka parastajai bar\u012bbai. Gar\u0161\u012bgs vienreiz\u0113js olbaltumvielu avots.<\/h3>\n<ul>\n<li>Satur 100% arom\u0101tisk\u0101s p\u012bles.<\/li>\n<li>Gar\u0161augi visu vecumu un \u0161\u0137ir\u0146u su\u0146iem un ka\u0137iem.<\/li>\n<li><a href=\"https:\/\/zooprekes24.lt\/lv\/kategorija\/prekes-sunims\/sunu-degustatori\/minksti-kramtalai-sunims\/\" target=\"_blank\" rel=\"noopener\">Lieliski piem\u0113rots apm\u0101c\u012bbai<\/a>par balvu vai gar\u0161\u012bgu na\u0161\u0137i.<\/li>\n<li>\u012apa\u0161i gar\u0161\u012bgais arom\u0101ts un gar\u0161a apmierin\u0101s pat vispras\u012bg\u0101kos gard\u0113\u017eus.<\/li>\n<li>Iepakots \u0113rt\u0101 r\u0101v\u0113jsl\u0113dz\u0113ja tipa iepakojum\u0101, lai gardumi ilg\u0101k saglab\u0101tos svaigi.<\/li>\n<li><a href=\"https:\/\/www.youtube.com\/watch?v=qOBwKKAEfkk\" target=\"_blank\" rel=\"noopener\">Dab\u012bgs produkts, bez graudaugiem un kr\u0101sviel\u0101m.<\/a><\/li>\n<\/ul>","protected":false},"excerpt":{"rendered":"<p>Fitmin for Life Freeze dried Duck &#8211; tai \u0161altyje\u00a0i\u0161d\u017eiovinti skan\u0117stai, kuriems naudojamas \u0161velnus apdorojimo b\u016bdas i\u0161saugantis nat\u016bral\u0173 m\u0117sos skon\u012f. Puikus pasirinkimas norint paskaninti \u012fprasta augintinio \u0117dalo porcij\u0105. Gardus vieno baltymo \u0161altinis. Sud\u0117tyje 100% aromatingos antienos. Skan\u0117stai pritaikyti vis\u0173 am\u017eiaus grupi\u0173 ir veisli\u0173 \u0161unims ir kat\u0117ms. Tobulai tinka treniravimui, atlygiui arba skaniai u\u017ek\u0105sti. Ypatingai gardus kvapas&#8230;<\/p>","protected":false},"featured_media":45460,"comment_status":"closed","ping_status":"closed","template":"","meta":{"_acf_changed":false,"slim_seo":{"title":"Fitmin for Life Freeze dried Duck \u0161altyje\u00a0i\u0161d\u017eiovinti skan\u0117stai \u0161unims ir kat\u0117ms 30 g - Zooprekes24","description":"Fitmin for Life Freeze dried Duck ir liofiliz\u0113ts k\u0101rums, kas pagatavots, izmantojot saudz\u012bgu apstr\u0101des metodi, lai saglab\u0101tu ga\u013cas dabisko gar\u0161u. Lielisks papildin\u0101jums"},"iawp_total_views":241},"product_brand":[],"product_cat":[9043,9042,9055,72,83,25,9010,9018,8999,29,31,30],"product_tag":[4512,604,1623,385,386],"class_list":{"0":"post-22108","1":"product","2":"type-product","3":"status-publish","4":"has-post-thumbnail","6":"product_cat-fitmin-for-life-sunims","7":"product_cat-fitmin-for-life-katems","8":"product_cat-isdziovintas-saltyje-maistas","9":"product_cat-kaciu-maistas","10":"product_cat-kaciu-prekiu-gamintojai","11":"product_cat-katems","12":"product_cat-naturalus-skanestai","13":"product_cat-skanestai","14":"product_cat-sunims","15":"product_cat-sunu-maistas","16":"product_cat-sunu-prekiu-gamintojai","17":"product_cat-sunu-skanestai","18":"product_tag-antienos-skanestai-katei","19":"product_tag-antienos-skanestai-suniui","20":"product_tag-fitmin-skanestai-sunims","21":"product_tag-skanestas-suns-dresiravimui","22":"product_tag-skanukai-sunims","23":"pa_pasaro-sudetis-antiena","24":"pa_prekiu-zenklai-fitmin-for-life","25":"pa_suns-amzius-jauniems","26":"pa_suns-amzius-senjorams","27":"pa_suns-amzius-suaugusiems","28":"pa_suns-amzius-visiems-amziams","29":"pa_veisles-dydis-didelems-veislems","30":"pa_veisles-dydis-mazoms-veislems","31":"pa_veisles-dydis-vidutinems-veislems","32":"pa_veisles-dydis-visu-dydziu-veislems","34":"first","35":"instock","36":"featured","37":"taxable","38":"shipping-taxable","39":"purchasable","40":"product-type-simple"},"acf":[],"_links":{"self":[{"href":"https:\/\/zooprekes24.lt\/lv\/wp-json\/wp\/v2\/product\/22108","targetHints":{"allow":["GET"]}}],"collection":[{"href":"https:\/\/zooprekes24.lt\/lv\/wp-json\/wp\/v2\/product"}],"about":[{"href":"https:\/\/zooprekes24.lt\/lv\/wp-json\/wp\/v2\/types\/product"}],"replies":[{"embeddable":true,"href":"https:\/\/zooprekes24.lt\/lv\/wp-json\/wp\/v2\/comments?post=22108"}],"wp:featuredmedia":[{"embeddable":true,"href":"https:\/\/zooprekes24.lt\/lv\/wp-json\/wp\/v2\/media\/45460"}],"wp:attachment":[{"href":"https:\/\/zooprekes24.lt\/lv\/wp-json\/wp\/v2\/media?parent=22108"}],"wp:term":[{"taxonomy":"product_brand","embeddable":true,"href":"https:\/\/zooprekes24.lt\/lv\/wp-json\/wp\/v2\/product_brand?post=22108"},{"taxonomy":"product_cat","embeddable":true,"href":"https:\/\/zooprekes24.lt\/lv\/wp-json\/wp\/v2\/product_cat?post=22108"},{"taxonomy":"product_tag","embeddable":true,"href":"https:\/\/zooprekes24.lt\/lv\/wp-json\/wp\/v2\/product_tag?post=22108"}],"curies":[{"name":"wp","href":"https:\/\/api.w.org\/{rel}","templated":true}]}}