{"id":22096,"date":"2024-04-18T21:19:39","date_gmt":"2024-04-18T18:19:39","guid":{"rendered":"https:\/\/zooprekes24.lt\/produktas\/carnilove-meat-jerky-duck-herring-fillet\/"},"modified":"2024-07-24T17:55:15","modified_gmt":"2024-07-24T14:55:15","slug":"carnilove-galas-zavejums-piles-silkes-fileja","status":"publish","type":"product","link":"https:\/\/zooprekes24.lt\/lv\/produktas\/carnilove-meat-jerky-duck-herring-fillet\/","title":{"rendered":"Carnilove Meat Jerky P\u012bles un si\u013c\u0137es filejas na\u0161\u0137i su\u0146iem 100 g"},"content":{"rendered":"<h3>Carnilove Meat Jerky Duck &amp; Herring Fillet - gar\u0161\u012bgi p\u012bles un si\u013c\u0137es filejas k\u0101rumi visiem pieaugu\u0161ajiem su\u0146iem. \u017derkija k\u0101rumi ir lielisks veids, k\u0101 tren\u0113t su\u0146a paklaus\u012bbu un stimul\u0113t vi\u0146a dabiskos instinktus.<\/h3>\n<ul>\n<li>90% gar\u0161\u012bga ga\u013ca.<\/li>\n<li><a href=\"https:\/\/www.youtube.com\/watch?v=FaA7GTyNrwA\" target=\"_blank\" rel=\"noopener\">Bez kvie\u0161iem, kr\u0101sviel\u0101m, \u0122MO un cukura<\/a>.<\/li>\n<li>Papildin\u0101ts ar dab\u012bgiem antioksidantiem.<\/li>\n<li><a href=\"https:\/\/zooprekes24.lt\/lv\/kategorija\/prekes-sunims\/sunu-degustatori\/minksti-kramtalai-sunims\/\" target=\"_blank\" rel=\"noopener\">Lieliski piem\u0113rots apm\u0101c\u012bbai<\/a>par balvu vai gar\u0161\u012bgu na\u0161\u0137i.<\/li>\n<li>\u012apa\u0161i gar\u0161\u012bgais arom\u0101ts un gar\u0161a apmierin\u0101s pat vispras\u012bg\u0101kos gard\u0113\u017eus.<\/li>\n<\/ul>","protected":false},"excerpt":{"rendered":"<p>Carnilove Meat Jerky Duck &amp; Herring Fillet &#8211; gard\u016bs antienos ir silk\u0117s fil\u0117 skan\u0117stai, skirti visiems suaugusiems \u0161unims. D\u017eiovintos m\u0117sos skan\u0117stai &#8211; puiki priemon\u0117 \u0161uns paklusnumui lavinti ir jo nat\u016braliems instinktams skatinti. 90% gard\u017eios m\u0117sos. Be kvie\u010di\u0173, da\u017eikli\u0173, GMO ir cukraus. Sud\u0117tis papildyta nat\u016braliais antioksidantais. Tobulai tinka treniravimui, atlygiui arba skaniai u\u017ek\u0105sti. Ypatingai gardus kvapas&#8230;<\/p>","protected":false},"featured_media":18942,"comment_status":"closed","ping_status":"closed","template":"","meta":{"_acf_changed":false,"slim_seo":{"title":"Carnilove Meat Jerky Duck & Herring Fillet skan\u0117stai \u0161unims 100 g - Zooprekes24","description":"Carnilove Meat Jerky Duck &amp; Herring Fillet - gar\u0161\u012bgi p\u012bles un si\u013c\u0137es filejas k\u0101rumi visiem pieaugu\u0161ajiem su\u0146iem. Jerky ga\u013cas na\u0161\u0137i - lieliski"},"iawp_total_views":48},"product_brand":[],"product_cat":[9031,9030,9010,8999,31,30],"product_tag":[887,888,901,903,376,385,386],"class_list":{"0":"post-22096","1":"product","2":"type-product","3":"status-publish","4":"has-post-thumbnail","6":"product_cat-carnilove","7":"product_cat-minksti-kramtalai","8":"product_cat-naturalus-skanestai","9":"product_cat-sunims","10":"product_cat-sunu-prekiu-gamintojai","11":"product_cat-sunu-skanestai","12":"product_tag-carni-love-skanestai-suniui","13":"product_tag-carni-love-sunu-skanestai","14":"product_tag-carnilove-sunu-maistas","15":"product_tag-karnilov-skanestai","16":"product_tag-kaulai-suniui","17":"product_tag-skanestas-suns-dresiravimui","18":"product_tag-skanukai-sunims","19":"pa_pasaro-sudetis-antiena","20":"pa_pasaro-sudetis-kalakutiena","21":"pa_pasaro-sudetis-zuvis","22":"pa_prekiu-zenklai-carnilove","23":"pa_suns-amzius-senjorams","24":"pa_suns-amzius-suaugusiems","25":"pa_veisles-dydis-didelems-veislems","26":"pa_veisles-dydis-mazoms-veislems","27":"pa_veisles-dydis-vidutinems-veislems","28":"pa_veisles-dydis-visu-dydziu-veislems","30":"first","31":"instock","32":"featured","33":"taxable","34":"shipping-taxable","35":"purchasable","36":"product-type-simple"},"acf":[],"_links":{"self":[{"href":"https:\/\/zooprekes24.lt\/lv\/wp-json\/wp\/v2\/product\/22096","targetHints":{"allow":["GET"]}}],"collection":[{"href":"https:\/\/zooprekes24.lt\/lv\/wp-json\/wp\/v2\/product"}],"about":[{"href":"https:\/\/zooprekes24.lt\/lv\/wp-json\/wp\/v2\/types\/product"}],"replies":[{"embeddable":true,"href":"https:\/\/zooprekes24.lt\/lv\/wp-json\/wp\/v2\/comments?post=22096"}],"wp:featuredmedia":[{"embeddable":true,"href":"https:\/\/zooprekes24.lt\/lv\/wp-json\/wp\/v2\/media\/18942"}],"wp:attachment":[{"href":"https:\/\/zooprekes24.lt\/lv\/wp-json\/wp\/v2\/media?parent=22096"}],"wp:term":[{"taxonomy":"product_brand","embeddable":true,"href":"https:\/\/zooprekes24.lt\/lv\/wp-json\/wp\/v2\/product_brand?post=22096"},{"taxonomy":"product_cat","embeddable":true,"href":"https:\/\/zooprekes24.lt\/lv\/wp-json\/wp\/v2\/product_cat?post=22096"},{"taxonomy":"product_tag","embeddable":true,"href":"https:\/\/zooprekes24.lt\/lv\/wp-json\/wp\/v2\/product_tag?post=22096"}],"curies":[{"name":"wp","href":"https:\/\/api.w.org\/{rel}","templated":true}]}}