{"id":22089,"date":"2024-04-18T21:19:28","date_gmt":"2024-04-18T18:19:28","guid":{"rendered":"https:\/\/zooprekes24.lt\/produktas\/hippie-pet-maiseliai-citrinu-kvapo\/"},"modified":"2025-12-30T19:15:50","modified_gmt":"2025-12-30T17:15:50","slug":"hipiju-maisini-majdzivniekiem-ar-citronu-aromatu","status":"publish","type":"product","link":"https:\/\/zooprekes24.lt\/lv\/produktas\/hippie-pet-maiseliai-citrinu-kvapo\/","title":{"rendered":"Hippie Pet maisi\u0146i su\u0146u izk\u0101rn\u012bjumiem, citronu smar\u017ea"},"content":{"rendered":"<h3>Ne katra pastaiga ar \u010detrk\u0101jaino draugu rada fiziolo\u0123iskas vajadz\u012bbas, ta\u010du m\u0101jdz\u012bvnieka \u012bpa\u0161niekam vienm\u0113r j\u0101b\u016bt gatavam, ka tas var notikt katras pastaigas laik\u0101. Hippie Pet su\u0146u izk\u0101rn\u012bjumu maisi\u0146i pal\u012bdz\u0113s vis\u0101s situ\u0101cij\u0101s, nodro\u0161inot, ka sakop\u0161ana p\u0113c su\u0146a k\u013c\u016bs par vieglu ritu\u0101lu bez negat\u012bv\u0101m emocij\u0101m \ud83d\ude42<\/h3>\n<ul>\n<li>Izm\u0113rs: 7 x 19 x 3 cm, dzi\u013cums: 6 cm.<\/li>\n<li>Iepakojum\u0101 ir 4 ru\u013c\u013ci ar 15 maisi\u0146iem.<\/li>\n<li>Univers\u0101ls izm\u0113rs, kas piem\u0113rots vis\u0101m su\u0146u \u0161\u0137irn\u0113m.<\/li>\n<li>Maisi\u0146i smar\u017eo p\u0113c citroniem un mask\u0113 nepat\u012bkamas smakas.<\/li>\n<li>Necaurlaid\u012bgs \u0161\u0137idrumiem, t\u0101p\u0113c varat b\u016bt dro\u0161i, ka saturs no t\u0101 neizpl\u016bd\u012bs.<\/li>\n<li>Hipiju m\u0101jdz\u012bvnieks <a href=\"https:\/\/zooprekes24.lt\/lv\/products\/kong-handipod-somas-komplekts-ar-piederumiem\/\" target=\"_blank\" rel=\"noopener\">su\u0146u kaku maisi\u0146i<\/a> viegli attais\u0101ms, viegli atrast somas s\u0101kumu pat aukst\u0101 laik\u0101.<\/li>\n<\/ul>","protected":false},"excerpt":{"rendered":"<p>Ne kiekvienas pasivaik\u0161\u010diojimas su keturkoju bi\u010diuliu baigiasi jo fiziologiniais poreikiais, ta\u010diau augintinio \u0161eimininkas visuomet turi b\u016bti tam pasiruo\u0161\u0119s kiekvieno pasivaik\u0161\u010diojimo metu. Hippie Pet mai\u0161eliai \u0161un\u0173 i\u0161matoms rinkti pagelb\u0117s visomis situacijomis, u\u017etikrinant, jog valymas po \u0161uns taps lengvu ritualu be neigiam\u0173 emocij\u0173 \ud83d\ude42 Dydis:\u00a07 x 19 x 3 cm, gylis: 6 cm. Pakuot\u0117je &#8211; 4 rulon\u0117liai&#8230;<\/p>","protected":false},"featured_media":18927,"comment_status":"closed","ping_status":"closed","template":"","meta":{"_acf_changed":false,"slim_seo":{"title":"Hippie Pet mai\u0161eliai \u0161un\u0173 i\u0161matoms, citrin\u0173 kvapo - Zooprekes24","description":"Ne katra pastaiga ar \u010detrk\u0101jaino draugu beidzas ar m\u0101jdz\u012bvnieka fiziolo\u0123iskaj\u0101m vajadz\u012bb\u0101m, ta\u010du dz\u012bvnieka \u012bpa\u0161niekam vienm\u0113r j\u0101b\u016bt tam gatavam."},"iawp_total_views":31},"product_brand":[],"product_cat":[9005,32,8999],"product_tag":[1239,1240,1245,1246],"class_list":{"0":"post-22089","1":"product","2":"type-product","3":"status-publish","4":"has-post-thumbnail","6":"product_cat-higienos-ir-valymo-priemones","7":"product_cat-kitos-sunu-prekes","8":"product_cat-sunims","9":"product_tag-fekaliju-maiseliai","10":"product_tag-ismatu-maiseliai","11":"product_tag-maiseliai-sunu-ekskrementams","12":"product_tag-maiseliai-sunu-ismatoms","13":"pa_prekiu-zenklai-hippie-pet","14":"pa_suns-amzius-jauniems","15":"pa_suns-amzius-senjorams","16":"pa_suns-amzius-suaugusiems","17":"pa_suns-amzius-visiems-amziams","18":"pa_veisles-dydis-didelems-veislems","19":"pa_veisles-dydis-mazoms-veislems","20":"pa_veisles-dydis-vidutinems-veislems","21":"pa_veisles-dydis-visu-dydziu-veislems","23":"first","24":"instock","25":"featured","26":"taxable","27":"shipping-taxable","28":"purchasable","29":"product-type-simple"},"acf":[],"_links":{"self":[{"href":"https:\/\/zooprekes24.lt\/lv\/wp-json\/wp\/v2\/product\/22089","targetHints":{"allow":["GET"]}}],"collection":[{"href":"https:\/\/zooprekes24.lt\/lv\/wp-json\/wp\/v2\/product"}],"about":[{"href":"https:\/\/zooprekes24.lt\/lv\/wp-json\/wp\/v2\/types\/product"}],"replies":[{"embeddable":true,"href":"https:\/\/zooprekes24.lt\/lv\/wp-json\/wp\/v2\/comments?post=22089"}],"wp:featuredmedia":[{"embeddable":true,"href":"https:\/\/zooprekes24.lt\/lv\/wp-json\/wp\/v2\/media\/18927"}],"wp:attachment":[{"href":"https:\/\/zooprekes24.lt\/lv\/wp-json\/wp\/v2\/media?parent=22089"}],"wp:term":[{"taxonomy":"product_brand","embeddable":true,"href":"https:\/\/zooprekes24.lt\/lv\/wp-json\/wp\/v2\/product_brand?post=22089"},{"taxonomy":"product_cat","embeddable":true,"href":"https:\/\/zooprekes24.lt\/lv\/wp-json\/wp\/v2\/product_cat?post=22089"},{"taxonomy":"product_tag","embeddable":true,"href":"https:\/\/zooprekes24.lt\/lv\/wp-json\/wp\/v2\/product_tag?post=22089"}],"curies":[{"name":"wp","href":"https:\/\/api.w.org\/{rel}","templated":true}]}}