{"id":22085,"date":"2024-04-18T21:19:28","date_gmt":"2024-04-18T18:19:28","guid":{"rendered":"https:\/\/zooprekes24.lt\/produktas\/royal-canin-anallergenic-katems\/"},"modified":"2025-07-28T19:16:43","modified_gmt":"2025-07-28T17:16:43","slug":"royal-canin-anallergenic-catems","status":"publish","type":"product","link":"https:\/\/zooprekes24.lt\/lv\/produktas\/royal-canin-anallergenic-katems\/","title":{"rendered":"Royal Canin Anallergenic saus\u0101 ka\u0137u bar\u012bba 2 kg"},"content":{"rendered":"<h3>S\u012bk\u0101ka inform\u0101cija par Royal Canin Anallergenic sauso ka\u0137u bar\u012bbu pa\u0161laik tiek izstr\u0101d\u0101ta.<\/h3>\n<p><img loading=\"lazy\" decoding=\"async\" class=\"alignnone wp-image-18906\" src=\"https:\/\/zooprekes24.lt\/wp-content\/uploads\/RC-mature-cat-e1677093599578.png\" alt=\"Royal Canin Mature Consult saus\u0101 ka\u0137u bar\u012bba\" width=\"300\" height=\"284\" srcset=\"https:\/\/zooprekes24.lt\/wp-content\/uploads\/RC-mature-cat-e1677093599578.png 1600w, https:\/\/zooprekes24.lt\/wp-content\/uploads\/RC-mature-cat-e1677093599578-300x284.png 300w, https:\/\/zooprekes24.lt\/wp-content\/uploads\/RC-mature-cat-e1677093599578-1024x970.png 1024w, https:\/\/zooprekes24.lt\/wp-content\/uploads\/RC-mature-cat-e1677093599578-600x568.png 600w, https:\/\/zooprekes24.lt\/wp-content\/uploads\/RC-mature-cat-e1677093599578-1440x1364.png 1440w\" sizes=\"auto, (max-width: 300px) 100vw, 300px\" \/><\/p>","protected":false},"excerpt":{"rendered":"<p>S\u012bk\u0101ka inform\u0101cija par Royal Canin Anallergenic sauso ka\u0137u bar\u012bbu pa\u0161laik tiek izstr\u0101d\u0101ta.<\/p>","protected":false},"featured_media":18907,"comment_status":"closed","ping_status":"closed","template":"","meta":{"_acf_changed":false,"slim_seo":{"title":"Royal Canin Anallergenic sausas maistas kat\u0117ms 2 kg - Zooprekes24","description":"S\u012bk\u0101ka inform\u0101cija par Royal Canin Anallergenic sauso ka\u0137u bar\u012bbu pa\u0161laik tiek izstr\u0101d\u0101ta."},"iawp_total_views":502},"product_brand":[],"product_cat":[72,83,25,9242,9016,9037],"product_tag":[5069,1817,1675,1682,1696],"class_list":{"0":"post-22085","1":"product","2":"type-product","3":"status-publish","4":"has-post-thumbnail","6":"product_cat-kaciu-maistas","7":"product_cat-kaciu-prekiu-gamintojai","8":"product_cat-katems","9":"product_cat-royal-canin-veterinary-diets-katems","10":"product_cat-sausas-maistas-kaciu-maistas","11":"product_cat-veterinarine-dieta-kaciu-maistas","12":"product_tag-alergiska-kate","13":"product_tag-edalas-katems","14":"product_tag-kaciu-edalas","15":"product_tag-kaciu-maistas-super-premium-klases","16":"product_tag-super-premium-maistas-katems","17":"pa_prekiu-zenklai-royal-canin-veterinary-diets","19":"first","20":"instock","21":"taxable","22":"shipping-taxable","23":"purchasable","24":"product-type-simple"},"acf":[],"_links":{"self":[{"href":"https:\/\/zooprekes24.lt\/lv\/wp-json\/wp\/v2\/product\/22085","targetHints":{"allow":["GET"]}}],"collection":[{"href":"https:\/\/zooprekes24.lt\/lv\/wp-json\/wp\/v2\/product"}],"about":[{"href":"https:\/\/zooprekes24.lt\/lv\/wp-json\/wp\/v2\/types\/product"}],"replies":[{"embeddable":true,"href":"https:\/\/zooprekes24.lt\/lv\/wp-json\/wp\/v2\/comments?post=22085"}],"wp:featuredmedia":[{"embeddable":true,"href":"https:\/\/zooprekes24.lt\/lv\/wp-json\/wp\/v2\/media\/18907"}],"wp:attachment":[{"href":"https:\/\/zooprekes24.lt\/lv\/wp-json\/wp\/v2\/media?parent=22085"}],"wp:term":[{"taxonomy":"product_brand","embeddable":true,"href":"https:\/\/zooprekes24.lt\/lv\/wp-json\/wp\/v2\/product_brand?post=22085"},{"taxonomy":"product_cat","embeddable":true,"href":"https:\/\/zooprekes24.lt\/lv\/wp-json\/wp\/v2\/product_cat?post=22085"},{"taxonomy":"product_tag","embeddable":true,"href":"https:\/\/zooprekes24.lt\/lv\/wp-json\/wp\/v2\/product_tag?post=22085"}],"curies":[{"name":"wp","href":"https:\/\/api.w.org\/{rel}","templated":true}]}}