{"id":22080,"date":"2024-04-18T21:19:28","date_gmt":"2024-04-18T18:19:28","guid":{"rendered":"https:\/\/zooprekes24.lt\/produktas\/royal-canin-urinary-so-small-dog\/"},"modified":"2025-07-28T19:26:31","modified_gmt":"2025-07-28T17:26:31","slug":"royal-canin-urinesana-maziem-suniem","status":"publish","type":"product","link":"https:\/\/zooprekes24.lt\/lv\/produktas\/royal-canin-urinary-so-small-dog\/","title":{"rendered":"Royal Canin Urinary S\/O Small Dog saus\u0101 bar\u012bba su\u0146iem 1,5 kg"},"content":{"rendered":"<h3>Detaliz\u0113ta inform\u0101cija par Royal Canin Urinary S\/O Small Dog sauso bar\u012bbu su\u0146iem tiek izstr\u0101d\u0101ta.<\/h3>\n<p><img loading=\"lazy\" decoding=\"async\" class=\"alignnone wp-image-18284\" src=\"https:\/\/zooprekes24.lt\/wp-content\/uploads\/vhn-all-territories-packaging-emblematic-adult-small-dog-1-1.png\" alt=\"\" width=\"300\" height=\"300\" srcset=\"https:\/\/zooprekes24.lt\/wp-content\/uploads\/vhn-all-territories-packaging-emblematic-adult-small-dog-1-1.png 1600w, https:\/\/zooprekes24.lt\/wp-content\/uploads\/vhn-all-territories-packaging-emblematic-adult-small-dog-1-1-300x300.png 300w, https:\/\/zooprekes24.lt\/wp-content\/uploads\/vhn-all-territories-packaging-emblematic-adult-small-dog-1-1-1024x1024.png 1024w, https:\/\/zooprekes24.lt\/wp-content\/uploads\/vhn-all-territories-packaging-emblematic-adult-small-dog-1-1-150x150.png 150w, https:\/\/zooprekes24.lt\/wp-content\/uploads\/vhn-all-territories-packaging-emblematic-adult-small-dog-1-1-600x600.png 600w, https:\/\/zooprekes24.lt\/wp-content\/uploads\/vhn-all-territories-packaging-emblematic-adult-small-dog-1-1-50x50.png 50w, https:\/\/zooprekes24.lt\/wp-content\/uploads\/vhn-all-territories-packaging-emblematic-adult-small-dog-1-1-100x100.png 100w, https:\/\/zooprekes24.lt\/wp-content\/uploads\/vhn-all-territories-packaging-emblematic-adult-small-dog-1-1-1440x1440.png 1440w\" sizes=\"auto, (max-width: 300px) 100vw, 300px\" \/><\/p>","protected":false},"excerpt":{"rendered":"<p>Detaliz\u0113ta inform\u0101cija par Royal Canin Urinary S\/O Small Dog sauso bar\u012bbu su\u0146iem tiek izstr\u0101d\u0101ta.<\/p>","protected":false},"featured_media":18888,"comment_status":"closed","ping_status":"closed","template":"","meta":{"_acf_changed":false,"slim_seo":{"title":"Royal Canin Urinary S\/O Small Dog sausas maistas \u0161unims 1.5 kg - Zooprekes24","description":"Detaliz\u0113ta inform\u0101cija par Royal Canin Urinary S\/O Small Dog sauso bar\u012bbu su\u0146iem tiek izstr\u0101d\u0101ta."},"iawp_total_views":401},"product_brand":[],"product_cat":[9241,9002,8999,29,31,9035],"product_tag":[4807,177,200],"class_list":{"0":"post-22080","1":"product","2":"type-product","3":"status-publish","4":"has-post-thumbnail","6":"product_cat-royal-canin-veterinary-diets-sunims","7":"product_cat-sausas-maistas","8":"product_cat-sunims","9":"product_cat-sunu-maistas","10":"product_cat-sunu-prekiu-gamintojai","11":"product_cat-veterinarine-dieta","12":"product_tag-akmenlige-sunims","13":"product_tag-edalas-sunims","14":"product_tag-super-premium-maistas-sunims","15":"pa_pasaro-sudetis-darzoves","16":"pa_pasaro-sudetis-paukstiena","17":"pa_pasaro-sudetis-ryziai","18":"pa_prekiu-zenklai-royal-canin-veterinary-diets","19":"pa_suns-amzius-senjorams","20":"pa_suns-amzius-suaugusiems","21":"pa_veisles-dydis-mazoms-veislems","23":"first","24":"instock","25":"taxable","26":"shipping-taxable","27":"purchasable","28":"product-type-simple"},"acf":[],"_links":{"self":[{"href":"https:\/\/zooprekes24.lt\/lv\/wp-json\/wp\/v2\/product\/22080","targetHints":{"allow":["GET"]}}],"collection":[{"href":"https:\/\/zooprekes24.lt\/lv\/wp-json\/wp\/v2\/product"}],"about":[{"href":"https:\/\/zooprekes24.lt\/lv\/wp-json\/wp\/v2\/types\/product"}],"replies":[{"embeddable":true,"href":"https:\/\/zooprekes24.lt\/lv\/wp-json\/wp\/v2\/comments?post=22080"}],"wp:featuredmedia":[{"embeddable":true,"href":"https:\/\/zooprekes24.lt\/lv\/wp-json\/wp\/v2\/media\/18888"}],"wp:attachment":[{"href":"https:\/\/zooprekes24.lt\/lv\/wp-json\/wp\/v2\/media?parent=22080"}],"wp:term":[{"taxonomy":"product_brand","embeddable":true,"href":"https:\/\/zooprekes24.lt\/lv\/wp-json\/wp\/v2\/product_brand?post=22080"},{"taxonomy":"product_cat","embeddable":true,"href":"https:\/\/zooprekes24.lt\/lv\/wp-json\/wp\/v2\/product_cat?post=22080"},{"taxonomy":"product_tag","embeddable":true,"href":"https:\/\/zooprekes24.lt\/lv\/wp-json\/wp\/v2\/product_tag?post=22080"}],"curies":[{"name":"wp","href":"https:\/\/api.w.org\/{rel}","templated":true}]}}