{"id":22076,"date":"2024-04-18T21:19:28","date_gmt":"2024-04-18T18:19:28","guid":{"rendered":"https:\/\/zooprekes24.lt\/produktas\/royal-canin-gastrointestinal-low-fat\/"},"modified":"2025-07-28T19:29:19","modified_gmt":"2025-07-28T17:29:19","slug":"royal-canin-gastrointestinal-zema-tauku-satura","status":"publish","type":"product","link":"https:\/\/zooprekes24.lt\/lv\/produktas\/royal-canin-gastrointestinal-low-fat\/","title":{"rendered":"Royal Canin Gastrointestinal Low Fat saus\u0101 bar\u012bba su\u0146iem 1,5 kg"},"content":{"rendered":"<h3>Detaliz\u0113ta inform\u0101cija par Royal Canin Gastrointestinal Low Fat Dry Food for Dogs tiek izstr\u0101d\u0101ta.<\/h3>\n<p><img loading=\"lazy\" decoding=\"async\" class=\"alignnone wp-image-18860\" src=\"https:\/\/zooprekes24.lt\/wp-content\/uploads\/hypoallergic-logo.png\" alt=\"Royal Canin Adult Medium Dog saus\u0101 bar\u012bba su\u0146iem\" width=\"300\" height=\"313\" srcset=\"https:\/\/zooprekes24.lt\/wp-content\/uploads\/hypoallergic-logo.png 1600w, https:\/\/zooprekes24.lt\/wp-content\/uploads\/hypoallergic-logo-288x300.png 288w, https:\/\/zooprekes24.lt\/wp-content\/uploads\/hypoallergic-logo-984x1024.png 984w, https:\/\/zooprekes24.lt\/wp-content\/uploads\/hypoallergic-logo-600x624.png 600w, https:\/\/zooprekes24.lt\/wp-content\/uploads\/hypoallergic-logo-577x600.png 577w, https:\/\/zooprekes24.lt\/wp-content\/uploads\/hypoallergic-logo-1384x1440.png 1384w\" sizes=\"auto, (max-width: 300px) 100vw, 300px\" \/><\/p>","protected":false},"excerpt":{"rendered":"<p>Detaliz\u0113ta inform\u0101cija par Royal Canin Gastrointestinal Low Fat Dry Food for Dogs tiek izstr\u0101d\u0101ta.<\/p>","protected":false},"featured_media":18869,"comment_status":"closed","ping_status":"closed","template":"","meta":{"_acf_changed":false,"slim_seo":{"title":"Royal Canin Gastrointestinal Low Fat sausas maistas \u0161unims 1.5 kg - Zooprekes24","description":"Detaliz\u0113ta inform\u0101cija par Royal Canin Gastrointestinal Low Fat Dry Food for Dogs tiek izstr\u0101d\u0101ta."},"iawp_total_views":690},"product_brand":[],"product_cat":[9241,9002,8999,29,31,9035],"product_tag":[177,4849,4300,200],"class_list":{"0":"post-22076","1":"product","2":"type-product","3":"status-publish","4":"has-post-thumbnail","6":"product_cat-royal-canin-veterinary-diets-sunims","7":"product_cat-sausas-maistas","8":"product_cat-sunims","9":"product_cat-sunu-maistas","10":"product_cat-sunu-prekiu-gamintojai","11":"product_cat-veterinarine-dieta","12":"product_tag-edalas-sunims","13":"product_tag-maistas-sunims-su-skrandzio-problemomis","14":"product_tag-suns-letinis-viduriavimas","15":"product_tag-super-premium-maistas-sunims","16":"pa_pasaro-sudetis-paukstiena","17":"pa_pasaro-sudetis-ryziai","18":"pa_prekiu-zenklai-royal-canin-veterinary-diets","19":"pa_suns-amzius-senjorams","20":"pa_suns-amzius-suaugusiems","21":"pa_veisles-dydis-didelems-veislems","22":"pa_veisles-dydis-mazoms-veislems","23":"pa_veisles-dydis-vidutinems-veislems","24":"pa_veisles-dydis-visu-dydziu-veislems","26":"first","27":"instock","28":"taxable","29":"shipping-taxable","30":"purchasable","31":"product-type-simple"},"acf":[],"_links":{"self":[{"href":"https:\/\/zooprekes24.lt\/lv\/wp-json\/wp\/v2\/product\/22076","targetHints":{"allow":["GET"]}}],"collection":[{"href":"https:\/\/zooprekes24.lt\/lv\/wp-json\/wp\/v2\/product"}],"about":[{"href":"https:\/\/zooprekes24.lt\/lv\/wp-json\/wp\/v2\/types\/product"}],"replies":[{"embeddable":true,"href":"https:\/\/zooprekes24.lt\/lv\/wp-json\/wp\/v2\/comments?post=22076"}],"wp:featuredmedia":[{"embeddable":true,"href":"https:\/\/zooprekes24.lt\/lv\/wp-json\/wp\/v2\/media\/18869"}],"wp:attachment":[{"href":"https:\/\/zooprekes24.lt\/lv\/wp-json\/wp\/v2\/media?parent=22076"}],"wp:term":[{"taxonomy":"product_brand","embeddable":true,"href":"https:\/\/zooprekes24.lt\/lv\/wp-json\/wp\/v2\/product_brand?post=22076"},{"taxonomy":"product_cat","embeddable":true,"href":"https:\/\/zooprekes24.lt\/lv\/wp-json\/wp\/v2\/product_cat?post=22076"},{"taxonomy":"product_tag","embeddable":true,"href":"https:\/\/zooprekes24.lt\/lv\/wp-json\/wp\/v2\/product_tag?post=22076"}],"curies":[{"name":"wp","href":"https:\/\/api.w.org\/{rel}","templated":true}]}}