{"id":22075,"date":"2024-04-18T21:19:28","date_gmt":"2024-04-18T18:19:28","guid":{"rendered":"https:\/\/zooprekes24.lt\/produktas\/royal-canin-gastrointestinal-puppy\/"},"modified":"2025-07-28T19:30:48","modified_gmt":"2025-07-28T17:30:48","slug":"royal-canin-kucens-kunga-zarnu-trakta-kucens","status":"publish","type":"product","link":"https:\/\/zooprekes24.lt\/lv\/produktas\/royal-canin-gastrointestinal-puppy\/","title":{"rendered":"Royal Canin Gastrointestinal Puppy saus\u0101 bar\u012bba kuc\u0113niem 2,5 kg"},"content":{"rendered":"<h3>Detaliz\u0113ta inform\u0101cija par Royal Canin Gastrointestinal Puppy sauso bar\u012bbu kuc\u0113niem pa\u0161laik tiek izstr\u0101d\u0101ta.<\/h3>\n<p><img loading=\"lazy\" decoding=\"async\" class=\"alignnone wp-image-18866\" src=\"https:\/\/zooprekes24.lt\/wp-content\/uploads\/vhn-packaging-emblematic-puppy-vhn-transversal-packaging-charter-2-e1676458338287.png\" alt=\"\" width=\"300\" height=\"294\" srcset=\"https:\/\/zooprekes24.lt\/wp-content\/uploads\/vhn-packaging-emblematic-puppy-vhn-transversal-packaging-charter-2-e1676458338287.png 1600w, https:\/\/zooprekes24.lt\/wp-content\/uploads\/vhn-packaging-emblematic-puppy-vhn-transversal-packaging-charter-2-e1676458338287-300x294.png 300w, https:\/\/zooprekes24.lt\/wp-content\/uploads\/vhn-packaging-emblematic-puppy-vhn-transversal-packaging-charter-2-e1676458338287-1024x1003.png 1024w, https:\/\/zooprekes24.lt\/wp-content\/uploads\/vhn-packaging-emblematic-puppy-vhn-transversal-packaging-charter-2-e1676458338287-600x588.png 600w, https:\/\/zooprekes24.lt\/wp-content\/uploads\/vhn-packaging-emblematic-puppy-vhn-transversal-packaging-charter-2-e1676458338287-50x50.png 50w, https:\/\/zooprekes24.lt\/wp-content\/uploads\/vhn-packaging-emblematic-puppy-vhn-transversal-packaging-charter-2-e1676458338287-1440x1410.png 1440w\" sizes=\"auto, (max-width: 300px) 100vw, 300px\" \/><\/p>","protected":false},"excerpt":{"rendered":"<p>Detaliz\u0113ta inform\u0101cija par Royal Canin Gastrointestinal Puppy sauso bar\u012bbu kuc\u0113niem pa\u0161laik tiek izstr\u0101d\u0101ta.<\/p>","protected":false},"featured_media":18867,"comment_status":"closed","ping_status":"closed","template":"","meta":{"_acf_changed":false,"slim_seo":{"title":"Royal Canin Gastrointestinal Puppy sausas maistas \u0161uniukams 2.5 kg - Zooprekes24","description":"Detaliz\u0113ta inform\u0101cija par Royal Canin Gastrointestinal Puppy sauso bar\u012bbu kuc\u0113niem pa\u0161laik tiek izstr\u0101d\u0101ta."},"iawp_total_views":371},"product_brand":[],"product_cat":[9241,9002,8999,29,31,9035],"product_tag":[177,4849,4300,200],"class_list":{"0":"post-22075","1":"product","2":"type-product","3":"status-publish","4":"has-post-thumbnail","6":"product_cat-royal-canin-veterinary-diets-sunims","7":"product_cat-sausas-maistas","8":"product_cat-sunims","9":"product_cat-sunu-maistas","10":"product_cat-sunu-prekiu-gamintojai","11":"product_cat-veterinarine-dieta","12":"product_tag-edalas-sunims","13":"product_tag-maistas-sunims-su-skrandzio-problemomis","14":"product_tag-suns-letinis-viduriavimas","15":"product_tag-super-premium-maistas-sunims","16":"pa_pasaro-sudetis-paukstiena","17":"pa_pasaro-sudetis-ryziai","18":"pa_prekiu-zenklai-royal-canin-veterinary-diets","19":"pa_suns-amzius-jauniems","20":"pa_veisles-dydis-didelems-veislems","21":"pa_veisles-dydis-mazoms-veislems","22":"pa_veisles-dydis-vidutinems-veislems","23":"pa_veisles-dydis-visu-dydziu-veislems","25":"first","26":"instock","27":"taxable","28":"shipping-taxable","29":"purchasable","30":"product-type-simple"},"acf":[],"_links":{"self":[{"href":"https:\/\/zooprekes24.lt\/lv\/wp-json\/wp\/v2\/product\/22075","targetHints":{"allow":["GET"]}}],"collection":[{"href":"https:\/\/zooprekes24.lt\/lv\/wp-json\/wp\/v2\/product"}],"about":[{"href":"https:\/\/zooprekes24.lt\/lv\/wp-json\/wp\/v2\/types\/product"}],"replies":[{"embeddable":true,"href":"https:\/\/zooprekes24.lt\/lv\/wp-json\/wp\/v2\/comments?post=22075"}],"wp:featuredmedia":[{"embeddable":true,"href":"https:\/\/zooprekes24.lt\/lv\/wp-json\/wp\/v2\/media\/18867"}],"wp:attachment":[{"href":"https:\/\/zooprekes24.lt\/lv\/wp-json\/wp\/v2\/media?parent=22075"}],"wp:term":[{"taxonomy":"product_brand","embeddable":true,"href":"https:\/\/zooprekes24.lt\/lv\/wp-json\/wp\/v2\/product_brand?post=22075"},{"taxonomy":"product_cat","embeddable":true,"href":"https:\/\/zooprekes24.lt\/lv\/wp-json\/wp\/v2\/product_cat?post=22075"},{"taxonomy":"product_tag","embeddable":true,"href":"https:\/\/zooprekes24.lt\/lv\/wp-json\/wp\/v2\/product_tag?post=22075"}],"curies":[{"name":"wp","href":"https:\/\/api.w.org\/{rel}","templated":true}]}}