{"id":22059,"date":"2024-04-18T21:19:18","date_gmt":"2024-04-18T18:19:18","guid":{"rendered":"https:\/\/zooprekes24.lt\/produktas\/anju-beaute-dantu-prieziuros-rinkinys\/"},"modified":"2024-09-10T16:03:45","modified_gmt":"2024-09-10T13:03:45","slug":"anju-beaute-dantu-prieziuros-rinkinys","status":"publish","type":"product","link":"https:\/\/zooprekes24.lt\/lv\/produktas\/anju-beaute-dantu-prieziuros-rinkinys\/","title":{"rendered":"Anju Beaut\u00e9 Zobu kop\u0161anas komplekts su\u0146iem"},"content":{"rendered":"<h3>Pamatojoties uz jaun\u0101kajiem sasniegumiem kosmetolo\u0123ij\u0101 <a href=\"https:\/\/www.youtube.com\/watch?v=AD0U3KNTpSA\" target=\"_blank\" rel=\"noopener\">Anju Beaut\u00e9 Paris<\/a> laboratorija suk\u016br\u0117 i\u0161skirtin\u012f auk\u0161\u010diausios kokyb\u0117s augintini\u0173 prie\u017ei\u016bros produkt\u0173 asortiment\u0105. Anju Beaut\u00e9 dant\u0173 prie\u017ei\u016bros rinkinys \u0161unims\u00a0&#8211; dant\u0173 gelis, dvigubas \u0161epet\u0117lis ir antpir\u0161tis \u2013 priemon\u0117s, kurios pad\u0117s palaikyti ne tik sveikus augintinio dantis bet ir gaiv\u0173 burnos kvap\u0105.<\/h3>\n<ul>\n<li><strong>Var pal\u012bdz\u0113t nov\u0113rst akme\u0146u veido\u0161anos.\u00a0<\/strong>Regul\u0101ra zobu \u017eelejas lieto\u0161ana var pal\u012bdz\u0113t nov\u0113rst zobu aplikuma un zobakmens veido\u0161anos, nov\u0113rst sliktu elpu un no\u0146emt \u0113diena atliekas.<\/li>\n<li><strong>Piem\u0113rots jauniem m\u0101jdz\u012bvniekiem. <\/strong>Tam, kad i\u0161vengtum\u0117te dant\u0173 problem\u0173, augintinio burnos higiena reikia prad\u0117ti r\u016bpintis jau nuo ma\u017e\u0173 dien\u0173. Specialiai sukurta dant\u0173 gelio formul\u0117 yra ypatingai \u0161velni, tad yra tinkama net ir patiems ma\u017eiausiems &#8211; \u0161uniukams nuo 3 m\u0117nesi\u0173 am\u017eiaus.<\/li>\n<li><strong>vesel\u012bga mutes dobuma higi\u0113na.\u00a0<\/strong>M\u0101jdz\u012bvnieka smaganas tiek mas\u0113tas, lai aktiviz\u0113tu asinsriti smaganu audos un uzlabotu visp\u0101r\u0113jo smaganu vesel\u012bbu. Regul\u0101ra smaganu mas\u0101\u017ea var izrais\u012bt smaganu epit\u0113lija sabiez\u0113\u0161anu. Smaganu epit\u0113lijs ir smaganu audu \u0101r\u0113jais sl\u0101nis, kas pal\u012bdz aizsarg\u0101t su\u0146a smaganas no bakt\u0113rij\u0101m, kuras var izrais\u012bt infekcijas.<\/li>\n<li><strong>Bakt\u0113riju profilakse.\u00a0<\/strong>Daudzas bakt\u0113rijas, kas izraisa smaganu slim\u012bbas, ir anaerobas bakt\u0113rijas, kas plaukst vid\u0113, kur\u0101 sk\u0101bek\u013ca ir maz vai t\u0101 nav visp\u0101r. Papildu sk\u0101bek\u013ca pieg\u0101de smaganu audiem smaganu mas\u0101\u017eas laik\u0101 var pal\u012bdz\u0113t izn\u012bcin\u0101t daudzas no \u0161\u012bm bakt\u0113rij\u0101m.<\/li>\n<\/ul>\n<h3>Zobu kop\u0161anas komplekt\u0101 ietilpst:<\/h3>\n<ul>\n<li><strong>Dubult\u0101 zobu birste.<\/strong> Zobu birste ar div\u0101m galvi\u0146\u0101m \u013cauj t\u012br\u012bt vair\u0101kas zobu puses vienlaikus, t\u0101p\u0113c t\u012br\u012b\u0161ana ir \u0101tra un efekt\u012bva.<\/li>\n<li><strong>Uzpirkstenis<\/strong>. M\u012bkstais pirkstu spilventi\u0146\u0161 ir ieteicams jut\u012bgiem su\u0146iem, \u013caujot viegli kontrol\u0113t spiedienu uz m\u0101jdz\u012bvnieka zobiem.<\/li>\n<li><strong>Zobu \u017eeleja.<\/strong> T\u0101 satur piparm\u0113tru \u0113terisko e\u013c\u013cu un za\u013co m\u0101lu, kas pal\u012bdz c\u012bn\u012bties ar zobu aplikumu un sliktu elpu.<\/li>\n<\/ul>","protected":false},"excerpt":{"rendered":"<p>Remdamiesi naujausiais kosmetologijos pasiekimais Anju Beaut\u00e9 Paris laboratorija suk\u016br\u0117 i\u0161skirtin\u012f auk\u0161\u010diausios kokyb\u0117s augintini\u0173 prie\u017ei\u016bros produkt\u0173 asortiment\u0105. Anju Beaut\u00e9 dant\u0173 prie\u017ei\u016bros rinkinys \u0161unims\u00a0&#8211; dant\u0173 gelis, dvigubas \u0161epet\u0117lis ir antpir\u0161tis \u2013 priemon\u0117s, kurios pad\u0117s palaikyti ne tik sveikus augintinio dantis bet ir gaiv\u0173 burnos kvap\u0105. Gali pad\u0117ti i\u0161vengti akmen\u0173 susidarymo.\u00a0Reguliarus dant\u0173 gelio naudojimas gali pad\u0117ti i\u0161vengti dant\u0173&#8230;<\/p>","protected":false},"featured_media":18835,"comment_status":"closed","ping_status":"closed","template":"","meta":{"_acf_changed":false,"slim_seo":{"title":"Anju Beaut\u00e9 dant\u0173 prie\u017ei\u016bros rinkinys \u0161unims - Zooprekes24","description":"Balstoties uz jaun\u0101kajiem sasniegumiem kosmetolo\u0123ij\u0101, Anju Beaut\u00e9 Paris laboratorija ir izstr\u0101d\u0101jusi ekskluz\u012bvu augst\u0101k\u0101s kvalit\u0101tes m\u0101jdz\u012bvnieku kop\u0161anas l\u012bdzek\u013cu kl\u0101stu."},"iawp_total_views":60},"product_brand":[],"product_cat":[9046,32,9026,8999,31],"product_tag":[],"class_list":{"0":"post-22059","1":"product","2":"type-product","3":"status-publish","4":"has-post-thumbnail","6":"product_cat-anju-beaute-sunims","7":"product_cat-kitos-sunu-prekes","8":"product_cat-prieziuros-priemones-sunims","9":"product_cat-sunims","10":"product_cat-sunu-prekiu-gamintojai","11":"pa_prekiu-zenklai-anju-beaute","12":"pa_suns-amzius-jauniems","13":"pa_suns-amzius-senjorams","14":"pa_suns-amzius-suaugusiems","15":"pa_suns-amzius-visiems-amziams","16":"pa_veisles-dydis-didelems-veislems","17":"pa_veisles-dydis-mazoms-veislems","18":"pa_veisles-dydis-vidutinems-veislems","19":"pa_veisles-dydis-visu-dydziu-veislems","21":"first","22":"instock","23":"featured","24":"taxable","25":"shipping-taxable","26":"purchasable","27":"product-type-simple"},"acf":[],"_links":{"self":[{"href":"https:\/\/zooprekes24.lt\/lv\/wp-json\/wp\/v2\/product\/22059","targetHints":{"allow":["GET"]}}],"collection":[{"href":"https:\/\/zooprekes24.lt\/lv\/wp-json\/wp\/v2\/product"}],"about":[{"href":"https:\/\/zooprekes24.lt\/lv\/wp-json\/wp\/v2\/types\/product"}],"replies":[{"embeddable":true,"href":"https:\/\/zooprekes24.lt\/lv\/wp-json\/wp\/v2\/comments?post=22059"}],"wp:featuredmedia":[{"embeddable":true,"href":"https:\/\/zooprekes24.lt\/lv\/wp-json\/wp\/v2\/media\/18835"}],"wp:attachment":[{"href":"https:\/\/zooprekes24.lt\/lv\/wp-json\/wp\/v2\/media?parent=22059"}],"wp:term":[{"taxonomy":"product_brand","embeddable":true,"href":"https:\/\/zooprekes24.lt\/lv\/wp-json\/wp\/v2\/product_brand?post=22059"},{"taxonomy":"product_cat","embeddable":true,"href":"https:\/\/zooprekes24.lt\/lv\/wp-json\/wp\/v2\/product_cat?post=22059"},{"taxonomy":"product_tag","embeddable":true,"href":"https:\/\/zooprekes24.lt\/lv\/wp-json\/wp\/v2\/product_tag?post=22059"}],"curies":[{"name":"wp","href":"https:\/\/api.w.org\/{rel}","templated":true}]}}