{"id":22058,"date":"2024-04-18T21:19:18","date_gmt":"2024-04-18T18:19:18","guid":{"rendered":"https:\/\/zooprekes24.lt\/produktas\/anju-beaute-zirkles-nagams-l\/"},"modified":"2024-09-10T16:06:09","modified_gmt":"2024-09-10T13:06:09","slug":"anju-beaute-nagu-skeres-l","status":"publish","type":"product","link":"https:\/\/zooprekes24.lt\/lv\/produktas\/anju-beaute-zirkles-nagams-l\/","title":{"rendered":"Anju Beaut\u00e9 nagu \u0161\u0137\u0113res, L"},"content":{"rendered":"<h3>Balstoties uz jaun\u0101kajiem sasniegumiem kosmetolo\u0123ij\u0101, Anju Beaut\u00e9 Paris laboratorija ir izstr\u0101d\u0101jusi ekskluz\u012bvu augst\u0101k\u0101s kvalit\u0101tes m\u0101jdz\u012bvnieku kop\u0161anas l\u012bdzek\u013cu kl\u0101stu. Anju Beaut\u00e9 nagu griez\u0113ji ir oblig\u0101ts piederums katra m\u0101jdz\u012bvnieka \u012bpa\u0161nieka apr\u016bpes somi\u0146\u0101.<\/h3>\n<ul>\n<li>Ra\u017eots Francij\u0101 \ud83c\uddeb\ud83c\uddf7<\/li>\n<li>\u0160\u0137\u0113res ir apr\u012bkotas ar \u012bpa\u0161u sl\u0113dzeni, lai t\u0101s var\u0113tu dro\u0161i p\u0101rvietot no vienas vietas uz citu.<\/li>\n<li>Kompakt\u0101s un r\u016bp\u012bgi izgatavot\u0101s \u0161\u0137\u0113res ir piem\u0113rotas vid\u0113ju un lielu \u0161\u0137ir\u0146u nagu apgrie\u0161anai.<\/li>\n<li>Pateicoties r\u016bp\u012bgi atlietajiem asme\u0146iem, \u0161\u0137\u0113res ne tikai prec\u012bzi grie\u017e, bet ar\u012b nodro\u0161ina maksim\u0101lu asumu.<\/li>\n<li>\u0160\u0137\u0113res ir izliektas, t\u0101p\u0113c to gali ir \u012bpa\u0161i piel\u0101goti dz\u012bvnieka izliektajam nagam, t\u0101p\u0113c ar \u0161\u012bm \u0161\u0137\u0113r\u0113m var profesion\u0101li un viegli griezt nagus.<\/li>\n<li>Asme\u0146i ir izgatavoti no dzelzs, t\u0101p\u0113c tie ir \u013coti iztur\u012bgi un kvalitat\u012bvi. Grie\u017eot biez\u0101kus nagus, nav j\u0101uztraucas par to, ka asme\u0146i var deform\u0113ties vai cit\u0101di saboj\u0101ties.<\/li>\n<li><a href=\"https:\/\/www.youtube.com\/watch?v=AD0U3KNTpSA\" target=\"_blank\" rel=\"noopener\">Anju Beaut\u00e9<\/a> \u0160\u0137\u0113ru rokturi ir p\u0101rkl\u0101ti ar speci\u0101lu nesl\u012bdo\u0161a materi\u0101la p\u0101rkl\u0101jumu, t\u0101p\u0113c pat tad, ja j\u016bsu m\u012blulis vicin\u0101s, varat b\u016bt dro\u0161i, ka \u0161\u0137\u0113res neizl\u012bd\u0113s no rok\u0101m un nesavainos j\u016bsu m\u012bluli vai j\u016bs pa\u0161u.<\/li>\n<\/ul>","protected":false},"excerpt":{"rendered":"<p>Remdamiesi naujausiais kosmetologijos pasiekimais Anju Beaut\u00e9 Paris laboratorija suk\u016br\u0117 i\u0161skirtin\u012f auk\u0161\u010diausios kokyb\u0117s augintini\u0173 prie\u017ei\u016bros produkt\u0173 asortiment\u0105. Anju Beaut\u00e9 \u017eirkl\u0117s nagams\u00a0&#8211; priemon\u0117, kuri turi b\u016bti kiekvieno gyv\u016bno augintojo prie\u017ei\u016bros krep\u0161elyje. Pagaminta Pranc\u016bzijoje \ud83c\uddeb\ud83c\uddf7 \u017dirkl\u0117s turi special\u0173 u\u017erakt\u0105, tod\u0117l saugiai gali b\u016bti perne\u0161amos i\u0161 vienos vietos \u012f kit\u0105. \u017dirkl\u0117s kompakti\u0161kos ir kruop\u0161\u010diai pagamintos, pritaikytos kirpti vidutini\u0173 ir&#8230;<\/p>","protected":false},"featured_media":18833,"comment_status":"closed","ping_status":"closed","template":"","meta":{"_acf_changed":false,"slim_seo":{"title":"Anju Beaut\u00e9 \u017eirkl\u0117s nagams, L - Zooprekes24","description":"Balstoties uz jaun\u0101kajiem sasniegumiem kosmetolo\u0123ij\u0101, Anju Beaut\u00e9 Paris laboratorija ir izstr\u0101d\u0101jusi ekskluz\u012bvu augst\u0101k\u0101s kvalit\u0101tes m\u0101jdz\u012bvnieku kop\u0161anas l\u012bdzek\u013cu kl\u0101stu."},"iawp_total_views":21},"product_brand":[],"product_cat":[9046,32,9026,8999,31],"product_tag":[],"class_list":{"0":"post-22058","1":"product","2":"type-product","3":"status-publish","4":"has-post-thumbnail","6":"product_cat-anju-beaute-sunims","7":"product_cat-kitos-sunu-prekes","8":"product_cat-prieziuros-priemones-sunims","9":"product_cat-sunims","10":"product_cat-sunu-prekiu-gamintojai","11":"pa_prekiu-zenklai-anju-beaute","12":"pa_suns-amzius-jauniems","13":"pa_suns-amzius-senjorams","14":"pa_suns-amzius-suaugusiems","15":"pa_suns-amzius-visiems-amziams","16":"pa_veisles-dydis-didelems-veislems","17":"pa_veisles-dydis-vidutinems-veislems","19":"first","20":"instock","21":"featured","22":"taxable","23":"shipping-taxable","24":"purchasable","25":"product-type-simple"},"acf":[],"_links":{"self":[{"href":"https:\/\/zooprekes24.lt\/lv\/wp-json\/wp\/v2\/product\/22058","targetHints":{"allow":["GET"]}}],"collection":[{"href":"https:\/\/zooprekes24.lt\/lv\/wp-json\/wp\/v2\/product"}],"about":[{"href":"https:\/\/zooprekes24.lt\/lv\/wp-json\/wp\/v2\/types\/product"}],"replies":[{"embeddable":true,"href":"https:\/\/zooprekes24.lt\/lv\/wp-json\/wp\/v2\/comments?post=22058"}],"wp:featuredmedia":[{"embeddable":true,"href":"https:\/\/zooprekes24.lt\/lv\/wp-json\/wp\/v2\/media\/18833"}],"wp:attachment":[{"href":"https:\/\/zooprekes24.lt\/lv\/wp-json\/wp\/v2\/media?parent=22058"}],"wp:term":[{"taxonomy":"product_brand","embeddable":true,"href":"https:\/\/zooprekes24.lt\/lv\/wp-json\/wp\/v2\/product_brand?post=22058"},{"taxonomy":"product_cat","embeddable":true,"href":"https:\/\/zooprekes24.lt\/lv\/wp-json\/wp\/v2\/product_cat?post=22058"},{"taxonomy":"product_tag","embeddable":true,"href":"https:\/\/zooprekes24.lt\/lv\/wp-json\/wp\/v2\/product_tag?post=22058"}],"curies":[{"name":"wp","href":"https:\/\/api.w.org\/{rel}","templated":true}]}}