{"id":22057,"date":"2024-04-18T21:19:18","date_gmt":"2024-04-18T18:19:18","guid":{"rendered":"https:\/\/zooprekes24.lt\/produktas\/anju-beaute-zirkles-nagams-s\/"},"modified":"2024-09-10T16:07:54","modified_gmt":"2024-09-10T13:07:54","slug":"anju-beaute-nagu-skeres-s","status":"publish","type":"product","link":"https:\/\/zooprekes24.lt\/lv\/produktas\/anju-beaute-zirkles-nagams-s\/","title":{"rendered":"Anju Beaut\u00e9 nagu \u0161\u0137\u0113res, S"},"content":{"rendered":"<h3>Balstoties uz jaun\u0101kajiem sasniegumiem kosmetolo\u0123ij\u0101, Anju Beaut\u00e9 Paris laboratorija ir izstr\u0101d\u0101jusi ekskluz\u012bvu augst\u0101k\u0101s kvalit\u0101tes m\u0101jdz\u012bvnieku kop\u0161anas l\u012bdzek\u013cu kl\u0101stu. Anju Beaut\u00e9 nagu griez\u0113ji ir oblig\u0101ts piederums katra m\u0101jdz\u012bvnieka \u012bpa\u0161nieka apr\u016bpes somi\u0146\u0101.<\/h3>\n<ul>\n<li>Ra\u017eots Francij\u0101 \ud83c\uddeb\ud83c\uddf7<\/li>\n<li>\u0160\u0137\u0113ru asme\u0146i ir izgatavoti no dzelzs, t\u0101p\u0113c tie ir \u013coti iztur\u012bgi un kvalitat\u012bvi.<\/li>\n<li>\u0160o \u0161\u0137\u0113r\u012b\u0161u rokturim ir izvirz\u012bta da\u013ca, kas ir \u013coti \u0113rta pirksta atbalstam naga grie\u0161anas laik\u0101.<\/li>\n<li>\u0160\u0137\u0113res ir \u013coti kompaktas un r\u016bp\u012bgi izstr\u0101d\u0101tas mazu \u0161\u0137ir\u0146u su\u0146u un ka\u0137u nagu apgrie\u0161anai.<\/li>\n<li>Pateicoties r\u016bp\u012bgi atlietajiem asme\u0146iem, \u0161\u0137\u0113res ne tikai prec\u012bzi grie\u017e, bet ar\u012b nodro\u0161ina maksim\u0101lu asumu.<\/li>\n<li>\u0160\u0137\u0113res ir izliektas, t\u0101p\u0113c to gali ir \u012bpa\u0161i piel\u0101goti dz\u012bvnieka izliektajam nagam, t\u0101p\u0113c ar \u0161\u012bm \u0161\u0137\u0113r\u0113m var profesion\u0101li un viegli griezt nagus.<\/li>\n<li><a href=\"https:\/\/www.youtube.com\/watch?v=AD0U3KNTpSA\" target=\"_blank\" rel=\"noopener\">Anju Beaut\u00e9<\/a> \u0160\u0137\u0113ru rokturi ir p\u0101rkl\u0101ti ar speci\u0101lu nesl\u012bdo\u0161a materi\u0101la p\u0101rkl\u0101jumu, t\u0101p\u0113c pat tad, ja j\u016bsu m\u012blulis vicin\u0101s, varat b\u016bt dro\u0161i, ka \u0161\u0137\u0113res neizl\u012bd\u0113s no rok\u0101m un nesavainos j\u016bsu m\u012bluli vai j\u016bs pa\u0161u.<\/li>\n<\/ul>","protected":false},"excerpt":{"rendered":"<p>Remdamiesi naujausiais kosmetologijos pasiekimais Anju Beaut\u00e9 Paris laboratorija suk\u016br\u0117 i\u0161skirtin\u012f auk\u0161\u010diausios kokyb\u0117s augintini\u0173 prie\u017ei\u016bros produkt\u0173 asortiment\u0105. Anju Beaut\u00e9 \u017eirkl\u0117s nagams\u00a0&#8211; priemon\u0117, kuri turi b\u016bti kiekvieno gyv\u016bno augintojo prie\u017ei\u016bros krep\u0161elyje. Pagaminta Pranc\u016bzijoje \ud83c\uddeb\ud83c\uddf7 \u017dirklu\u010di\u0173 gele\u017et\u0117s pagamintos i\u0161 gele\u017eies, tod\u0117l yra itin tvirtos ir kokybi\u0161kos. \u0160i\u0173 \u017eirkli\u0173 ranken\u0117l\u0117 turi atsiki\u0161usi\u0105 dal\u012f, kuri labai patogi pir\u0161to atramai kerpant&#8230;<\/p>","protected":false},"featured_media":18832,"comment_status":"closed","ping_status":"closed","template":"","meta":{"_acf_changed":false,"slim_seo":{"title":"Anju Beaut\u00e9 \u017eirkl\u0117s nagams, S - Zooprekes24","description":"Balstoties uz jaun\u0101kajiem sasniegumiem kosmetolo\u0123ij\u0101, Anju Beaut\u00e9 Paris laboratorija ir izstr\u0101d\u0101jusi ekskluz\u012bvu augst\u0101k\u0101s kvalit\u0101tes m\u0101jdz\u012bvnieku kop\u0161anas l\u012bdzek\u013cu kl\u0101stu."},"iawp_total_views":71},"product_brand":[],"product_cat":[9045,9046,83,25,104,32,9025,9026,8999,31],"product_tag":[],"class_list":{"0":"post-22057","1":"product","2":"type-product","3":"status-publish","4":"has-post-thumbnail","6":"product_cat-anju-beaute-katems","7":"product_cat-anju-beaute-sunims","8":"product_cat-kaciu-prekiu-gamintojai","9":"product_cat-katems","10":"product_cat-kitos-kaciu-prekes","11":"product_cat-kitos-sunu-prekes","12":"product_cat-prieziuros-priemones-katems","13":"product_cat-prieziuros-priemones-sunims","14":"product_cat-sunims","15":"product_cat-sunu-prekiu-gamintojai","16":"pa_prekiu-zenklai-anju-beaute","17":"pa_suns-amzius-jauniems","18":"pa_suns-amzius-senjorams","19":"pa_suns-amzius-suaugusiems","20":"pa_suns-amzius-visiems-amziams","21":"pa_veisles-dydis-mazoms-veislems","23":"first","24":"instock","25":"featured","26":"taxable","27":"shipping-taxable","28":"purchasable","29":"product-type-simple"},"acf":[],"_links":{"self":[{"href":"https:\/\/zooprekes24.lt\/lv\/wp-json\/wp\/v2\/product\/22057","targetHints":{"allow":["GET"]}}],"collection":[{"href":"https:\/\/zooprekes24.lt\/lv\/wp-json\/wp\/v2\/product"}],"about":[{"href":"https:\/\/zooprekes24.lt\/lv\/wp-json\/wp\/v2\/types\/product"}],"replies":[{"embeddable":true,"href":"https:\/\/zooprekes24.lt\/lv\/wp-json\/wp\/v2\/comments?post=22057"}],"wp:featuredmedia":[{"embeddable":true,"href":"https:\/\/zooprekes24.lt\/lv\/wp-json\/wp\/v2\/media\/18832"}],"wp:attachment":[{"href":"https:\/\/zooprekes24.lt\/lv\/wp-json\/wp\/v2\/media?parent=22057"}],"wp:term":[{"taxonomy":"product_brand","embeddable":true,"href":"https:\/\/zooprekes24.lt\/lv\/wp-json\/wp\/v2\/product_brand?post=22057"},{"taxonomy":"product_cat","embeddable":true,"href":"https:\/\/zooprekes24.lt\/lv\/wp-json\/wp\/v2\/product_cat?post=22057"},{"taxonomy":"product_tag","embeddable":true,"href":"https:\/\/zooprekes24.lt\/lv\/wp-json\/wp\/v2\/product_tag?post=22057"}],"curies":[{"name":"wp","href":"https:\/\/api.w.org\/{rel}","templated":true}]}}