{"id":22056,"date":"2024-04-18T21:19:18","date_gmt":"2024-04-18T18:19:18","guid":{"rendered":"https:\/\/zooprekes24.lt\/produktas\/anju-beaute-gyvunu-prieziuros-serveteles\/"},"modified":"2024-06-19T14:45:06","modified_gmt":"2024-06-19T11:45:06","slug":"anju-beaute-dzivnieku-kopsanas-salvetes","status":"publish","type":"product","link":"https:\/\/zooprekes24.lt\/lv\/produktas\/anju-beaute-gyvunu-prieziuros-serveteles\/","title":{"rendered":"Anju Beaut\u00e9 dz\u012bvnieku kop\u0161anas salvetes"},"content":{"rendered":"<h3>Balstoties uz jaun\u0101kajiem sasniegumiem kosmetolo\u0123ij\u0101, Anju Beaut\u00e9 Paris laboratorija ir izstr\u0101d\u0101jusi ekskluz\u012bvu augst\u0101k\u0101s kvalit\u0101tes m\u0101jdz\u012bvnieku kop\u0161anas l\u012bdzek\u013cu kl\u0101stu. Anju Beaut\u00e9 mitr\u0101s salvetes ir oblig\u0101ts piederums katra m\u0101jdz\u012bvnieka \u012bpa\u0161nieka apr\u016bpes somi\u0146\u0101. T\u0101s ir piem\u0113rotas lieto\u0161anai m\u0101j\u0101s, bet vienm\u0113r noder\u0113s ar\u012b ce\u013cojot vai piedaloties izst\u0101d\u0113s.<\/h3>\n<ul>\n<li>Iepakojum\u0101 ir 25 salvetes.<\/li>\n<li>Ra\u017eots Francij\u0101 \ud83c\uddeb\ud83c\uddf7<\/li>\n<li>Ar pat\u012bkamu alvejas arom\u0101tu, tas ir lieliski piem\u0113rots ikdienas lieto\u0161anai un sniedz t\u012br\u012bbas saj\u016btu.<\/li>\n<li>Mitr\u0101s salvetes ir biolo\u0123iski no\u0101rd\u0101mas un kompost\u0113jamas, t\u0101p\u0113c t\u0101s ir videi un ekolo\u0123ijai draudz\u012bgas.<\/li>\n<li><a href=\"https:\/\/www.youtube.com\/watch?v=AD0U3KNTpSA\" target=\"_blank\" rel=\"noopener\">Anju Beaut\u00e9<\/a> m\u0101jdz\u012bvnieku kop\u0161anas salvetes, kas piem\u0113rotas su\u0146u un ka\u0137u acu, ausu, \u0137epu vai ka\u017eoka t\u012br\u012b\u0161anai.<\/li>\n<li>Ide\u0101li piem\u0113rots ziemas laik\u0101, lai maigi not\u012br\u012btu net\u012brumus no ka\u017eoka vai k\u0101j\u0101m p\u0113c pastaig\u0101m \u0101r\u0101.<\/li>\n<li>\u012apa\u0161i izstr\u0101d\u0101t\u0101s salvetes nesatur alkoholu, parab\u0113nus un kr\u0101svielas, t\u0101p\u0113c t\u0101s ir piem\u0113rotas jut\u012bgu m\u0101jdz\u012bvnieku kop\u0161anai.<\/li>\n<li>Salvetes ir daudzfunkcion\u0101las, un t\u0101s var izmantot m\u0101j\u0101s, ce\u013cojumos, pastaig\u0101s vai jebkur citur, kur nepiecie\u0161ams not\u012br\u012bt net\u012bru m\u0101jdz\u012bvnieku.<\/li>\n<\/ul>","protected":false},"excerpt":{"rendered":"<p>Balstoties uz jaun\u0101kajiem sasniegumiem kosmetolo\u0123ij\u0101, Anju Beaut\u00e9 Paris laboratorija ir izstr\u0101d\u0101jusi ekskluz\u012bvu augst\u0101k\u0101s kvalit\u0101tes m\u0101jdz\u012bvnieku kop\u0161anas l\u012bdzek\u013cu kl\u0101stu. Anju Beaut\u00e9 mitr\u0101s salvetes ir oblig\u0101ts piederums katra m\u0101jdz\u012bvnieka \u012bpa\u0161nieka apr\u016bpes somi\u0146\u0101. T\u0101s ir piem\u0113rotas lieto\u0161anai m\u0101j\u0101s, bet vienm\u0113r noder\u0113s ar\u012b ce\u013cojot vai piedaloties izst\u0101d\u0113s. Iepakojum\u0101 ir 25 salvetes. Ra\u017eots Francij\u0101 \ud83c\uddeb\ud83c\uddf7 Ar pat\u012bkamu alvejas arom\u0101tu, kas lieliski piem\u0113rots ikdienas lieto\u0161anai....<\/p>","protected":false},"featured_media":18792,"comment_status":"closed","ping_status":"closed","template":"","meta":{"_acf_changed":false,"slim_seo":{"title":"Anju Beaut\u00e9 gyv\u016bn\u0173 prie\u017ei\u016bros servet\u0117l\u0117s - Zooprekes24","description":"Balstoties uz jaun\u0101kajiem sasniegumiem kosmetolo\u0123ij\u0101, Anju Beaut\u00e9 Paris laboratorija ir izstr\u0101d\u0101jusi ekskluz\u012bvu augst\u0101k\u0101s kvalit\u0101tes m\u0101jdz\u012bvnieku kop\u0161anas l\u012bdzek\u013cu kl\u0101stu."},"iawp_total_views":86},"product_brand":[],"product_cat":[9045,9046,9005,83,25,104,32,9025,9026,8999,31],"product_tag":[],"class_list":{"0":"post-22056","1":"product","2":"type-product","3":"status-publish","4":"has-post-thumbnail","6":"product_cat-anju-beaute-katems","7":"product_cat-anju-beaute-sunims","8":"product_cat-higienos-ir-valymo-priemones","9":"product_cat-kaciu-prekiu-gamintojai","10":"product_cat-katems","11":"product_cat-kitos-kaciu-prekes","12":"product_cat-kitos-sunu-prekes","13":"product_cat-prieziuros-priemones-katems","14":"product_cat-prieziuros-priemones-sunims","15":"product_cat-sunims","16":"product_cat-sunu-prekiu-gamintojai","17":"pa_prekiu-zenklai-anju-beaute","18":"pa_suns-amzius-jauniems","19":"pa_suns-amzius-senjorams","20":"pa_suns-amzius-suaugusiems","21":"pa_suns-amzius-visiems-amziams","22":"pa_veisles-dydis-didelems-veislems","23":"pa_veisles-dydis-mazoms-veislems","24":"pa_veisles-dydis-vidutinems-veislems","25":"pa_veisles-dydis-visu-dydziu-veislems","27":"first","28":"instock","29":"featured","30":"taxable","31":"shipping-taxable","32":"purchasable","33":"product-type-simple"},"acf":[],"_links":{"self":[{"href":"https:\/\/zooprekes24.lt\/lv\/wp-json\/wp\/v2\/product\/22056","targetHints":{"allow":["GET"]}}],"collection":[{"href":"https:\/\/zooprekes24.lt\/lv\/wp-json\/wp\/v2\/product"}],"about":[{"href":"https:\/\/zooprekes24.lt\/lv\/wp-json\/wp\/v2\/types\/product"}],"replies":[{"embeddable":true,"href":"https:\/\/zooprekes24.lt\/lv\/wp-json\/wp\/v2\/comments?post=22056"}],"wp:featuredmedia":[{"embeddable":true,"href":"https:\/\/zooprekes24.lt\/lv\/wp-json\/wp\/v2\/media\/18792"}],"wp:attachment":[{"href":"https:\/\/zooprekes24.lt\/lv\/wp-json\/wp\/v2\/media?parent=22056"}],"wp:term":[{"taxonomy":"product_brand","embeddable":true,"href":"https:\/\/zooprekes24.lt\/lv\/wp-json\/wp\/v2\/product_brand?post=22056"},{"taxonomy":"product_cat","embeddable":true,"href":"https:\/\/zooprekes24.lt\/lv\/wp-json\/wp\/v2\/product_cat?post=22056"},{"taxonomy":"product_tag","embeddable":true,"href":"https:\/\/zooprekes24.lt\/lv\/wp-json\/wp\/v2\/product_tag?post=22056"}],"curies":[{"name":"wp","href":"https:\/\/api.w.org\/{rel}","templated":true}]}}