{"id":22054,"date":"2024-04-18T21:19:18","date_gmt":"2024-04-18T18:19:18","guid":{"rendered":"https:\/\/zooprekes24.lt\/produktas\/anju-beaute-ebene\/"},"modified":"2024-09-10T16:05:24","modified_gmt":"2024-09-10T13:05:24","slug":"anzu-beaute-ebene","status":"publish","type":"product","link":"https:\/\/zooprekes24.lt\/lv\/produktas\/anju-beaute-ebene\/","title":{"rendered":"Anju Beaut\u00e9 Ebene toniz\u0113jo\u0161ais \u0161amp\u016bns 250 ml"},"content":{"rendered":"<h3>Balstoties uz jaun\u0101kajiem sasniegumiem kosmetolo\u0123ij\u0101, Anju Beaut\u00e9 Paris laboratorija ir izstr\u0101d\u0101jusi ekskluz\u012bvu augst\u0101k\u0101s kvalit\u0101tes skaistumkop\u0161anas produktu kl\u0101stu. Anju Beaut\u00e9 Ebene sast\u0101v\u0101 eso\u0161\u0101s sast\u0101vda\u013cas ir augu izcelsmes, videi draudz\u012bgas un dermatolo\u0123iski piem\u0113rotas pat jut\u012bg\u0101kajiem m\u0101jdz\u012bvniekiem.<\/h3>\n<ul>\n<li>Ra\u017eots Francij\u0101 \ud83c\uddeb\ud83c\uddf7<\/li>\n<li>Sast\u0101v\u0101 eso\u0161ais augu ekstrakts nodro\u0161ina UV aizsardz\u012bbu, kas nov\u0113r\u0161 ka\u017eoka r\u016bs\u0113\u0161anu.<\/li>\n<li><a href=\"https:\/\/www.youtube.com\/watch?v=AD0U3KNTpSA\" target=\"_blank\" rel=\"noopener\">Anju Beaut\u00e9 Ebene<\/a> Pro-vitam\u012bni ne tikai uzlabo matu sp\u012bdumu, bet ar\u012b mitrina m\u0101jdz\u012bvnieka ka\u017eoku.<\/li>\n<li>Toniz\u0113jo\u0161s kumulat\u012bvais efekts - regul\u0101ri lietojot, ka\u017eoka kr\u0101sas intensit\u0101te saglab\u0101jas ilg\u0101k.<\/li>\n<li>Kr\u0101su pastiprina amfoterisk\u0101s mitrino\u0161\u0101s da\u013ci\u0146as, kas iek\u013c\u016bst matos un pal\u012bdz saglab\u0101t kr\u0101sas molekulas mazg\u0101\u0161anas un \u017e\u0101v\u0113\u0161anas laik\u0101.<\/li>\n<li>Profesion\u0101la fran\u010du kosm\u0113tikas l\u012bnija melniem vai \u013coti tum\u0161as kr\u0101sas su\u0146iem un ka\u0137iem. T\u0101 ir piem\u0113rota ar\u012b daudzkr\u0101sainiem ka\u017eokiem ar domin\u0113jo\u0161o melno kr\u0101su.<\/li>\n<li>Real\u00a0<a href=\"https:\/\/zooprekes24.lt\/lv\/?s=anju&amp;post_type=product\" target=\"_blank\" rel=\"noopener\">skaistumkop\u0161anas \u0161amp\u016bns<\/a>satur augu alvejas akt\u012bvo ekstraktu, kas nodro\u0161ina ne tikai organisk\u0101s sk\u0101bes, bet ar\u012b antioksidantu \u012bpa\u0161\u012bbas, kas izgaismo un atdz\u012bvina melnas vai gandr\u012bz melnas spalvas sp\u012bdumu.<\/li>\n<\/ul>","protected":false},"excerpt":{"rendered":"<p>Remdamiesi naujausiais kosmetologijos pasiekimais Anju Beaut\u00e9 Paris laboratorija suk\u016br\u0117 i\u0161skirtin\u012f auk\u0161\u010diausios kokyb\u0117s gro\u017eio prie\u017ei\u016bros produkt\u0173 asortiment\u0105. Anju Beaut\u00e9 Ebene sud\u0117tyje esantys ingredientai yra augalin\u0117s kilm\u0117s, draugi\u0161ki aplinkai ir dermatologi\u0161kai tinkami net ir patiems jautriausiems augintiniams. Pagaminta Pranc\u016bzijoje \ud83c\uddeb\ud83c\uddf7 Sud\u0117tyje esantis augalo ekstraktas\u00a0suteikia UV apsauga, d\u0117l kurios kailis neparuduoja. Anju Beaut\u00e9 Ebene sud\u0117tyje esantys\u00a0provitaminai\u00a0ne tik\u00a0stiprina plauko&#8230;<\/p>","protected":false},"featured_media":18786,"comment_status":"closed","ping_status":"closed","template":"","meta":{"_acf_changed":false,"slim_seo":{"title":"Anju Beaut\u00e9 Ebene tonuojantis \u0161amp\u016bnas 250 ml - Zooprekes24","description":"Balstoties uz jaun\u0101kajiem sasniegumiem kosmetolo\u0123ij\u0101, Anju Beaut\u00e9 Paris laboratorija ir izstr\u0101d\u0101jusi ekskluz\u012bvu augst\u0101k\u0101s kvalit\u0101tes skaistumkop\u0161anas produktu kl\u0101stu."},"iawp_total_views":143},"product_brand":[],"product_cat":[9045,9046,83,25,104,32,9026,9025,8999,31],"product_tag":[5310,5313,1554,5314],"class_list":{"0":"post-22054","1":"product","2":"type-product","3":"status-publish","4":"has-post-thumbnail","6":"product_cat-anju-beaute-katems","7":"product_cat-anju-beaute-sunims","8":"product_cat-kaciu-prekiu-gamintojai","9":"product_cat-katems","10":"product_cat-kitos-kaciu-prekes","11":"product_cat-kitos-sunu-prekes","12":"product_cat-prieziuros-priemones-sunims","13":"product_cat-prieziuros-priemones-katems","14":"product_cat-sunims","15":"product_cat-sunu-prekiu-gamintojai","16":"product_tag-anju-juodo-kailio-sampunas","17":"product_tag-juodo-kailio-sampunas","18":"product_tag-kaciu-sampunas","19":"product_tag-sampunas-juodam-kailiui","20":"pa_prekiu-zenklai-anju-beaute","21":"pa_suns-amzius-jauniems","22":"pa_suns-amzius-senjorams","23":"pa_suns-amzius-suaugusiems","24":"pa_suns-amzius-visiems-amziams","25":"pa_veisles-dydis-didelems-veislems","26":"pa_veisles-dydis-mazoms-veislems","27":"pa_veisles-dydis-vidutinems-veislems","28":"pa_veisles-dydis-visu-dydziu-veislems","30":"first","31":"instock","32":"featured","33":"taxable","34":"shipping-taxable","35":"purchasable","36":"product-type-simple"},"acf":[],"_links":{"self":[{"href":"https:\/\/zooprekes24.lt\/lv\/wp-json\/wp\/v2\/product\/22054","targetHints":{"allow":["GET"]}}],"collection":[{"href":"https:\/\/zooprekes24.lt\/lv\/wp-json\/wp\/v2\/product"}],"about":[{"href":"https:\/\/zooprekes24.lt\/lv\/wp-json\/wp\/v2\/types\/product"}],"replies":[{"embeddable":true,"href":"https:\/\/zooprekes24.lt\/lv\/wp-json\/wp\/v2\/comments?post=22054"}],"wp:featuredmedia":[{"embeddable":true,"href":"https:\/\/zooprekes24.lt\/lv\/wp-json\/wp\/v2\/media\/18786"}],"wp:attachment":[{"href":"https:\/\/zooprekes24.lt\/lv\/wp-json\/wp\/v2\/media?parent=22054"}],"wp:term":[{"taxonomy":"product_brand","embeddable":true,"href":"https:\/\/zooprekes24.lt\/lv\/wp-json\/wp\/v2\/product_brand?post=22054"},{"taxonomy":"product_cat","embeddable":true,"href":"https:\/\/zooprekes24.lt\/lv\/wp-json\/wp\/v2\/product_cat?post=22054"},{"taxonomy":"product_tag","embeddable":true,"href":"https:\/\/zooprekes24.lt\/lv\/wp-json\/wp\/v2\/product_tag?post=22054"}],"curies":[{"name":"wp","href":"https:\/\/api.w.org\/{rel}","templated":true}]}}