{"id":22052,"date":"2024-04-18T21:19:18","date_gmt":"2024-04-18T18:19:18","guid":{"rendered":"https:\/\/zooprekes24.lt\/produktas\/quattro-kitten-sausas-maistas-kaciukams\/"},"modified":"2026-04-20T09:54:11","modified_gmt":"2026-04-20T07:54:11","slug":"quattro-kakenu-sausa-bariba-kakeniem","status":"publish","type":"product","link":"https:\/\/zooprekes24.lt\/lv\/produktas\/quattro-kitten-sausas-maistas-kaciukams\/","title":{"rendered":"Quattro Kitten saus\u0101 bar\u012bba ka\u0137\u0113niem 1,5 kg"},"content":{"rendered":"<h3>Quattro Kitten - Super Premium, pilnv\u0113rt\u012bga bar\u012bba ka\u0137\u0113niem (l\u012bdz 12 m\u0113ne\u0161u vecumam) ar gardu m\u0101jputnu ga\u013cu. T\u0101 ir izgatavota, izmantojot inovat\u012bvu liofiliz\u0113tas ga\u013cas p\u0101rkl\u0101juma tehnolo\u0123iju. \u0160is unik\u0101lais risin\u0101jums katru granulu p\u0101rkl\u0101j ar dabisku liofiliz\u0113tu ga\u013cu, kas ne tikai bag\u0101tina bar\u012bbu <a href=\"https:\/\/www.youtube.com\/watch?v=nHBX0FeuZ9w\" target=\"_blank\" rel=\"noopener\">Quattro<\/a> bar\u012bba ar dabiski saglab\u0101t\u0101m bar\u012bbas viel\u0101m, k\u0101 ar\u012b nodro\u0161ina izcilas gar\u0161as \u012bpa\u0161\u012bbas un harmonisku aug\u0161anu.<\/h3>\n<ul>\n<li>Sveikam augimui.\u00a0Papildytas\u00a0tinkamu\u00a0kalcio, vitamin\u0173 ir kit\u0173 maisting\u0173j\u0173\u00a0med\u017eiag\u0173 kiekiu, u\u017etikrinan\u010diu\u00a0harmoning\u0105 augim\u0105.<\/li>\n<li>Odai ir blizgan\u010diam kailiukui. Sud\u0117tyje esan\u010dios riebiosios r\u016bg\u0161tys, cinkas bei vitaminas B padeda palaikyti sveik\u0105 od\u0105 ir \u017evilgant\u012f augintinio kail\u012f.<\/li>\n<li>Organizmo apsauga. Quattro <a href=\"https:\/\/zooprekes24.lt\/lv\/?s=kitten&amp;post_type=product\" target=\"_blank\" rel=\"noopener\">Ka\u0137\u0113ns<\/a> Pareizs viegli sagremojamo sast\u0101vda\u013cu, prebiotiku un augu \u0161\u0137iedrvielu l\u012bdzsvars bar\u012bb\u0101 pal\u012bdz nodro\u0161in\u0101t optim\u0101lu ka\u0137\u0113na augo\u0161\u0101 organisma aizsardz\u012bbu un norm\u0101lu izk\u0101rn\u012bjumu kvalit\u0101ti.<\/li>\n<li>Maistas tinkamas n\u0117\u0161\u010dioms ir \u017eindan\u010dioms kat\u0117ms.<\/li>\n<li>100 % Lietuvoje u\u017eauginta pauk\u0161tiena.<\/li>\n<li>73 % olbaltumvielas no dz\u012bvnieku izcelsmes sast\u0101vda\u013c\u0101m.<\/li>\n<li>0 % dirbtini\u0173 da\u017eikli\u0173 ir skoni\u0173 stiprikli\u0173.<\/li>\n<\/ul>","protected":false},"excerpt":{"rendered":"<p>Quattro Kitten &#8211; Super Premium klas\u0117s, visavertis\u00a0ka\u010diuk\u0173 maistas (iki 12 m\u0117nesi\u0173 am\u017eiaus) su gard\u017eia pauk\u0161tiena. \u0116dalas pagamintas naudojant inovatyvi\u0105 &#8222;freeze-dried meat coated&#8221; technologij\u0105. \u0160io i\u0161skirtinio sprendimo pagalba kiekviena pa\u0161aro granul\u0117 padengiama nat\u016bralia liofilizuota m\u0117sa, ne tik praturtinan\u010dia Quattro pa\u0161arus nat\u016braliai i\u0161saugotomis maistin\u0117mis med\u017eiagomis, bet ir u\u017etikrinan\u010dia puiku produkto \u0117damum\u0105 ir\u00a0harmoning\u0105 augim\u0105. Sveikam augimui.\u00a0Papildytas\u00a0tinkamu\u00a0kalcio, vitamin\u0173 ir&#8230;<\/p>","protected":false},"featured_media":18780,"comment_status":"closed","ping_status":"closed","template":"","meta":{"_acf_changed":false,"slim_seo":{"title":"Quattro Kitten sausas maistas ka\u010diukams 1.5 kg - Zooprekes24","description":"Quattro Kitten - Super Premium, pilnv\u0113rt\u012bga bar\u012bba ka\u0137\u0113niem (l\u012bdz 12 m\u0113ne\u0161u vecumam) ar gardu m\u0101jputnu ga\u013cu. Bar\u012bba ir izgatavota, izmantojot inovat\u012bvu sasald\u0113\u0161anas metodi."},"iawp_total_views":206},"product_brand":[],"product_cat":[72,83,25,9052,9016],"product_tag":[1675,1682,1696],"class_list":{"0":"post-22052","1":"product","2":"type-product","3":"status-publish","4":"has-post-thumbnail","6":"product_cat-kaciu-maistas","7":"product_cat-kaciu-prekiu-gamintojai","8":"product_cat-katems","9":"product_cat-quattro-katems","10":"product_cat-sausas-maistas-kaciu-maistas","11":"product_tag-kaciu-edalas","12":"product_tag-kaciu-maistas-super-premium-klases","13":"product_tag-super-premium-maistas-katems","14":"pa_pasaro-sudetis-vistiena","15":"pa_prekiu-zenklai-quattro","17":"first","18":"instock","19":"sale","20":"featured","21":"taxable","22":"shipping-taxable","23":"purchasable","24":"product-type-simple"},"acf":[],"_links":{"self":[{"href":"https:\/\/zooprekes24.lt\/lv\/wp-json\/wp\/v2\/product\/22052","targetHints":{"allow":["GET"]}}],"collection":[{"href":"https:\/\/zooprekes24.lt\/lv\/wp-json\/wp\/v2\/product"}],"about":[{"href":"https:\/\/zooprekes24.lt\/lv\/wp-json\/wp\/v2\/types\/product"}],"replies":[{"embeddable":true,"href":"https:\/\/zooprekes24.lt\/lv\/wp-json\/wp\/v2\/comments?post=22052"}],"wp:featuredmedia":[{"embeddable":true,"href":"https:\/\/zooprekes24.lt\/lv\/wp-json\/wp\/v2\/media\/18780"}],"wp:attachment":[{"href":"https:\/\/zooprekes24.lt\/lv\/wp-json\/wp\/v2\/media?parent=22052"}],"wp:term":[{"taxonomy":"product_brand","embeddable":true,"href":"https:\/\/zooprekes24.lt\/lv\/wp-json\/wp\/v2\/product_brand?post=22052"},{"taxonomy":"product_cat","embeddable":true,"href":"https:\/\/zooprekes24.lt\/lv\/wp-json\/wp\/v2\/product_cat?post=22052"},{"taxonomy":"product_tag","embeddable":true,"href":"https:\/\/zooprekes24.lt\/lv\/wp-json\/wp\/v2\/product_tag?post=22052"}],"curies":[{"name":"wp","href":"https:\/\/api.w.org\/{rel}","templated":true}]}}