{"id":22051,"date":"2024-04-18T21:19:18","date_gmt":"2024-04-18T18:19:18","guid":{"rendered":"https:\/\/zooprekes24.lt\/produktas\/fitmin-purity-multivitamin-sunims\/"},"modified":"2024-08-14T16:39:19","modified_gmt":"2024-08-14T13:39:19","slug":"fitmin-purity-multivitaminu-sunims","status":"publish","type":"product","link":"https:\/\/zooprekes24.lt\/lv\/produktas\/fitmin-purity-multivitamin-sunims\/","title":{"rendered":"Fitmin Purity Multivitam\u012bnu uztura bag\u0101tin\u0101t\u0101js su\u0146iem 200 g"},"content":{"rendered":"<div>\n<h3><span lang=\"LT\">Fitmin Purity Multivitam\u012bns k<\/span>r\u016bp\u012bgi atlas\u012bts, pilnv\u0113rt\u012bgs vitam\u012bnu, miner\u0101lvielu un aminosk\u0101bju komplekts vis\u0101m \u0161\u0137irn\u0113m. <span lang=\"LT\">pieaugu\u0161iem un vec\u0101kiem su\u0146iem<\/span> <span lang=\"LT\">j\u016bsu vajadz\u012bb\u0101m<\/span>.<span lang=\"LT\"> P\u0101rtikas papildin\u0101jums ne tikai uzlabos<\/span> <span lang=\"LT\">j\u016bsu m\u012blu\u013ca ka\u017eoka kvalit\u0101ti.<\/span>, fiziskais st\u0101voklis <span lang=\"LT\">bet ar\u012b\u00a0<\/span><span lang=\"LT\">stiprin\u0101s<\/span>\u00a0imunit\u0101te<span lang=\"LT\"> un pal\u012bdz nodro\u0161in\u0101t j\u016bsu m\u0101jdz\u012bvnieka vitalit\u0101ti. <\/span>Pateicoties dabiskas izcelsmes vitam\u012bnu un miner\u0101lvielu kompleksam, produkts ir lieliski <span lang=\"LT\">tiks pievienots<\/span> <span lang=\"LT\">ikdienas \u0113dienkarti j\u016bsu m\u0101jdz\u012bvniekam, lai j\u016bsu \u010detrk\u0101jainajam draugam nekas netr\u016bktu :)<\/span><\/h3>\n<ul>\n<li>Dab\u012bgie antioksidanti (organiskais sel\u0113ns, E vitam\u012bns) sniedz daudzpus\u012bgu labumu j\u016bsu m\u0101jdz\u012bvniekam. Tie aizsarg\u0101 organisma \u0161\u016bnas no br\u012bvo radik\u0101\u013cu negat\u012bv\u0101s ietekmes un stiprina su\u0146a im\u016bnsist\u0113mu. Vec\u0101kiem m\u0101jdz\u012bvniekiem antioksidanti pal\u012bdz pal\u0113nin\u0101t organisma \u0161\u016bnu noveco\u0161anos, t\u0101d\u0113j\u0101di nodro\u0161inot ilg\u0101ku m\u016b\u017eu.<\/li>\n<li>Fitmin Purity Multivitam\u012bns, bag\u0101tin\u0101ts ar hlorellu (<a href=\"https:\/\/en.wikipedia.org\/wiki\/Chlorella\" target=\"_blank\" rel=\"noopener\"><em>Chlorella a\u013c\u0123es<\/em><\/a>) ir br\u012bvi peldo\u0161as vien\u0161\u016bnas za\u013c\u0101s mikroa\u013c\u0123es (fitoplanktons), kas aug sald\u016bden\u012b. Chlorella \u0161\u016bnu sieni\u0146as liel\u0101koties sast\u0101v no celulozes un hit\u012bna, kas \u013cauj t\u0101m saist\u012bt un izvad\u012bt toksiskas vielas. \u0160\u012bs mikroa\u013c\u0123es absorb\u0113 m\u0101jdz\u012bvnieka organism\u0101 nevajadz\u012bgos atkritumus un toks\u012bnus un pal\u012bdz tos saudz\u012bgi izvad\u012bt no m\u0101jdz\u012bvnieka organisma caur zarn\u0101m.<\/li>\n<li>Probiotikas ir dz\u012bvi mikroorganismi, kas paz\u012bstami k\u0101 lab\u0101s bakt\u0113rijas, savuk\u0101rt prebiotikas ir vielas, kas veicina zarnu mikrofloras att\u012bst\u012bbu. Pateicoties \u0161\u012bm Fitmin Purity Multivitam\u012bna sast\u0101vda\u013c\u0101m, tiek veicin\u0101ta zarnu mikrofloras aug\u0161ana, uztur\u0113\u0161ana un optim\u0101la darb\u012bba. Tas nodro\u0161ina ar\u012b to, ka zarnu mikroflora, kas noteiktu apst\u0101k\u013cu (slim\u012bba, oper\u0101cija, medikamenti, \u0101r\u0113ji faktori u. c.) d\u0113\u013c ir k\u013cuvusi nel\u012bdzsvarota, atjauno savu pareizu darb\u012bbu un m\u0101jdz\u012bvnieka vitalit\u0101te tiek atjaunota.<\/li>\n<li>Aminosk\u0101bes (taur\u012bns un L-karnit\u012bns) ne tikai pal\u012bdz mobiliz\u0113t su\u0146a dz\u012bv\u012bbas sp\u0113kus, bet ar\u012b mazina stresu un nogurumu.<\/li>\n<li>Fitmin Purity Multivitam\u012bnu uztura bag\u0101tin\u0101t\u0101ju sast\u0101v\u0101 ir \u0161itake s\u0113nes, kas pal\u012bdz uzlabot im\u016bnsist\u0113mu un aizsarg\u0101 aknu darb\u012bbu. \u0160\u012b eksotisk\u0101 s\u0113ne nom\u0101c aler\u0123ijas simptomus un ir lielisks D vitam\u012bna, dzelzs un sel\u0113na avots.<\/li>\n<li>Bag\u0101tin\u0101ts ar vienk\u0101r\u0161\u0101m un neakt\u012bv\u0101m viel\u0101m\u00a0<em>Saccharomyces cerevisiae <\/em>raugs un B-kompleksa vitam\u012bni (B1, B2, B6, B12), kas nodro\u0161ina dz\u012bvnieka \u0101dai nepiecie\u0161am\u0101s uzturvielas. Biot\u012bns r\u016bp\u0113jas par su\u0146a ka\u017eoka skaistumu, atjaunojot sp\u012bdumu, bl\u012bvumu un dabisko dz\u012bvnieka apmatojuma dz\u012bves ciklu.<\/li>\n<\/ul>\n<\/div>","protected":false},"excerpt":{"rendered":"<p>Fitmin Purity Multivitamin kruop\u0161\u010diai atrinktas, pilnas vitamin\u0173, mineral\u0173 ir\u00a0amino r\u016bg\u0161\u010di\u0173\u00a0rinkinys, skirtas vis\u0173 veisli\u0173 suaugusiems ir vyresnio am\u017eiaus \u0161un\u0173 poreikiams. Maisto papildas ne tik pagerins augintinio kailio kokyb\u0119, fizin\u0119 b\u016bkl\u0119 bet ir\u00a0stiprins\u00a0imunitet\u0105 bei pad\u0117s u\u017etikrinti augintinio gyvybingum\u0105. Nat\u016bralios kilm\u0117s vitamin\u0173 ir mineral\u0173 komplekso d\u0117ka preparatas puikiai papildys kasdienin\u012f gyv\u016bno mitybos racion\u0105 u\u017etikrinant, jog J\u016bs\u0173 keturkojui bi\u010diuliui&#8230;<\/p>","protected":false},"featured_media":18779,"comment_status":"closed","ping_status":"closed","template":"","meta":{"_acf_changed":false,"slim_seo":{"title":"Fitmin Purity Multivitamin maisto papildas \u0161unims 200 g - Zooprekes24","description":"Fitmin Purity Multivitam\u012bns ir r\u016bp\u012bgi atlas\u012bts, pilnv\u0113rt\u012bgs vitam\u012bnu, miner\u0101lvielu un aminosk\u0101bju komplekts visu \u0161\u0137ir\u0146u pieaugu\u0161iem un vec\u0101kiem su\u0146iem."},"iawp_total_views":37},"product_brand":[],"product_cat":[9051,32,8999,31,9022],"product_tag":[1319,1322,1331],"class_list":{"0":"post-22051","1":"product","2":"type-product","3":"status-publish","4":"has-post-thumbnail","6":"product_cat-fitmin-purity","7":"product_cat-kitos-sunu-prekes","8":"product_cat-sunims","9":"product_cat-sunu-prekiu-gamintojai","10":"product_cat-vitaminai-ir-papildai-sunims","11":"product_tag-fitmin-purity-papildai","12":"product_tag-fitmin-vitaminai-suniui","13":"product_tag-vitaminai-senam-suniui","14":"pa_prekiu-zenklai-fitmin-purity","15":"pa_suns-amzius-senjorams","16":"pa_suns-amzius-suaugusiems","17":"pa_veisles-dydis-didelems-veislems","18":"pa_veisles-dydis-mazoms-veislems","19":"pa_veisles-dydis-vidutinems-veislems","20":"pa_veisles-dydis-visu-dydziu-veislems","22":"first","23":"outofstock","24":"featured","25":"taxable","26":"shipping-taxable","27":"purchasable","28":"product-type-simple"},"acf":[],"_links":{"self":[{"href":"https:\/\/zooprekes24.lt\/lv\/wp-json\/wp\/v2\/product\/22051","targetHints":{"allow":["GET"]}}],"collection":[{"href":"https:\/\/zooprekes24.lt\/lv\/wp-json\/wp\/v2\/product"}],"about":[{"href":"https:\/\/zooprekes24.lt\/lv\/wp-json\/wp\/v2\/types\/product"}],"replies":[{"embeddable":true,"href":"https:\/\/zooprekes24.lt\/lv\/wp-json\/wp\/v2\/comments?post=22051"}],"wp:featuredmedia":[{"embeddable":true,"href":"https:\/\/zooprekes24.lt\/lv\/wp-json\/wp\/v2\/media\/18779"}],"wp:attachment":[{"href":"https:\/\/zooprekes24.lt\/lv\/wp-json\/wp\/v2\/media?parent=22051"}],"wp:term":[{"taxonomy":"product_brand","embeddable":true,"href":"https:\/\/zooprekes24.lt\/lv\/wp-json\/wp\/v2\/product_brand?post=22051"},{"taxonomy":"product_cat","embeddable":true,"href":"https:\/\/zooprekes24.lt\/lv\/wp-json\/wp\/v2\/product_cat?post=22051"},{"taxonomy":"product_tag","embeddable":true,"href":"https:\/\/zooprekes24.lt\/lv\/wp-json\/wp\/v2\/product_tag?post=22051"}],"curies":[{"name":"wp","href":"https:\/\/api.w.org\/{rel}","templated":true}]}}