{"id":22050,"date":"2024-04-18T21:19:18","date_gmt":"2024-04-18T18:19:18","guid":{"rendered":"https:\/\/zooprekes24.lt\/produktas\/fitmin-purity-long-life-immunity-sunims\/"},"modified":"2024-08-14T16:38:20","modified_gmt":"2024-08-14T13:38:20","slug":"fitmin-tiriba-ilgmuziba-imunitate-sunims","status":"publish","type":"product","link":"https:\/\/zooprekes24.lt\/lv\/produktas\/fitmin-purity-long-life-immunity-sunims\/","title":{"rendered":"Fitmin Purity Long life &amp; Immunity uztura bag\u0101tin\u0101t\u0101js su\u0146iem 200 g"},"content":{"rendered":"<h3>Fitmin T\u012br\u012bba Ilgs kalpo\u0161anas laiks &amp; <span lang=\"EN-US\">Imunit\u0101te<\/span> bar\u012bbas piedeva <span lang=\"LT\">pieaugu\u0161ajiem un vec\u0101ka gadag\u0101juma cilv\u0113kiem <\/span>Su\u0146iem <span lang=\"EN-US\">papildin\u0101ta ar probiotik\u0101m un prebiotik\u0101m.<\/span>kas <span lang=\"LT\">ne tikai <\/span><span lang=\"LT\">Stiprin\u0101ts ar<\/span> m\u0101jdz\u012bvnieku imunit\u0101te<span lang=\"LT\">, uzlabo su\u0146a vitalit\u0101ti, bet ar\u012b\u00a0<\/span><span lang=\"LT\">ar<\/span> \u0137ermenim <span lang=\"LT\">viegl\u0101k <\/span>piel\u0101goties main\u012bgajiem vides apst\u0101k\u013ciem.<span lang=\"LT\">. <\/span>Imunit\u0101te -\u00a0<span lang=\"LT\">Tas ir<\/span> organisma dabisk\u0101 sp\u0113ja aizsarg\u0101ties pret bakt\u0113rij\u0101m, v\u012brusiem, paraz\u012btiem un visu p\u0101r\u0113jo, kas uzbr\u016bk organismam. <span lang=\"LT\">pieejams vietn\u0113 <\/span>\u0123en\u0113tiski nepie\u0146emami. Ir nov\u0113rots, ka <span lang=\"LT\">m\u0101jdz\u012bvnieku imunit\u0101te\u00a0<\/span><span lang=\"LT\">k\u013c\u016bst neaizsarg\u0101ts pret boj\u0101jumiem, ko izraisa p\u0101rm\u0113r\u012bga<\/span> <span lang=\"LT\">Augsts\u00a0<\/span>stress, <span lang=\"LT\">patirt\u0173 <\/span>ievainojumi, <span lang=\"LT\">vakcin\u0101cijas, <\/span>p\u0101rkarst<span lang=\"LT\"> vai tiek \u0101rst\u0113ti<\/span> slim\u012bbu laik\u0101<span lang=\"LT\"> un jo \u012bpa\u0161i p\u0113coper\u0101cijas period\u0101. <\/span><span lang=\"LT\">P<\/span>paaugstin\u0101ts risks ir ar\u012b vec\u0101kiem su\u0146iem, ja<span lang=\"LT\">imunit\u0101te ir nov\u0101jin\u0101ta. <\/span>organisma dabiski pasliktin\u0101to re\u0123ener\u0101cijas procesu d\u0113\u013c.<\/h3>\n<ul>\n<li>Satur beta glik\u0101nus - dabisku, att\u012br\u012btu vielu, kas ieg\u016bta no neakt\u012bv\u0101m viel\u0101m.\u00a0<em>Saccharomyces cerevisae<\/em><em>\u00a0<\/em>rauga \u0161\u016bnu sieni\u0146as<em>, <\/em>satur augst\u0101k\u0101s kvalit\u0101tes 1,3\/1,6 beta-glik\u0101nus ar izcil\u0101m bioakt\u012bv\u0101m \u012bpa\u0161\u012bb\u0101m. T\u0101s ne tikai l\u012bdzsvaro un stiprina m\u0101jdz\u012bvnieka dabisk\u0101s aizsargsp\u0113jas, bet ar\u012b pal\u012bdz organismam efekt\u012bv\u0101k c\u012bn\u012bties pret iekaisumiem un slim\u012bb\u0101m. Fitmin Purity Long life &amp; Immunity sast\u0101v\u0101 eso\u0161ie \u03b2-glik\u0101ni veicina ar\u012b zarnu mikrobiotas l\u012bdzsvaru, samazinot nev\u0113lamu mikroorganismu koloniz\u0101cijas risku un smagumu.<\/li>\n<li>Dab\u012bgie antioksidanti sniedz daudzpus\u012bgu labumu j\u016bsu m\u012blu\u013ca organismam. Tie aizsarg\u0101 organisma \u0161\u016bnas no br\u012bvo radik\u0101\u013cu negat\u012bv\u0101s ietekmes un stiprina su\u0146a im\u016bnsist\u0113mu. Vec\u0101kiem m\u0101jdz\u012bvniekiem antioksidanti pal\u012bdz pal\u0113nin\u0101t organisma \u0161\u016bnu noveco\u0161anos, t\u0101d\u0113j\u0101di nodro\u0161inot ilg\u0101ku m\u016b\u017eu.<\/li>\n<li>Fitmin Purity Ilgm\u016b\u017e\u012bba un imunit\u0101te, bag\u0101tin\u0101ta ar hlorellu (<a href=\"https:\/\/en.wikipedia.org\/wiki\/Chlorella\" target=\"_blank\" rel=\"noopener\"><em>Chlorella a\u013c\u0123es<\/em><\/a>) ir br\u012bvi peldo\u0161as vien\u0161\u016bnas za\u013c\u0101s mikroa\u013c\u0123es (fitoplanktons), kas aug sald\u016bden\u012b. Chlorella \u0161\u016bnu sieni\u0146as liel\u0101koties sast\u0101v no celulozes un hit\u012bna, kas \u013cauj t\u0101m saist\u012bt un izvad\u012bt toksiskas vielas. \u0160\u012bs mikroa\u013c\u0123es absorb\u0113 m\u0101jdz\u012bvnieka organism\u0101 nevajadz\u012bgos atkritumus un toks\u012bnus un pal\u012bdz tos saudz\u012bgi izvad\u012bt no m\u0101jdz\u012bvnieka organisma caur zarn\u0101m.<\/li>\n<li><a href=\"https:\/\/lt.wikipedia.org\/wiki\/Bosvelija\" target=\"_blank\" rel=\"noopener\">Pl\u016bksnain\u0101 Boswellia<\/a> Ekstraktam piem\u012bt strauja pretiekaisuma un prets\u0101pju iedarb\u012bba, kas pal\u012bdz mazin\u0101t iekaisuma procesus, neradot blakuspar\u0101d\u012bbas m\u0101jdz\u012bvnieka gremo\u0161anas sist\u0113mai.<\/li>\n<li>Probiotikas ir dz\u012bvi mikroorganismi, kas paz\u012bstami k\u0101 lab\u0101s bakt\u0113rijas, savuk\u0101rt prebiotikas ir vielas, kas veicina zarnu mikrofloras att\u012bst\u012bbu. Pateicoties \u0161\u012bm sast\u0101vda\u013c\u0101m, Fitmin Purity Long life &amp; Immunity uztura bag\u0101tin\u0101t\u0101ji veicina zarnu mikrofloras aug\u0161anu, uztur\u0113\u0161anu un optim\u0101lu darb\u012bbu. Tas nodro\u0161ina ar\u012b to, ka zarnu mikroflora, kas noteiktu apst\u0101k\u013cu (slim\u012bba, oper\u0101cija, medikamenti, \u0101r\u0113ji faktori u. c.) d\u0113\u013c ir k\u013cuvusi nel\u012bdzsvarota, atjauno savu pareizu darb\u012bbu un tiek atjaunota m\u0101jdz\u012bvnieka vitalit\u0101te.<\/li>\n<\/ul>","protected":false},"excerpt":{"rendered":"<p>Fitmin Purity Long life &amp; Immunity pa\u0161aro papildas suaugusiems ir vyresnio am\u017eiaus \u0161unims papildytas probiotikais ir prebiotikais, kurie ne tik stiprina augintinio imunitet\u0105, gerina \u0161uns gyvybingum\u0105 bet ir\u00a0padeda organizmui lengviau prisitaikyti prie kintan\u010di\u0173 aplinkos s\u0105lyg\u0173. Imunitetas &#8211;\u00a0tai nat\u016bralus organizmo geb\u0117jimas apsisaugoti nuo j\u012f puolan\u010di\u0173 bakterij\u0173, virus\u0173, parazit\u0173 ir viso kito, kas jam yra geneti\u0161kai nepriimtina&#8230;.<\/p>","protected":false},"featured_media":18777,"comment_status":"closed","ping_status":"closed","template":"","meta":{"_acf_changed":false,"slim_seo":{"title":"Fitmin Purity Long life & Immunity maisto papildas \u0161unims 200 g - Zooprekes24","description":"Fitmin Purity Long life &amp; Immunity uztura bag\u0101tin\u0101t\u0101js pieaugu\u0161iem un vec\u0101kiem su\u0146iem ir papildin\u0101ts ar probiotik\u0101m un prebiotik\u0101m, kas ne tikai stiprina organisma vesel\u012bbu, bet ar\u012b organisma vesel\u012bbu."},"iawp_total_views":47},"product_brand":[],"product_cat":[9051,32,8999,31,9022],"product_tag":[1316,1319,1322,1331],"class_list":{"0":"post-22050","1":"product","2":"type-product","3":"status-publish","4":"has-post-thumbnail","6":"product_cat-fitmin-purity","7":"product_cat-kitos-sunu-prekes","8":"product_cat-sunims","9":"product_cat-sunu-prekiu-gamintojai","10":"product_cat-vitaminai-ir-papildai-sunims","11":"product_tag-fitmin-purity-imunitetui","12":"product_tag-fitmin-purity-papildai","13":"product_tag-fitmin-vitaminai-suniui","14":"product_tag-vitaminai-senam-suniui","15":"pa_prekiu-zenklai-fitmin-purity","16":"pa_suns-amzius-senjorams","17":"pa_suns-amzius-suaugusiems","18":"pa_veisles-dydis-didelems-veislems","19":"pa_veisles-dydis-mazoms-veislems","20":"pa_veisles-dydis-vidutinems-veislems","21":"pa_veisles-dydis-visu-dydziu-veislems","23":"first","24":"outofstock","25":"featured","26":"taxable","27":"shipping-taxable","28":"purchasable","29":"product-type-simple"},"acf":[],"_links":{"self":[{"href":"https:\/\/zooprekes24.lt\/lv\/wp-json\/wp\/v2\/product\/22050","targetHints":{"allow":["GET"]}}],"collection":[{"href":"https:\/\/zooprekes24.lt\/lv\/wp-json\/wp\/v2\/product"}],"about":[{"href":"https:\/\/zooprekes24.lt\/lv\/wp-json\/wp\/v2\/types\/product"}],"replies":[{"embeddable":true,"href":"https:\/\/zooprekes24.lt\/lv\/wp-json\/wp\/v2\/comments?post=22050"}],"wp:featuredmedia":[{"embeddable":true,"href":"https:\/\/zooprekes24.lt\/lv\/wp-json\/wp\/v2\/media\/18777"}],"wp:attachment":[{"href":"https:\/\/zooprekes24.lt\/lv\/wp-json\/wp\/v2\/media?parent=22050"}],"wp:term":[{"taxonomy":"product_brand","embeddable":true,"href":"https:\/\/zooprekes24.lt\/lv\/wp-json\/wp\/v2\/product_brand?post=22050"},{"taxonomy":"product_cat","embeddable":true,"href":"https:\/\/zooprekes24.lt\/lv\/wp-json\/wp\/v2\/product_cat?post=22050"},{"taxonomy":"product_tag","embeddable":true,"href":"https:\/\/zooprekes24.lt\/lv\/wp-json\/wp\/v2\/product_tag?post=22050"}],"curies":[{"name":"wp","href":"https:\/\/api.w.org\/{rel}","templated":true}]}}