{"id":22047,"date":"2024-04-18T21:19:06","date_gmt":"2024-04-18T18:19:06","guid":{"rendered":"https:\/\/zooprekes24.lt\/produktas\/fitmin-purity-sport-regeneration-sunims\/"},"modified":"2024-08-14T16:39:55","modified_gmt":"2024-08-14T13:39:55","slug":"fitmin-purity-sport-regeneracija-sunims","status":"publish","type":"product","link":"https:\/\/zooprekes24.lt\/lv\/produktas\/fitmin-purity-sport-regeneration-sunims\/","title":{"rendered":"Fitmin Purity Sport &amp; Regeneration uztura bag\u0101tin\u0101t\u0101js su\u0146iem 240 g"},"content":{"rendered":"<h3>Fitmin Purity Sport &amp; Regeneration ir uztura bag\u0101tin\u0101t\u0101js sportiskiem un akt\u012bviem su\u0146iem, un t\u0101 sast\u0101v\u0101 ir dabiskas vielas, kas ir b\u016btiskas m\u0101jdz\u012bvnieka kust\u012bbu sist\u0113mas efektivit\u0101tei, iztur\u012bbai, re\u0123ener\u0101cijai un veiktsp\u0113jai. Ikdienas liel\u0101s fizisk\u0101s aktivit\u0101tes ietekm\u0113 ne tikai su\u0146a musku\u013cu, loc\u012btavu un c\u012bpslu kvalit\u0101ti, bet ar\u012b organisma re\u0123ener\u0101cijas procesus. Ja netiek nodro\u0161in\u0101ta akt\u012bva m\u0101jdz\u012bvnieka vesel\u012bba un savlaic\u012bgi nenodro\u0161in\u0101ts pietiekams vitam\u012bnu un miner\u0101lvielu daudzums, var samazin\u0101ties kust\u012bgums, rasties nogurums, ko pavada stress, nov\u0101jin\u0101ta im\u016bnsist\u0113ma, s\u0101pes vai pat piln\u012bgs izs\u012bkums.<\/h3>\n<ul>\n<li>Fitmin Purity Sport &amp; Regeneration bar\u012bbas piedevas formula ir optim\u0101li piel\u0101gota pieaugu\u0161o su\u0146u, kas tren\u0113jas un sporto, gl\u0101b\u0161anas un darba su\u0146u vajadz\u012bb\u0101m. Sast\u0101vda\u013cas ne tikai palielina m\u0101jdz\u012bvnieka fizisko veiktsp\u0113ju un iztur\u012bbu, bet ar\u012b veicina \u0101tru \u0137erme\u0146a un musku\u013cu atjauno\u0161anos.<\/li>\n<li>Tas ir bag\u0101tin\u0101ts ar organisko sel\u0113nu, kas c\u012bn\u0101s pret br\u012bvajiem radik\u0101\u013ciem. Tas ar\u012b stiprina j\u016bsu m\u012blu\u013ca im\u016bnsist\u0113mu, atbalsta labu aknu darb\u012bbu un veicina kvalitat\u012bvas musku\u013cu masas aug\u0161anu. Produkt\u0101 eso\u0161ais sel\u0113ns tiek izmantots sel\u0113na rauga veid\u0101, kas nodro\u0161ina lielisku uzs\u016bk\u0161anos.<\/li>\n<li>Aminosk\u0101bes (taur\u012bns un L-karnit\u012bns) un antioksidanti ne tikai pal\u012bdz uzlabot sportisko aktivit\u0101\u0161u rezult\u0101tus, palielina su\u0146a sp\u0113ku un nodro\u0161ina kvalitat\u012bvu musku\u013cu aug\u0161anu, bet ar\u012b mazina m\u0101jdz\u012bvnieka stresu un aizkav\u0113 nogurumu.<\/li>\n<li>Beta glik\u0101ni - dabiska, att\u012br\u012bta viela, kas ieg\u016bta no neakt\u012bv\u0101m viel\u0101m.\u00a0<em>Saccharomyces cerevisae<\/em><em>\u00a0<\/em>rauga \u0161\u016bnu sieni\u0146as<em>, <\/em>satur augst\u0101k\u0101s kvalit\u0101tes 1,3\/1,6 beta-glik\u0101nus ar izcil\u0101m bioakt\u012bv\u0101m \u012bpa\u0161\u012bb\u0101m. Tie ne tikai l\u012bdzsvaro un stiprina m\u0101jdz\u012bvnieka dabisk\u0101s aizsargsp\u0113jas, bet ar\u012b pal\u012bdz organismam efekt\u012bv\u0101k c\u012bn\u012bties ar iekaisumiem un slim\u012bb\u0101m. Fitmin Purity Sport &amp; Regeneration sast\u0101v\u0101 eso\u0161ie \u03b2-glik\u0101ni veicina ar\u012b zarnu mikrobiotas l\u012bdzsvaru, samazinot nev\u0113lamu mikroorganismu koloniz\u0101cijas risku un smagumu.<\/li>\n<li>Bag\u0101tin\u0101ts ar hlorellu (<a href=\"https:\/\/en.wikipedia.org\/wiki\/Chlorella\" target=\"_blank\" rel=\"noopener\"><em>Chlorella a\u013c\u0123es<\/em><\/a>) ir br\u012bvi peldo\u0161as vien\u0161\u016bnas za\u013c\u0101s mikroa\u013c\u0123es (fitoplanktons), kas aug sald\u016bden\u012b. Chlorella \u0161\u016bnu sieni\u0146as liel\u0101koties sast\u0101v no celulozes un hit\u012bna, kas \u013cauj t\u0101m saist\u012bt un izvad\u012bt toksiskas vielas. \u0160\u012bs mikroa\u013c\u0123es absorb\u0113 m\u0101jdz\u012bvnieka organism\u0101 nevajadz\u012bgos atkritumus un toks\u012bnus un pal\u012bdz tos saudz\u012bgi izvad\u012bt no m\u0101jdz\u012bvnieka organisma caur zarn\u0101m.<\/li>\n<li>Fitmin Purity Sport &amp; Regeneration iesaka pasaules \u010dempionu un godalgoto vietu ieguv\u0113ju Fitmin su\u0146u paj\u016bgu sacens\u012bbu komanda :)<\/li>\n<\/ul>","protected":false},"excerpt":{"rendered":"<p>Fitmin Purity Sport &amp; Regeneration pa\u0161aro papildas sportuojantiems ir aktyviems \u0161unims sudarytas i\u0161 nat\u016brali\u0173 med\u017eiag\u0173, kurios yra b\u016btinos augintinio jud\u0117jimo sistemos veiksmingumui, i\u0161tvermei, organizmo atsinaujinimui ir efektyvumui u\u017etikrinti. Kasdieninis didelis fizinis kr\u016bvis turi \u012ftakos ne tik\u00a0\u0161uns raumen\u0173, s\u0105nari\u0173 ir sausgysli\u0173 kokybei bet taip pat ir organizmo regeneraciniams procesams. Laiku nepasir\u016bpinus aktyvaus augintinio sveikata ir tinkamu&#8230;<\/p>","protected":false},"featured_media":18768,"comment_status":"closed","ping_status":"closed","template":"","meta":{"_acf_changed":false,"slim_seo":{"title":"Fitmin Purity Sport & Regeneration maisto papildas \u0161unims 240 g - Zooprekes24","description":"Fitmin Purity Sport &amp; Regeneration ir uztura bag\u0101tin\u0101t\u0101js sportiskiem un akt\u012bviem su\u0146iem, kas sast\u0101v no dab\u012bg\u0101m viel\u0101m, kuras ir b\u016btiskas m\u0101jdz\u012bvnieka kust\u012bbu veicin\u0101\u0161anai."},"iawp_total_views":94},"product_brand":[],"product_cat":[9051,32,8999,31,9022],"product_tag":[1319,1507,1322,1519],"class_list":{"0":"post-22047","1":"product","2":"type-product","3":"status-publish","4":"has-post-thumbnail","6":"product_cat-fitmin-purity","7":"product_cat-kitos-sunu-prekes","8":"product_cat-sunims","9":"product_cat-sunu-prekiu-gamintojai","10":"product_cat-vitaminai-ir-papildai-sunims","11":"product_tag-fitmin-purity-papildai","12":"product_tag-fitmin-purity-papildas-suns-sanariams","13":"product_tag-fitmin-vitaminai-suniui","14":"product_tag-papildai-suns-sanariams","15":"pa_prekiu-zenklai-fitmin-purity","16":"pa_suns-amzius-suaugusiems","17":"pa_veisles-dydis-didelems-veislems","18":"pa_veisles-dydis-mazoms-veislems","19":"pa_veisles-dydis-vidutinems-veislems","20":"pa_veisles-dydis-visu-dydziu-veislems","22":"first","23":"outofstock","24":"featured","25":"taxable","26":"shipping-taxable","27":"purchasable","28":"product-type-simple"},"acf":[],"_links":{"self":[{"href":"https:\/\/zooprekes24.lt\/lv\/wp-json\/wp\/v2\/product\/22047","targetHints":{"allow":["GET"]}}],"collection":[{"href":"https:\/\/zooprekes24.lt\/lv\/wp-json\/wp\/v2\/product"}],"about":[{"href":"https:\/\/zooprekes24.lt\/lv\/wp-json\/wp\/v2\/types\/product"}],"replies":[{"embeddable":true,"href":"https:\/\/zooprekes24.lt\/lv\/wp-json\/wp\/v2\/comments?post=22047"}],"wp:featuredmedia":[{"embeddable":true,"href":"https:\/\/zooprekes24.lt\/lv\/wp-json\/wp\/v2\/media\/18768"}],"wp:attachment":[{"href":"https:\/\/zooprekes24.lt\/lv\/wp-json\/wp\/v2\/media?parent=22047"}],"wp:term":[{"taxonomy":"product_brand","embeddable":true,"href":"https:\/\/zooprekes24.lt\/lv\/wp-json\/wp\/v2\/product_brand?post=22047"},{"taxonomy":"product_cat","embeddable":true,"href":"https:\/\/zooprekes24.lt\/lv\/wp-json\/wp\/v2\/product_cat?post=22047"},{"taxonomy":"product_tag","embeddable":true,"href":"https:\/\/zooprekes24.lt\/lv\/wp-json\/wp\/v2\/product_tag?post=22047"}],"curies":[{"name":"wp","href":"https:\/\/api.w.org\/{rel}","templated":true}]}}