{"id":22046,"date":"2024-04-18T21:19:06","date_gmt":"2024-04-18T18:19:06","guid":{"rendered":"https:\/\/zooprekes24.lt\/produktas\/biocos-mazu-peduciu-balzamas-5ml\/"},"modified":"2026-01-30T09:50:31","modified_gmt":"2026-01-30T07:50:31","slug":"biocos-apsauginis-balzamas-mazoms-pedutems-5ml","status":"publish","type":"product","link":"https:\/\/zooprekes24.lt\/lv\/produktas\/biocos-apsauginis-balzamas-mazoms-pedutems-5ml\/","title":{"rendered":"Biocos apsauginis balzamas ma\u017eoms p\u0117dut\u0117ms, 5 ml"},"content":{"rendered":"<h3>Biocos balzams mazaj\u0101m p\u0113d\u0101m izvelkamaj\u0101 iepakojum\u0101 pal\u012bdz\u0113s prec\u012bzi un vienm\u0113r\u012bgi izkl\u0101t balzamu uz j\u016bsu m\u012blu\u013ca p\u0113d\u0101m. Lai pan\u0101ktu maksim\u0101lu iedarb\u012bbu, iemas\u0113jiet balz\u0101mu. Lai gan produktu ir viegli uzkl\u0101t, nelielais iepakojums ir vispiem\u0113rot\u0101kais maz\u0101m p\u0113d\u0101m.<\/h3>\n<ul>\n<li>Biocos ma\u017e\u0173 p\u0117du\u010di\u0173 balzamas tinka \u0161un\u0173, ka\u010di\u0173 ir vis\u0173 smulki\u0173 gyv\u016bn\u0173 (triu\u0161i\u0173, j\u016bros kiauly\u010di\u0173, \u0161e\u0161k\u0173) p\u0117dut\u0117ms.<\/li>\n<li>Mazo p\u0113du balzams ir bag\u0101tin\u0101ts ar mango sviestu, eksotisku un \u012bpa\u0161i dzi\u013ci barojo\u0161u formulu, kas bag\u0101tin\u0101ta ar A un E vitam\u012bniem.<\/li>\n<li>Makad\u0101mijas riekstu e\u013c\u013ca ir bag\u0101ta ar dab\u012bgiem antioksidantiem, k\u0101 ar\u012b omega 3 un omega 6 tauksk\u0101b\u0113m, kas labv\u0113l\u012bgi ietekm\u0113 \u0101das vesel\u012bbu.<\/li>\n<li>Bi\u0161u vasks no biolo\u0123isk\u0101s bi\u0161kop\u012bbas saimniec\u012bbas Lietuv\u0101! Bi\u0161u vasks p\u0101rkl\u0101j p\u0113das ar aizsargpl\u0113vi, kas dabiski nov\u0113r\u0161 mitruma zudumu un paildzina balzama labv\u0113l\u012bgo iedarb\u012bbu.<\/li>\n<li>Kakao sviests ir bag\u0101ts ar tauksk\u0101b\u0113m, kas tam pie\u0161\u0137ir barojo\u0161as \u012bpa\u0161\u012bbas. Kakao sviest\u0101 eso\u0161\u0101s tauksk\u0101bes veido aizsargbarjeru, lai saglab\u0101tu p\u0113c iesp\u0113jas vair\u0101k mitruma.<\/li>\n<li>Biocos izmantot\u0101s kokosriekstu e\u013c\u013cas molekulas ir \u013coti mazas, t\u0101p\u0113c t\u0101s sam\u0113r\u0101 viegli uzs\u016bcas. T\u0101d\u0113j\u0101di tiek pan\u0101kta br\u012bni\u0161\u0137\u012bga mitrin\u0101\u0161anas un kondicion\u0113\u0161anas saj\u016bta! \u013boti piem\u0113rota p\u0113du \u0101das baro\u0161anai.<\/li>\n<\/ul>\n<p><strong>\u013boti svar\u012bgi!<\/strong> Prie\u0161 einant \u012f lauk\u0105 netepkite \u0161uns p\u0117du\u010di\u0173 kremais, kurie n\u0117ra tam skirti. Pavyzd\u017eiui, patepus p\u0117dut\u0119 dr\u0117kinamuoju kremu, grei\u010diausiai sulauksite atvirk\u0161\u010dio rezultato &#8211; kremas, kuriame yra vandens greitai u\u017e\u0161als ir tai gali pa\u017eeisti p\u0117d\u0173 od\u0105. Jei visgi nesp\u0117jote tinkamai pasir\u016bpinti p\u0117dut\u0117mis, ir jos jau yra pa\u017eeistos, si\u016blome naudoti tik priemones, kurios yra specialiai sukurtos r\u016bpestingai pa\u017eeist\u0173 p\u0117du\u010di\u0173 prie\u017ei\u016brai. Stipresn\u0117s apsaugos Biocos balzamas pa\u017eeistoms p\u0117dut\u0117ms lengvai \u012fsigers ir atstatys pa\u017eeist\u0105 od\u0105.<\/p>","protected":false},"excerpt":{"rendered":"<p>Biocos ma\u017e\u0173 p\u0117du\u010di\u0173 balzamas i\u0161sukamoje pakuot\u0117je pad\u0117s tiksliai ir tolygiai paskirstyti balzam\u0105 ant augintinio p\u0117dut\u0117s. Maksimaliam efektui pasiekti \u012fmasa\u017euokite balzam\u0105. Nors produktas skalsiai naudojasi, bet ma\u017ea pakuot\u0117 labiausiai tiks ma\u017eoms p\u0117dut\u0117ms. Biocos ma\u017e\u0173 p\u0117du\u010di\u0173 balzamas tinka \u0161un\u0173, ka\u010di\u0173 ir vis\u0173 smulki\u0173 gyv\u016bn\u0173 (triu\u0161i\u0173, j\u016bros kiauly\u010di\u0173, \u0161e\u0161k\u0173) p\u0117dut\u0117ms. Ma\u017e\u0173 p\u0117du\u010di\u0173 balzamas praturtintas mango sviestu\u00a0&#8211;\u00a0egzoti\u0161ku ir ypa\u010d&#8230;<\/p>","protected":false},"featured_media":44994,"comment_status":"closed","ping_status":"closed","template":"","meta":{"_acf_changed":false,"slim_seo":{"title":"Biocos apsauginis balzamas ma\u017eoms p\u0117dut\u0117ms, 5 ml - Zooprekes24","description":"Biocos ma\u017e\u0173 p\u0117du\u010di\u0173 balzamas i\u0161sukamoje pakuot\u0117je pad\u0117s tiksliai ir tolygiai paskirstyti balzam\u0105 ant augintinio p\u0117dut\u0117s. Maksimaliam efektui pasiekti \u012fmasa\u017euoki"},"iawp_total_views":536},"product_brand":[],"product_cat":[25,104,32,9025,9026,8999],"product_tag":[3663,3668],"class_list":{"0":"post-22046","1":"product","2":"type-product","3":"status-publish","4":"has-post-thumbnail","6":"product_cat-katems","7":"product_cat-kitos-kaciu-prekes","8":"product_cat-kitos-sunu-prekes","9":"product_cat-prieziuros-priemones-katems","10":"product_cat-prieziuros-priemones-sunims","11":"product_cat-sunims","12":"product_tag-balzamas-suns-pedutems","13":"product_tag-peduciu-kremas","14":"pa_prekiu-zenklai-biocos","15":"pa_suns-amzius-jauniems","16":"pa_suns-amzius-senjorams","17":"pa_suns-amzius-suaugusiems","18":"pa_suns-amzius-visiems-amziams","19":"pa_veisles-dydis-mazoms-veislems","21":"first","22":"instock","23":"featured","24":"taxable","25":"shipping-taxable","26":"purchasable","27":"product-type-simple"},"acf":[],"_links":{"self":[{"href":"https:\/\/zooprekes24.lt\/lv\/wp-json\/wp\/v2\/product\/22046","targetHints":{"allow":["GET"]}}],"collection":[{"href":"https:\/\/zooprekes24.lt\/lv\/wp-json\/wp\/v2\/product"}],"about":[{"href":"https:\/\/zooprekes24.lt\/lv\/wp-json\/wp\/v2\/types\/product"}],"replies":[{"embeddable":true,"href":"https:\/\/zooprekes24.lt\/lv\/wp-json\/wp\/v2\/comments?post=22046"}],"wp:featuredmedia":[{"embeddable":true,"href":"https:\/\/zooprekes24.lt\/lv\/wp-json\/wp\/v2\/media\/44994"}],"wp:attachment":[{"href":"https:\/\/zooprekes24.lt\/lv\/wp-json\/wp\/v2\/media?parent=22046"}],"wp:term":[{"taxonomy":"product_brand","embeddable":true,"href":"https:\/\/zooprekes24.lt\/lv\/wp-json\/wp\/v2\/product_brand?post=22046"},{"taxonomy":"product_cat","embeddable":true,"href":"https:\/\/zooprekes24.lt\/lv\/wp-json\/wp\/v2\/product_cat?post=22046"},{"taxonomy":"product_tag","embeddable":true,"href":"https:\/\/zooprekes24.lt\/lv\/wp-json\/wp\/v2\/product_tag?post=22046"}],"curies":[{"name":"wp","href":"https:\/\/api.w.org\/{rel}","templated":true}]}}