{"id":22045,"date":"2024-04-18T21:19:06","date_gmt":"2024-04-18T18:19:06","guid":{"rendered":"https:\/\/zooprekes24.lt\/produktas\/animonda-grancarno-zarnokai\/"},"modified":"2024-06-19T14:10:15","modified_gmt":"2024-06-19T11:10:15","slug":"animonda-grancarno-zarnokai","status":"publish","type":"product","link":"https:\/\/zooprekes24.lt\/lv\/produktas\/animonda-grancarno-zarnokai\/","title":{"rendered":"Animonda Grancarno konservi 800 g"},"content":{"rendered":"<h3><a href=\"https:\/\/www.animonda.de\/en\/brands\/grancarno\" target=\"_blank\" rel=\"noopener noreferrer\">Animonda Grancarno<\/a> Konserv\u0113tas c\u016bkga\u013cas zarnas ir lielisks un vienk\u0101r\u0161s veids, k\u0101 \u0101rst\u0113t savu m\u0101jdz\u012bvnieku. Nesatur sojas vai graudu piemais\u012bjumus, m\u0101ksl\u012bg\u0101s kr\u0101svielas vai gar\u0161as pastiprin\u0101t\u0101jus.<\/h3>\n<ul>\n<li>\u0112diena pagatavo\u0161an\u0101 tiek izmantota tikai dab\u012bga ga\u013ca.<\/li>\n<li><a href=\"https:\/\/zooprekes24.lt\/lv\/?s=konservai&amp;post_type=product&amp;product_cat=0\" target=\"_blank\" rel=\"noopener noreferrer\">P\u0101rtikas konservi<\/a> piem\u0113rots su\u0146iem ar jut\u012bgu ku\u0146\u0123i vai p\u0101rtikas aler\u0123ij\u0101m.<\/li>\n<li>Optim\u0101la uzturvielu un olbaltumvielu uzs\u016bk\u0161an\u0101s, pateicoties r\u016bp\u012bgi sagatavot\u0101m svaig\u0101m sast\u0101vda\u013c\u0101m.<\/li>\n<li>Aizz\u012bmogotais, viegli lietojamais iepakojums lieliski saglab\u0101 dab\u012bgo gar\u0161u un arom\u0101tu un aizsarg\u0101 no mikrobiem un bakt\u0113rij\u0101m, kas var kait\u0113t j\u016bsu m\u0101jdz\u012bvniekam.<\/li>\n<\/ul>","protected":false},"excerpt":{"rendered":"<p>Animonda Grancarno konservai su kiaulienos \u017earnokais puikus ir lengvas b\u016bdas palepinti J\u016bs\u0173 augintin\u012f. Sud\u0117tyje n\u0117ra soj\u0173 ar gr\u016bd\u0173 priemai\u0161\u0173, dirbtini\u0173 da\u017eom\u0173j\u0173 med\u017eiag\u0173 bei skonio stiprikli\u0173. \u0116dalui gaminti naudojama tik nat\u016brali m\u0117sa. Konservai tinkami \u0161unims turintiems jautr\u0173 skrand\u012f ar maisto alergijas. Optimalus maistini\u0173 med\u017eiag\u0173 ir baltym\u0173 \u012fsisavinimas d\u0117ka kruop\u0161\u010diai paruo\u0161t\u0173 \u0161vie\u017ei\u0173 ingredient\u0173. Sandari, patogi naudoti pakuot\u0117&#8230;<\/p>","protected":false},"featured_media":18764,"comment_status":"closed","ping_status":"closed","template":"","meta":{"_acf_changed":false,"slim_seo":{"title":"Animonda Grancarno konservai su \u017earnokais 800 g - Zooprekes24","description":"Animonda Grancarno c\u016bkga\u013cas zarnu konservi ir lielisks un vienk\u0101r\u0161s veids, k\u0101 \u0101rst\u0113t savu m\u0101jdz\u012bvnieku. Nesatur sojas vai graudu piemais\u012bjumus, bez m\u0101ksl\u012bg\u0101m kr\u0101sviel\u0101m."},"iawp_total_views":20},"product_brand":[],"product_cat":[9007,9004,8999,29,31],"product_tag":[177,200],"class_list":{"0":"post-22045","1":"product","2":"type-product","3":"status-publish","4":"has-post-thumbnail","6":"product_cat-animonda-sunims","7":"product_cat-slapias-maistas","8":"product_cat-sunims","9":"product_cat-sunu-maistas","10":"product_cat-sunu-prekiu-gamintojai","11":"product_tag-edalas-sunims","12":"product_tag-super-premium-maistas-sunims","13":"pa_pasaro-sudetis-kiauliena","14":"pa_pasaro-sudetis-sirdys","15":"pa_prekiu-zenklai-animonda","16":"pa_suns-amzius-suaugusiems","17":"pa_veisles-dydis-didelems-veislems","18":"pa_veisles-dydis-mazoms-veislems","19":"pa_veisles-dydis-vidutinems-veislems","20":"pa_veisles-dydis-visu-dydziu-veislems","22":"first","23":"outofstock","24":"featured","25":"taxable","26":"shipping-taxable","27":"purchasable","28":"product-type-simple"},"acf":[],"_links":{"self":[{"href":"https:\/\/zooprekes24.lt\/lv\/wp-json\/wp\/v2\/product\/22045","targetHints":{"allow":["GET"]}}],"collection":[{"href":"https:\/\/zooprekes24.lt\/lv\/wp-json\/wp\/v2\/product"}],"about":[{"href":"https:\/\/zooprekes24.lt\/lv\/wp-json\/wp\/v2\/types\/product"}],"replies":[{"embeddable":true,"href":"https:\/\/zooprekes24.lt\/lv\/wp-json\/wp\/v2\/comments?post=22045"}],"wp:featuredmedia":[{"embeddable":true,"href":"https:\/\/zooprekes24.lt\/lv\/wp-json\/wp\/v2\/media\/18764"}],"wp:attachment":[{"href":"https:\/\/zooprekes24.lt\/lv\/wp-json\/wp\/v2\/media?parent=22045"}],"wp:term":[{"taxonomy":"product_brand","embeddable":true,"href":"https:\/\/zooprekes24.lt\/lv\/wp-json\/wp\/v2\/product_brand?post=22045"},{"taxonomy":"product_cat","embeddable":true,"href":"https:\/\/zooprekes24.lt\/lv\/wp-json\/wp\/v2\/product_cat?post=22045"},{"taxonomy":"product_tag","embeddable":true,"href":"https:\/\/zooprekes24.lt\/lv\/wp-json\/wp\/v2\/product_tag?post=22045"}],"curies":[{"name":"wp","href":"https:\/\/api.w.org\/{rel}","templated":true}]}}