{"id":22044,"date":"2024-04-18T21:19:06","date_gmt":"2024-04-18T18:19:06","guid":{"rendered":"https:\/\/zooprekes24.lt\/produktas\/fitmin-for-life-natural-litter-10l\/"},"modified":"2026-02-26T12:14:41","modified_gmt":"2026-02-26T10:14:41","slug":"fitmin-for-life-dabigais-pakaiss-10l","status":"publish","type":"product","link":"https:\/\/zooprekes24.lt\/lv\/produktas\/fitmin-for-life-natural-litter-10l\/","title":{"rendered":"Fitmin for Life Natural Litter benton\u012bta ka\u0137u pakai\u0161i 10L"},"content":{"rendered":"<h3>Fitmin for Life Natural Litter - augstas kvalit\u0101tes benton\u012bts <a href=\"https:\/\/zooprekes24.lt\/lv\/kategorija\/prekes-katems\/higienas-un-tirisanas-lidzekli-kakiem\/kraikas-katems\/\" target=\"_blank\" rel=\"noopener\">ka\u0137u pakai\u0161i<\/a>. \u0100tri un viegli uzs\u016bc \u0161\u0137idrumus, un tas ir iepakots maz\u0101s granul\u0101s, kas neizklied\u0113jas. T\u0101 strukt\u016bra ne\u013cauj pakai\u0161iem piel\u012bm\u0113ties pie m\u0101jdz\u012bvnieka ka\u017eoka vai k\u0101j\u0101m un tikt p\u0101rn\u0113s\u0101tiem pa m\u0101ju. K\u016btsm\u0113slu granulas ir smalkgraudainas un bez as\u0101m mal\u0101m, kas garant\u0113 \u0113rtu lieto\u0161anu visu \u0161\u0137ir\u0146u ka\u0137iem.<\/h3>\n<ul>\n<li>Nel\u012bp pie ka\u0137a ka\u017eoka vai k\u0101j\u0101m.<\/li>\n<li>Lieliski absorb\u0113 mitrumu un nepat\u012bkamas smakas.<\/li>\n<li><a href=\"https:\/\/www.fitmin.cz\" target=\"_blank\" rel=\"noopener\">Fitmin<\/a> for Life Natural Litter ir \u0101tri granul\u0113jo\u0161s.<\/li>\n<li>Dabiski un ekolo\u0123iski t\u012brs, bez putek\u013ciem, dro\u0161s cilv\u0113ku un m\u0101jdz\u012bvnieku vesel\u012bbai.<\/li>\n<li>Bez smar\u017eas, bez m\u0101ksl\u012bgiem aromatiz\u0113t\u0101jiem.<\/li>\n<li>Viegli lietojams, mitrumiztur\u012bgs iepakojums ar rokturi.<\/li>\n<\/ul>","protected":false},"excerpt":{"rendered":"<p>Fitmin for Life Natural Litter &#8211; auk\u0161tos kokyb\u0117s\u00a0bentonitinis kraikas kat\u0117ms.\u00a0Puikiai ir greitai sugeria skys\u010dius, su\u0161oka \u012f ma\u017eas granules ir nedulka. D\u0117l savo strukt\u016bros neleid\u017eia kraikui prilipti prie augintinio kailio ar p\u0117du\u010di\u0173 ir b\u016bti i\u0161ne\u0161iotam po namus. Kraiko granul\u0117s yra smulkiagr\u016bd\u0117s, be a\u0161tri\u0173 kra\u0161t\u0173, tad garantuoja patog\u0173 naudojim\u0105 vis\u0173 veisli\u0173 kat\u0117ms. Nelimpa prie kat\u0117s kailio ar&#8230;<\/p>","protected":false},"featured_media":18763,"comment_status":"closed","ping_status":"closed","template":"","meta":{"_acf_changed":false,"slim_seo":{"title":"Fitmin for Life Natural Litter bentonitinis ka\u010di\u0173 kraikas 10L - Zooprekes24","description":"Fitmin for Life Natural Litter - augstas kvalit\u0101tes benton\u012bta ka\u0137u pakai\u0161i. Tas \u0101tri un lieliski uzs\u016bc \u0161\u0137idrumu, ir sabl\u012bv\u0113ts neliel\u0101s granul\u0101s un neizklied\u0113jas. Pateicoties t\u0101"},"iawp_total_views":535},"product_brand":[],"product_cat":[9042,78,83,25,9009],"product_tag":[1940,5253],"class_list":{"0":"post-22044","1":"product","2":"type-product","3":"status-publish","4":"has-post-thumbnail","6":"product_cat-fitmin-for-life-katems","7":"product_cat-higiena-ir-prieziura-katems","8":"product_cat-kaciu-prekiu-gamintojai","9":"product_cat-katems","10":"product_cat-kraikas","11":"product_tag-naturalus-kraikas-katems","12":"product_tag-nedulkantis-kraikas-katems","13":"pa_kraiko-rusis-bentonitas","14":"pa_prekiu-zenklai-fitmin-for-life","16":"first","17":"instock","18":"featured","19":"taxable","20":"shipping-taxable","21":"purchasable","22":"product-type-simple"},"acf":[],"_links":{"self":[{"href":"https:\/\/zooprekes24.lt\/lv\/wp-json\/wp\/v2\/product\/22044","targetHints":{"allow":["GET"]}}],"collection":[{"href":"https:\/\/zooprekes24.lt\/lv\/wp-json\/wp\/v2\/product"}],"about":[{"href":"https:\/\/zooprekes24.lt\/lv\/wp-json\/wp\/v2\/types\/product"}],"replies":[{"embeddable":true,"href":"https:\/\/zooprekes24.lt\/lv\/wp-json\/wp\/v2\/comments?post=22044"}],"wp:featuredmedia":[{"embeddable":true,"href":"https:\/\/zooprekes24.lt\/lv\/wp-json\/wp\/v2\/media\/18763"}],"wp:attachment":[{"href":"https:\/\/zooprekes24.lt\/lv\/wp-json\/wp\/v2\/media?parent=22044"}],"wp:term":[{"taxonomy":"product_brand","embeddable":true,"href":"https:\/\/zooprekes24.lt\/lv\/wp-json\/wp\/v2\/product_brand?post=22044"},{"taxonomy":"product_cat","embeddable":true,"href":"https:\/\/zooprekes24.lt\/lv\/wp-json\/wp\/v2\/product_cat?post=22044"},{"taxonomy":"product_tag","embeddable":true,"href":"https:\/\/zooprekes24.lt\/lv\/wp-json\/wp\/v2\/product_tag?post=22044"}],"curies":[{"name":"wp","href":"https:\/\/api.w.org\/{rel}","templated":true}]}}