{"id":22041,"date":"2024-04-18T21:19:06","date_gmt":"2024-04-18T18:19:06","guid":{"rendered":"https:\/\/zooprekes24.lt\/produktas\/fitmin-for-life-tea-tree-oil-sampunas\/"},"modified":"2026-05-11T12:45:18","modified_gmt":"2026-05-11T10:45:18","slug":"fitmin-for-life-tejas-koka-ella-sampunas","status":"publish","type":"product","link":"https:\/\/zooprekes24.lt\/lv\/produktas\/fitmin-for-life-tea-tree-oil-sampunas\/","title":{"rendered":"Fitmin for Life t\u0113jas koka e\u013c\u013cas \u0161amp\u016bns su\u0146iem un ka\u0137iem 300 ml"},"content":{"rendered":"<h3>Fitmin for Life Tea Tree Oil ir \u0161amp\u016bns, kas pal\u012bdz nov\u0113rst da\u017e\u0101dus paraz\u012btus. \u0160amp\u016bns paredz\u0113ts su\u0146iem un ka\u0137iem, t\u0101 sast\u0101v\u0101 ir dab\u012bgas, bet efekt\u012bvas sast\u0101vda\u013cas. Unik\u0101las akt\u012bv\u0101s sast\u0101vda\u013cas apvienojum\u0101 ar pretparaz\u012btu dab\u012bg\u0101m sast\u0101vda\u013c\u0101m, piem\u0113ram, t\u0113jas koka, bergamotes, citronz\u0101les un eikalipta e\u013c\u013c\u0101m, ne tikai maigi att\u012bra \u0101du un ka\u017eoku, bet ar\u012b mazina niezi un mitrina iekaisu\u0161o \u0101du.<\/h3>\n<ul>\n<li><a href=\"http:\/\/www.fitmin.com\" target=\"_blank\" rel=\"noopener\">Fitmin<\/a> for Life t\u0113jas koka e\u013c\u013cas \u0161amp\u016bns vis\u0101m \u0161\u0137irn\u0113m <a href=\"https:\/\/zooprekes24.lt\/lv\/?s=sunims&amp;post_type=product\" target=\"_blank\" rel=\"noopener\">Su\u0146iem<\/a> un ka\u0137iem.<\/li>\n<li>\u0160amp\u016bnam ir pat\u012bkams, dab\u012bgs arom\u0101ts, un tas nav b\u012bstams cilv\u0113kiem un dz\u012bvniekiem.<\/li>\n<li>Sast\u0101v\u0101 eso\u0161\u0101s dab\u012bg\u0101s e\u013c\u013cas ne tikai mitrina dz\u012bvnieka ka\u017eoku un \u0101du, bet ar\u012b mazina iekaisu\u0161as \u0101das niezi.<\/li>\n<li>\u0160amp\u016bns pret paraz\u012btiem pal\u012bdz\u0113s atbaid\u012bt un izn\u012bcin\u0101t da\u017e\u0101dus paraz\u012btus, piem\u0113ram, blusas, \u0113rces, utis u. c.<\/li>\n<li>Atkar\u012bb\u0101 no atbilsto\u0161a \u0161amp\u016bna daudzuma \u0161o produktu var izmantot maziem, vid\u0113jiem un lieliem su\u0146iem un ka\u0137iem.<\/li>\n<\/ul>","protected":false},"excerpt":{"rendered":"<p>Fitmin for Life Tea Tree Oil &#8211; \u0161amp\u016bnas padedantis pa\u0161alinti \u012fvairi\u0173 parazit\u0173 atsiradim\u0105. Skirtas \u0161unims ir kat\u0117ms, sukurtas naudojant nat\u016bralius, bet veiksmingus komponentus. Unikalios veikliosios med\u017eiagos kartu su antiparazitin\u0117mis nat\u016braliomis med\u017eiagomis: arbatmed\u017eio, bergamo\u010di\u0173, citrin\u017eol\u0117s ir eukalipto aliejumi ne tik \u0161velniai valo od\u0105 bei kail\u012f bet ir ma\u017eina sudirgusios odos nie\u017e\u0117jim\u0105 ir j\u0105 dr\u0117kina. Fitmin for&#8230;<\/p>","protected":false},"featured_media":18756,"comment_status":"closed","ping_status":"closed","template":"","meta":{"_acf_changed":false,"slim_seo":{"title":"Fitmin for Life Tea Tree Oil \u0161amp\u016bnas nuo parazit\u0173 \u0161unims ir kat\u0117ms 300 ml - Zooprekes24","description":"Fitmin for Life Tea Tree Oil ir \u0161amp\u016bns, kas pal\u012bdz nov\u0113rst da\u017e\u0101dus paraz\u012btus. Paredz\u0113ts su\u0146iem un ka\u0137iem, izstr\u0101d\u0101ts, izmantojot dab\u012bgus, bet efekt\u012bvus"},"iawp_total_views":202},"product_brand":[],"product_cat":[9042,9043,83,25,104,32,9026,9025,8999,31],"product_tag":[6461,1626],"class_list":{"0":"post-22041","1":"product","2":"type-product","3":"status-publish","4":"has-post-thumbnail","6":"product_cat-fitmin-for-life-katems","7":"product_cat-fitmin-for-life-sunims","8":"product_cat-kaciu-prekiu-gamintojai","9":"product_cat-katems","10":"product_cat-kitos-kaciu-prekes","11":"product_cat-kitos-sunu-prekes","12":"product_cat-prieziuros-priemones-sunims","13":"product_cat-prieziuros-priemones-katems","14":"product_cat-sunims","15":"product_cat-sunu-prekiu-gamintojai","16":"product_tag-antiparazitinis-sampunas-katems","17":"product_tag-antiparazitinis-sampunas-sunims","18":"pa_prekiu-zenklai-fitmin-for-life","19":"pa_suns-amzius-jauniems","20":"pa_suns-amzius-senjorams","21":"pa_suns-amzius-suaugusiems","22":"pa_suns-amzius-visiems-amziams","23":"pa_veisles-dydis-didelems-veislems","24":"pa_veisles-dydis-mazoms-veislems","25":"pa_veisles-dydis-vidutinems-veislems","26":"pa_veisles-dydis-visu-dydziu-veislems","28":"first","29":"instock","30":"featured","31":"taxable","32":"shipping-taxable","33":"purchasable","34":"product-type-simple"},"acf":[],"_links":{"self":[{"href":"https:\/\/zooprekes24.lt\/lv\/wp-json\/wp\/v2\/product\/22041","targetHints":{"allow":["GET"]}}],"collection":[{"href":"https:\/\/zooprekes24.lt\/lv\/wp-json\/wp\/v2\/product"}],"about":[{"href":"https:\/\/zooprekes24.lt\/lv\/wp-json\/wp\/v2\/types\/product"}],"replies":[{"embeddable":true,"href":"https:\/\/zooprekes24.lt\/lv\/wp-json\/wp\/v2\/comments?post=22041"}],"wp:featuredmedia":[{"embeddable":true,"href":"https:\/\/zooprekes24.lt\/lv\/wp-json\/wp\/v2\/media\/18756"}],"wp:attachment":[{"href":"https:\/\/zooprekes24.lt\/lv\/wp-json\/wp\/v2\/media?parent=22041"}],"wp:term":[{"taxonomy":"product_brand","embeddable":true,"href":"https:\/\/zooprekes24.lt\/lv\/wp-json\/wp\/v2\/product_brand?post=22041"},{"taxonomy":"product_cat","embeddable":true,"href":"https:\/\/zooprekes24.lt\/lv\/wp-json\/wp\/v2\/product_cat?post=22041"},{"taxonomy":"product_tag","embeddable":true,"href":"https:\/\/zooprekes24.lt\/lv\/wp-json\/wp\/v2\/product_tag?post=22041"}],"curies":[{"name":"wp","href":"https:\/\/api.w.org\/{rel}","templated":true}]}}