{"id":22040,"date":"2024-04-18T21:19:06","date_gmt":"2024-04-18T18:19:06","guid":{"rendered":"https:\/\/zooprekes24.lt\/produktas\/fitmin-for-life-white-dogs-sampunas\/"},"modified":"2026-04-16T16:05:28","modified_gmt":"2026-04-16T14:05:28","slug":"fitmin-for-life-white-dogs-sampunas","status":"publish","type":"product","link":"https:\/\/zooprekes24.lt\/lv\/produktas\/fitmin-for-life-white-dogs-sampunas\/","title":{"rendered":"Fitmin for Life White Dogs \u0161amp\u016bns baltiem su\u0146iem 300 ml"},"content":{"rendered":"<h3>Fitmin for Life White Dogs ir maigs, gai\u0161as kr\u0101sas \u0161amp\u016bns, kura sast\u0101v\u0101 ir smalkas, bet efekt\u012bvas sast\u0101vda\u013cas. Unik\u0101las akt\u012bv\u0101s sast\u0101vda\u013cas, piem\u0113ram, citronz\u0101les \u0113terisk\u0101 e\u013c\u013ca un lopbar\u017ea ekstrakts, ne tikai maigi att\u012bra, detoksic\u0113 un saglab\u0101 svaigu ka\u017eoka smar\u017eu, bet ar\u012b mitrina un pie\u0161\u0137ir tam vesel\u012bgu sp\u012bdumu.<\/h3>\n<ul>\n<li><a href=\"http:\/\/www.fitmin.com\" target=\"_blank\" rel=\"noopener\">Fitmin<\/a> for Life White Dogs \u0160amp\u016bns gai\u0161aj\u0101m un baltmatainaj\u0101m \u0161\u0137irn\u0113m\u00a0<a href=\"https:\/\/zooprekes24.lt\/lv\/?s=sunims&amp;post_type=product\" target=\"_blank\" rel=\"noopener\">su\u0146iem.<\/a><\/li>\n<li>R\u016bp\u012bgi likvid\u0113 dzeltenus traipus un dabiski izce\u013c j\u016bsu m\u012blu\u013ca ka\u017eoka gai\u0161o kr\u0101su.<\/li>\n<li>Satur dadz\u012b\u0161a ekstraktu, kas mitrina su\u0146a matus un pie\u0161\u0137ir tiem vesel\u012bgu sp\u012bdumu.<\/li>\n<li>Maigi noskalo net\u012brumus, nekairinot \u0101du.<\/li>\n<li>Bag\u0101tin\u0101ts ar citronz\u0101les \u0113terisko e\u013c\u013cu, kumel\u012b\u0161u ziedu un dadzenes saknes ekstraktiem.<\/li>\n<\/ul>","protected":false},"excerpt":{"rendered":"<p>Fitmin for Life White Dogs \u0161velnus,\u00a0\u0161viesi\u0105 kailio spalv\u0105 pary\u0161kinantis\u00a0\u0161amp\u016bnas sukurtas naudojant subtilius, bet veiksmingus ingredientus.\u00a0Unikalios veikliosios med\u017eiagos, tokios kaip citrin\u017eoli\u0173 eterinis aliejus ir\u00a0varnal\u0117\u0161\u0173 ekstraktas\u00a0ne tik \u0161velniai valo, detoksikuoj\u0105 ir u\u017etikrina gaiv\u0173 kailio kvap\u0105 bet ir dr\u0117kina bei suteikia jam sveiko \u017evilgesio. Fitmin for Life White Dogs \u0161amp\u016bnas skirtas \u0161viesaus ir balto kailio veisli\u0173\u00a0\u0161unims. Kruop\u0161\u010diai pa\u0161alina&#8230;<\/p>","protected":false},"featured_media":18755,"comment_status":"closed","ping_status":"closed","template":"","meta":{"_acf_changed":false,"slim_seo":{"title":"Fitmin for Life White Dogs \u0161amp\u016bnas baltiems \u0161unims 300 ml - Zooprekes24","description":"Fitmin for Life White Dogs \u0161velnus,\u00a0\u0161viesi\u0105 kailio spalv\u0105 pary\u0161kinantis\u00a0\u0161amp\u016bnas sukurtas naudojant subtilius, bet veiksmingus ingredientus.\u00a0Unikalios veikliosi"},"iawp_total_views":101},"product_brand":[],"product_cat":[9043,32,9026,8999,31],"product_tag":[],"class_list":{"0":"post-22040","1":"product","2":"type-product","3":"status-publish","4":"has-post-thumbnail","6":"product_cat-fitmin-for-life-sunims","7":"product_cat-kitos-sunu-prekes","8":"product_cat-prieziuros-priemones-sunims","9":"product_cat-sunims","10":"product_cat-sunu-prekiu-gamintojai","11":"pa_prekiu-zenklai-fitmin-for-life","12":"pa_suns-amzius-senjorams","13":"pa_suns-amzius-suaugusiems","14":"pa_veisles-dydis-didelems-veislems","15":"pa_veisles-dydis-mazoms-veislems","16":"pa_veisles-dydis-vidutinems-veislems","17":"pa_veisles-dydis-visu-dydziu-veislems","19":"first","20":"outofstock","21":"featured","22":"taxable","23":"shipping-taxable","24":"purchasable","25":"product-type-simple"},"acf":[],"_links":{"self":[{"href":"https:\/\/zooprekes24.lt\/lv\/wp-json\/wp\/v2\/product\/22040","targetHints":{"allow":["GET"]}}],"collection":[{"href":"https:\/\/zooprekes24.lt\/lv\/wp-json\/wp\/v2\/product"}],"about":[{"href":"https:\/\/zooprekes24.lt\/lv\/wp-json\/wp\/v2\/types\/product"}],"replies":[{"embeddable":true,"href":"https:\/\/zooprekes24.lt\/lv\/wp-json\/wp\/v2\/comments?post=22040"}],"wp:featuredmedia":[{"embeddable":true,"href":"https:\/\/zooprekes24.lt\/lv\/wp-json\/wp\/v2\/media\/18755"}],"wp:attachment":[{"href":"https:\/\/zooprekes24.lt\/lv\/wp-json\/wp\/v2\/media?parent=22040"}],"wp:term":[{"taxonomy":"product_brand","embeddable":true,"href":"https:\/\/zooprekes24.lt\/lv\/wp-json\/wp\/v2\/product_brand?post=22040"},{"taxonomy":"product_cat","embeddable":true,"href":"https:\/\/zooprekes24.lt\/lv\/wp-json\/wp\/v2\/product_cat?post=22040"},{"taxonomy":"product_tag","embeddable":true,"href":"https:\/\/zooprekes24.lt\/lv\/wp-json\/wp\/v2\/product_tag?post=22040"}],"curies":[{"name":"wp","href":"https:\/\/api.w.org\/{rel}","templated":true}]}}