{"id":22039,"date":"2024-04-18T21:19:06","date_gmt":"2024-04-18T18:19:06","guid":{"rendered":"https:\/\/zooprekes24.lt\/produktas\/fitmin-for-life-sensitive-sampunas\/"},"modified":"2026-04-16T16:06:23","modified_gmt":"2026-04-16T14:06:23","slug":"fitmin-for-life-sensitive-sampunas","status":"publish","type":"product","link":"https:\/\/zooprekes24.lt\/lv\/produktas\/fitmin-for-life-sensitive-sampunas\/","title":{"rendered":"Fitmin for Life Sensitive \u0161amp\u016bns jut\u012bgiem su\u0146iem 300 ml"},"content":{"rendered":"<h3>Fitmin for Life Sensitive ir \u012bpa\u0161i maigs, nomierino\u0161s \u0161amp\u016bns, kura sast\u0101v\u0101 ir smalkas, bet efekt\u012bvas sast\u0101vda\u013cas. Unik\u0101las akt\u012bv\u0101s sast\u0101vda\u013cas, piem\u0113ram, kumel\u012b\u0161u ziedu ekstrakts un pantenols, ne tikai maigi att\u012bra ka\u017eoku, bet ar\u012b nomierina j\u016bsu m\u0101jdz\u012bvnieka jut\u012bgo un neaizsarg\u0101to \u0101du.<\/h3>\n<ul>\n<li><a href=\"http:\/\/www.fitmin.com\" target=\"_blank\" rel=\"noopener\">Fitmin<\/a> for Life Sensitive \u0161amp\u016bns ir piem\u0113rots vis\u0101m \u0161\u0137irn\u0113m.\u00a0<a href=\"https:\/\/zooprekes24.lt\/lv\/?s=sunims&amp;post_type=product\" target=\"_blank\" rel=\"noopener\">su\u0146iem.<\/a><\/li>\n<li>Optim\u0101li kopj jut\u012bgu \u0101du, harmoniz\u0113jot, nomierinot un mitrinot to.<\/li>\n<li>Maigi noskalo net\u012brumus, nekairinot \u0101du.<\/li>\n<li>\u0160amp\u016bns aizsarg\u0101 ka\u017eoku no kait\u012bgas \u0101r\u0113j\u0101s iedarb\u012bbas.<\/li>\n<li>Bag\u0101tin\u0101ts ar alvejas lapu un kumel\u012b\u0161u ziedu ekstraktiem.<\/li>\n<\/ul>","protected":false},"excerpt":{"rendered":"<p>Fitmin for Life Sensitive itin \u0161velnus, raminantis\u00a0\u0161amp\u016bnas sukurtas naudojant subtilius, bet veiksmingus ingredientus. Unikalios veikliosios med\u017eiagos, tokios kaip ramun\u0117li\u0173 \u017eied\u0173 ekstraktas ir pantenolis ne tik \u0161velniai valo kail\u012f bet ir ramina jautri\u0105 ir lengvai pa\u017eeid\u017eiam\u0105 augintinio od\u0105. Fitmin for Life Sensitive \u0161amp\u016bnas tinkamas vis\u0173 veisli\u0173\u00a0\u0161unims. Optimaliai r\u016bpinasi jautria oda, j\u0105 harmonizuoja, ramina ir dr\u0117kina. \u0160velniai&#8230;<\/p>","protected":false},"featured_media":18754,"comment_status":"closed","ping_status":"closed","template":"","meta":{"_acf_changed":false,"slim_seo":{"title":"Fitmin for Life Sensitive \u0161amp\u016bnas jautriems \u0161unims 300 ml - Zooprekes24","description":"Fitmin for Life Sensitive itin \u0161velnus, raminantis\u00a0\u0161amp\u016bnas sukurtas naudojant subtilius, bet veiksmingus ingredientus. Unikalios veikliosios med\u017eiagos, tokios"},"iawp_total_views":52},"product_brand":[],"product_cat":[9043,32,9026,8999,31],"product_tag":[1554],"class_list":{"0":"post-22039","1":"product","2":"type-product","3":"status-publish","4":"has-post-thumbnail","6":"product_cat-fitmin-for-life-sunims","7":"product_cat-kitos-sunu-prekes","8":"product_cat-prieziuros-priemones-sunims","9":"product_cat-sunims","10":"product_cat-sunu-prekiu-gamintojai","11":"product_tag-kaciu-sampunas","12":"pa_prekiu-zenklai-fitmin-for-life","13":"pa_suns-amzius-senjorams","14":"pa_suns-amzius-suaugusiems","15":"pa_veisles-dydis-didelems-veislems","16":"pa_veisles-dydis-mazoms-veislems","17":"pa_veisles-dydis-vidutinems-veislems","18":"pa_veisles-dydis-visu-dydziu-veislems","20":"first","21":"instock","22":"featured","23":"taxable","24":"shipping-taxable","25":"purchasable","26":"product-type-simple"},"acf":[],"_links":{"self":[{"href":"https:\/\/zooprekes24.lt\/lv\/wp-json\/wp\/v2\/product\/22039","targetHints":{"allow":["GET"]}}],"collection":[{"href":"https:\/\/zooprekes24.lt\/lv\/wp-json\/wp\/v2\/product"}],"about":[{"href":"https:\/\/zooprekes24.lt\/lv\/wp-json\/wp\/v2\/types\/product"}],"replies":[{"embeddable":true,"href":"https:\/\/zooprekes24.lt\/lv\/wp-json\/wp\/v2\/comments?post=22039"}],"wp:featuredmedia":[{"embeddable":true,"href":"https:\/\/zooprekes24.lt\/lv\/wp-json\/wp\/v2\/media\/18754"}],"wp:attachment":[{"href":"https:\/\/zooprekes24.lt\/lv\/wp-json\/wp\/v2\/media?parent=22039"}],"wp:term":[{"taxonomy":"product_brand","embeddable":true,"href":"https:\/\/zooprekes24.lt\/lv\/wp-json\/wp\/v2\/product_brand?post=22039"},{"taxonomy":"product_cat","embeddable":true,"href":"https:\/\/zooprekes24.lt\/lv\/wp-json\/wp\/v2\/product_cat?post=22039"},{"taxonomy":"product_tag","embeddable":true,"href":"https:\/\/zooprekes24.lt\/lv\/wp-json\/wp\/v2\/product_tag?post=22039"}],"curies":[{"name":"wp","href":"https:\/\/api.w.org\/{rel}","templated":true}]}}