{"id":22038,"date":"2024-04-18T21:19:06","date_gmt":"2024-04-18T18:19:06","guid":{"rendered":"https:\/\/zooprekes24.lt\/produktas\/fitmin-for-life-puppy-sampunas\/"},"modified":"2026-04-16T16:08:11","modified_gmt":"2026-04-16T14:08:11","slug":"fitmin-for-life-kucens-sampunas","status":"publish","type":"product","link":"https:\/\/zooprekes24.lt\/lv\/produktas\/fitmin-for-life-puppy-sampunas\/","title":{"rendered":"Fitmin for Life Puppy \u0161amp\u016bns jaunajiem su\u0146iem un ka\u0137iem 300 ml"},"content":{"rendered":"<h3>Fitmin for Life Puppy ir \u012bpa\u0161i maigs, barojo\u0161s \u0161amp\u016bns, kura sast\u0101v\u0101 ir smalkas, bet efekt\u012bvas sast\u0101vda\u013cas. Unik\u0101las akt\u012bv\u0101s sast\u0101vda\u013cas, piem\u0113ram, alvejas lapu ekstrakts un pantenols, ne tikai maigi att\u012bra, bet ar\u012b baro j\u016bsu jaun\u0101 m\u0101jdz\u012bvnieka \u0101du un ka\u017eoku.<\/h3>\n<ul>\n<li>Barojo\u0161a un mitrino\u0161a iedarb\u012bba.<\/li>\n<li>Bag\u0101tin\u0101ts ar alvejas lapu ekstraktu.<\/li>\n<li>Maigi noskalo net\u012brumus, nekairinot \u0101du.<\/li>\n<li>Optim\u0101li kopj jut\u012bgu \u0101du, harmoniz\u0113jot, nomierinot un mitrinot to.<\/li>\n<li><a href=\"http:\/\/www.fitmin.com\" target=\"_blank\" rel=\"noopener\">Fitmin<\/a> for Life Kuc\u0113nu \u0161amp\u016bns piem\u0113rots jauniem <a href=\"https:\/\/zooprekes24.lt\/lv\/?s=\u0161uniukams&amp;post_type=product\" target=\"_blank\" rel=\"noopener\">kuc\u0113niem<\/a> un ka\u0137\u0113nu mazg\u0101\u0161anai.<\/li>\n<\/ul>","protected":false},"excerpt":{"rendered":"<p>Fitmin for Life Puppy ir \u012bpa\u0161i maigs, barojo\u0161s \u0161amp\u016bns, kura sast\u0101v\u0101 ir smalkas, bet efekt\u012bvas sast\u0101vda\u013cas. Unik\u0101las akt\u012bv\u0101s sast\u0101vda\u013cas, piem\u0113ram, alvejas lapu ekstrakts un pantenols, ne tikai maigi att\u012bra, bet ar\u012b baro j\u016bsu jaun\u0101 m\u0101jdz\u012bvnieka \u0101du un ka\u017eoku. Barojo\u0161a un mitrino\u0161a iedarb\u012bba. Bag\u0101tin\u0101ts ar alvejas lapu ekstraktu. Maigi noskalo net\u012brumus, nekairinot \u0101du. Optim\u0101la kop\u0161ana jut\u012bgai \u0101dai,...<\/p>","protected":false},"featured_media":18753,"comment_status":"closed","ping_status":"closed","template":"","meta":{"_acf_changed":false,"slim_seo":{"title":"Fitmin for Life Puppy \u0161amp\u016bnas jauniems \u0161unims ir kat\u0117ms 300 ml - Zooprekes24","description":"Fitmin for Life Puppy ir \u012bpa\u0161i maigs, barojo\u0161s \u0161amp\u016bns, kura sast\u0101v\u0101 ir smalkas, bet efekt\u012bvas sast\u0101vda\u013cas. Unik\u0101las akt\u012bv\u0101s sast\u0101vda\u013cas, piem."},"iawp_total_views":45},"product_brand":[],"product_cat":[9042,9043,83,25,104,32,9025,9026,8999,31],"product_tag":[1554],"class_list":{"0":"post-22038","1":"product","2":"type-product","3":"status-publish","4":"has-post-thumbnail","6":"product_cat-fitmin-for-life-katems","7":"product_cat-fitmin-for-life-sunims","8":"product_cat-kaciu-prekiu-gamintojai","9":"product_cat-katems","10":"product_cat-kitos-kaciu-prekes","11":"product_cat-kitos-sunu-prekes","12":"product_cat-prieziuros-priemones-katems","13":"product_cat-prieziuros-priemones-sunims","14":"product_cat-sunims","15":"product_cat-sunu-prekiu-gamintojai","16":"product_tag-kaciu-sampunas","17":"pa_prekiu-zenklai-fitmin-for-life","18":"pa_suns-amzius-jauniems","19":"pa_veisles-dydis-didelems-veislems","20":"pa_veisles-dydis-mazoms-veislems","21":"pa_veisles-dydis-vidutinems-veislems","22":"pa_veisles-dydis-visu-dydziu-veislems","24":"first","25":"outofstock","26":"featured","27":"taxable","28":"shipping-taxable","29":"purchasable","30":"product-type-simple"},"acf":[],"_links":{"self":[{"href":"https:\/\/zooprekes24.lt\/lv\/wp-json\/wp\/v2\/product\/22038","targetHints":{"allow":["GET"]}}],"collection":[{"href":"https:\/\/zooprekes24.lt\/lv\/wp-json\/wp\/v2\/product"}],"about":[{"href":"https:\/\/zooprekes24.lt\/lv\/wp-json\/wp\/v2\/types\/product"}],"replies":[{"embeddable":true,"href":"https:\/\/zooprekes24.lt\/lv\/wp-json\/wp\/v2\/comments?post=22038"}],"wp:featuredmedia":[{"embeddable":true,"href":"https:\/\/zooprekes24.lt\/lv\/wp-json\/wp\/v2\/media\/18753"}],"wp:attachment":[{"href":"https:\/\/zooprekes24.lt\/lv\/wp-json\/wp\/v2\/media?parent=22038"}],"wp:term":[{"taxonomy":"product_brand","embeddable":true,"href":"https:\/\/zooprekes24.lt\/lv\/wp-json\/wp\/v2\/product_brand?post=22038"},{"taxonomy":"product_cat","embeddable":true,"href":"https:\/\/zooprekes24.lt\/lv\/wp-json\/wp\/v2\/product_cat?post=22038"},{"taxonomy":"product_tag","embeddable":true,"href":"https:\/\/zooprekes24.lt\/lv\/wp-json\/wp\/v2\/product_tag?post=22038"}],"curies":[{"name":"wp","href":"https:\/\/api.w.org\/{rel}","templated":true}]}}