{"id":22037,"date":"2024-04-18T21:19:06","date_gmt":"2024-04-18T18:19:06","guid":{"rendered":"https:\/\/zooprekes24.lt\/produktas\/fitmin-purity-barf-sunims\/"},"modified":"2024-08-14T16:34:09","modified_gmt":"2024-08-14T13:34:09","slug":"fitmin-tiribas-barf-sunims","status":"publish","type":"product","link":"https:\/\/zooprekes24.lt\/lv\/produktas\/fitmin-purity-barf-sunims\/","title":{"rendered":"Fitmin Purity Barf &amp; Cooked Pilnv\u0113rt\u012bgs un sabalans\u0113ts uztura bag\u0101tin\u0101t\u0101js su\u0146iem 260 g"},"content":{"rendered":"<h3>Fitmin Purity Barf &amp; Cooked Complete and Balanced ir dab\u012bgs alus rauga uztura bag\u0101tin\u0101t\u0101js pieaugu\u0161iem su\u0146iem, ko var saukt par \u012bstu superbar\u012bbu vai dab\u012bgu probiotiku. Ja Jums rodas jaut\u0101jums, vai ir v\u0113rts izm\u0113\u0123in\u0101t un papildin\u0101t sava m\u012blu\u013ca uzturu ar alus raugu, atbilde ir - bez \u0161aub\u0101m! Alus raugs su\u0146iem bie\u017ei tiek lietots k\u0101 papildin\u0101jums, lai nodro\u0161in\u0101tu pilnv\u0113rt\u012bgu su\u0146a uzturu, kas nodro\u0161ina m\u0101jdz\u012bvnieka organismu ar nepiecie\u0161amajiem vitam\u012bniem un antioksidantiem, ko vienk\u0101r\u0161a bar\u012bba m\u0101jdz\u012bvniekiem nevar nodro\u0161in\u0101t.<\/h3>\n<ul>\n<li>Alus raugs ir dab\u012bgs produkts, kas satur daudzas svar\u012bgas akt\u012bv\u0101s sast\u0101vda\u013cas optim\u0101l\u0101 l\u012bdzsvar\u0101: visus B grupas vitam\u012bnus, miner\u0101lvielas un augstas kvalit\u0101tes olbaltumvielas. B grupas vitam\u012bni darbojas k\u0101 katalizatori visos dz\u012bvnieku audos. Tie ir svar\u012bgi og\u013chidr\u0101tu un olbaltumvielu optim\u0101lai asimil\u0101cijai un \u0161\u016bnu dal\u012b\u0161an\u0101s pareizai uztur\u0113\u0161anai. Uzlabojot vielmai\u0146u, tie ne tikai palielina dz\u012bvnieka vitalit\u0101ti, bet ar\u012b stiprina su\u0146a nervu sist\u0113mu.<\/li>\n<li>Fitmin Purity Barf &amp; Cooked pilnv\u0113rt\u012bgs un sabalans\u0113ts uztura bag\u0101tin\u0101t\u0101js ir bag\u0101ts ar antioksidantiem, kas veicina j\u016bsu m\u012blu\u013ca \u0101das kvalit\u0101ti un nodro\u0161ina vesel\u012bgu, sp\u012bd\u012bgu ka\u017eoku.<\/li>\n<li>Pateicoties ener\u0123ijas ra\u017eo\u0161anas aktiviz\u0113\u0161anai organisma \u0161\u016bn\u0101s, alus rauga augstais miner\u0101lvielu un mikroelementu saturs ne tikai stiprina m\u0101jdz\u012bvnieka v\u0113lmi b\u016bt akt\u012bvam, bet ar\u012b pal\u012bdz vec\u0101ka gadag\u0101juma su\u0146a organismam atg\u016bt vitalit\u0101ti.<\/li>\n<li>Alus raugs ir dab\u012bgs un dro\u0161s produkts ikdienas lieto\u0161anai neatkar\u012bgi no t\u0101, ar ko barojat savu \u010detrk\u0101jaino draugu. Bar\u012bbas papildin\u0101jums kompens\u0113 un samazina bar\u012bbas vielu tr\u016bkuma risku, k\u0101 ar\u012b pal\u012bdz apmierin\u0101t liel\u0101s vajadz\u012bbas gr\u016bsn\u0101m vai barojo\u0161\u0101m kuc\u0113m un su\u0146iem, kas atvese\u013cojas p\u0113c slim\u012bbas.<\/li>\n<li>Fitmin Purity Barf &amp; Cooked Pilnv\u0113rt\u012bgas un sabalans\u0113tas sast\u0101vda\u013cas Chlorella bag\u0101tin\u0101ts (<a href=\"https:\/\/en.wikipedia.org\/wiki\/Chlorella\" target=\"_blank\" rel=\"noopener\"><em>Chlorella a\u013c\u0123es<\/em><\/a>) ir br\u012bvi peldo\u0161as vien\u0161\u016bnas za\u013c\u0101s mikroa\u013c\u0123es (fitoplanktons), kas aug sald\u016bden\u012b. Chlorella \u0161\u016bnu sieni\u0146as liel\u0101koties sast\u0101v no celulozes un hit\u012bna, kas \u013cauj t\u0101m saist\u012bt un izvad\u012bt toksiskas vielas. \u0160\u012bs mikroa\u013c\u0123es absorb\u0113 m\u0101jdz\u012bvnieka organism\u0101 nevajadz\u012bgos atkritumus un toks\u012bnus un pal\u012bdz tos saudz\u012bgi izvad\u012bt no m\u0101jdz\u012bvnieka organisma caur zarn\u0101m.<\/li>\n<li>Fitmin Purity Barf &amp; Cooked Pilnv\u0113rt\u012bgs un sabalans\u0113ts alus raugs ir lielisks papildin\u0101jums BARF (Bones and Raw Food) bar\u012bbai.<\/li>\n<\/ul>","protected":false},"excerpt":{"rendered":"<p>Fitmin Purity Barf &amp; Cooked Complete and Balanced nat\u016bralus alaus mieli\u0173 pa\u0161aro papildas suaugusiems \u0161unims kur\u012f galima vadinti tikru supermaistu ar nat\u016braliu probiotiku.\u00a0Jei svarstote ar vert\u0117t\u0173 i\u0161m\u0117ginti ir papildyti augintinio mityb\u0105 alaus miel\u0117mis, atsakymas &#8211; be abejon\u0117s! Alaus miel\u0117s \u0161unims da\u017enai naudojamos kaip priedas pilnaver\u010diam \u0161uns mitybos raciono u\u017etikrinimui, kuris apr\u016bpina augintinio organizm\u0105 reikaling\u0173 vitamin\u0173&#8230;<\/p>","protected":false},"featured_media":18751,"comment_status":"closed","ping_status":"closed","template":"","meta":{"_acf_changed":false,"slim_seo":{"title":"Fitmin Purity Barf & Cooked Complete and Balanced maisto papildas \u0161unims 260 g - Zooprekes24","description":"Fitmin Purity Barf &amp; Cooked Pilnv\u0113rt\u012bgs un sabalans\u0113ts dab\u012bgs alus rauga uztura bag\u0101tin\u0101t\u0101js pieaugu\u0161iem su\u0146iem, ko var saukt par \u012bstu superbar\u012bbu vai dab\u012bgu bar\u012bbu."},"iawp_total_views":58},"product_brand":[],"product_cat":[9051,32,8999,31,9022],"product_tag":[3063,3347,1319,1322,1331],"class_list":{"0":"post-22037","1":"product","2":"type-product","3":"status-publish","4":"has-post-thumbnail","6":"product_cat-fitmin-purity","7":"product_cat-kitos-sunu-prekes","8":"product_cat-sunims","9":"product_cat-sunu-prekiu-gamintojai","10":"product_cat-vitaminai-ir-papildai-sunims","11":"product_tag-barf-papildai-sunims","12":"product_tag-fitmin-alaus-mieles-sunims","13":"product_tag-fitmin-purity-papildai","14":"product_tag-fitmin-vitaminai-suniui","15":"product_tag-vitaminai-senam-suniui","16":"pa_prekiu-zenklai-fitmin-purity","17":"pa_suns-amzius-senjorams","18":"pa_suns-amzius-suaugusiems","19":"pa_veisles-dydis-didelems-veislems","20":"pa_veisles-dydis-mazoms-veislems","21":"pa_veisles-dydis-vidutinems-veislems","22":"pa_veisles-dydis-visu-dydziu-veislems","24":"first","25":"outofstock","26":"featured","27":"taxable","28":"shipping-taxable","29":"purchasable","30":"product-type-simple"},"acf":[],"_links":{"self":[{"href":"https:\/\/zooprekes24.lt\/lv\/wp-json\/wp\/v2\/product\/22037","targetHints":{"allow":["GET"]}}],"collection":[{"href":"https:\/\/zooprekes24.lt\/lv\/wp-json\/wp\/v2\/product"}],"about":[{"href":"https:\/\/zooprekes24.lt\/lv\/wp-json\/wp\/v2\/types\/product"}],"replies":[{"embeddable":true,"href":"https:\/\/zooprekes24.lt\/lv\/wp-json\/wp\/v2\/comments?post=22037"}],"wp:featuredmedia":[{"embeddable":true,"href":"https:\/\/zooprekes24.lt\/lv\/wp-json\/wp\/v2\/media\/18751"}],"wp:attachment":[{"href":"https:\/\/zooprekes24.lt\/lv\/wp-json\/wp\/v2\/media?parent=22037"}],"wp:term":[{"taxonomy":"product_brand","embeddable":true,"href":"https:\/\/zooprekes24.lt\/lv\/wp-json\/wp\/v2\/product_brand?post=22037"},{"taxonomy":"product_cat","embeddable":true,"href":"https:\/\/zooprekes24.lt\/lv\/wp-json\/wp\/v2\/product_cat?post=22037"},{"taxonomy":"product_tag","embeddable":true,"href":"https:\/\/zooprekes24.lt\/lv\/wp-json\/wp\/v2\/product_tag?post=22037"}],"curies":[{"name":"wp","href":"https:\/\/api.w.org\/{rel}","templated":true}]}}