{"id":22036,"date":"2024-04-18T21:19:06","date_gmt":"2024-04-18T18:19:06","guid":{"rendered":"https:\/\/zooprekes24.lt\/produktas\/fitmin-purity-coat-skin-sunims\/"},"modified":"2026-04-27T16:24:13","modified_gmt":"2026-04-27T14:24:13","slug":"fitmin-tiriba-metelis-ada-sunims","status":"publish","type":"product","link":"https:\/\/zooprekes24.lt\/lv\/produktas\/fitmin-purity-coat-skin-sunims\/","title":{"rendered":"Fitmin Purity Coat &amp; Skin maisto papildas \u0161unims 160 g"},"content":{"rendered":"<h3>Fitmin Purity Coat &amp; Skin pieaugu\u0161iem su\u0146iem ne tikai pal\u012bdz\u0113s j\u016bsu m\u012blulim ieg\u016bt skaistu, sp\u012bd\u012bgu un bl\u012bvu ka\u017eoku, bet ar\u012b uzlabos visp\u0101r\u0113jo \u0101das kvalit\u0101ti un stiprin\u0101s \u0101das saistaudus. Papildin\u0101jums ar\u012b nodro\u0161in\u0101s optim\u0101lu ka\u017eoka pigment\u0101ciju un pozit\u012bvi ietekm\u0113s visp\u0101r\u0113jo organisma im\u016bnsist\u0113mu. Nepiev\u0113r\u0161ot savlaic\u012bgu uzman\u012bbu m\u0101jdz\u012bvnieka ka\u017eoka un \u0101das vesel\u012bbai, ka\u017eoks var zaud\u0113t savu sp\u012bdumu, k\u013c\u016bt mat\u0113ts un stipri \u0161\u0137\u012bst. \u0100da var k\u013c\u016bt jut\u012bga, var rasties da\u017e\u0101das aler\u0123iskas nieze, zv\u012b\u0146o\u0161an\u0101s un kairin\u0101jums, kas var izrais\u012bt nopietn\u0101kas \u0101das slim\u012bbas.<\/h3>\n<ul>\n<li>\u0100da ir \u0137erme\u0146a aizsargbarjera, kas aizsarg\u0101 dz\u012bvnieka \u0137ermeni no \u0101r\u0113j\u0101s vides. Tai j\u0101b\u016bt pietiekami jut\u012bgai, lai konstat\u0113tu vides izmai\u0146as, bet vienlaikus pietiekami sp\u0113c\u012bgai, lai aizsarg\u0101tu galvenos org\u0101nus un audus no \u0101r\u0113jiem boj\u0101jumiem. \u0100das \u0101r\u0113jiem un iek\u0161\u0137\u012bgi lietojamiem prepar\u0101tiem ir j\u0101darbojas saska\u0146oti, lai nodro\u0161in\u0101tu ne tikai visu tr\u012bs \u0101das sl\u0101\u0146u (epidermas, dermas un zem\u0101das) pareizu darb\u012bbu, bet ar\u012b pan\u0101ktu optim\u0101lu m\u0101jdz\u012bvnieka aizsardz\u012bbu.<\/li>\n<li>Nepietiekams biot\u012bna daudzums var izrais\u012bt j\u016bsu m\u012blu\u013ca ka\u017eoka izkri\u0161anu, iz\u017e\u016b\u0161anu un mat\u0113t\u012bbu, \u0101das jut\u012bgumu, k\u0101 ar\u012b nagu v\u0101jumu un trauslumu. Lai izvair\u012btos no \u0161\u012bm probl\u0113m\u0101m, su\u0146a uzturs j\u0101papildina ar biot\u012bna piedevu. Fitmin Purity Coat &amp; Skin satur l\u012bdz pat 1000 mg biot\u012bna.<\/li>\n<li>Bag\u0101tin\u0101ts ar vienk\u0101r\u0161\u0101m un neakt\u012bv\u0101m viel\u0101m\u00a0<em>Saccharomyces cerevisiae <\/em>raugs un B-kompleksa vitam\u012bni (B1, B2, B6, B12), kas nodro\u0161ina dz\u012bvnieka \u0101dai nepiecie\u0161am\u0101s uzturvielas. \u0100da k\u013c\u016bst iev\u0113rojami elast\u012bg\u0101ka, mitr\u0101ka, un blaugznas uzlabojas vai piln\u012bb\u0101 izz\u016bd.<\/li>\n<li>Baro\u0161an\u0101s ir dabisks process, ta\u010du p\u0101rm\u0113r\u012bgu baro\u0161anos veicina sezon\u0101l\u0101 iek\u0161telpu apkure un slikts m\u0101jdz\u012bvnieku uzturs. \u0160ie iemesli izjauc m\u0101jdz\u012bvnieka dabisko baro\u0161anas ciklu un rada papildu ne\u0113rt\u012bbas saimniekiem, piem\u0113ram: ka\u017eok\u0101du un p\u016bku cietoksnis m\u0101j\u0101s :) Fitmin Purity Coat &amp; Skin atjauno m\u0101jdz\u012bvnieka apmatojuma dabisko dz\u012bves ciklu.<\/li>\n<li>Izmantots sast\u0101v\u0101 <a href=\"https:\/\/www.biorigin.net\/biorigin\/index.php\/en\/feed-2\/portfolio-feed-2\/portfolio-feed-macrogard-2\" target=\"_blank\" rel=\"noopener\">Biorigin MacroGard\u00ae<\/a> Beta glik\u0101ni - dabiska, att\u012br\u012bta viela, kas ieg\u016bta no neakt\u012bv\u0101m viel\u0101m.\u00a0<em>Saccharomyces cerevisae<\/em><em>\u00a0<\/em>rauga \u0161\u016bnu sieni\u0146as<em>, <\/em>satur augst\u0101k\u0101s kvalit\u0101tes 1,3\/1,6 beta-glik\u0101nus ar izcil\u0101m bioakt\u012bv\u0101m \u012bpa\u0161\u012bb\u0101m. Tie ne tikai l\u012bdzsvaro un stiprina m\u0101jdz\u012bvnieka dabisk\u0101s aizsargsp\u0113jas, bet ar\u012b pal\u012bdz organismam efekt\u012bv\u0101k c\u012bn\u012bties ar iekaisumiem un slim\u012bb\u0101m. Fitmin Purity Coat &amp; Skin sast\u0101v\u0101 eso\u0161ie \u03b2-glik\u0101ni veicina ar\u012b zarnu mikrobiotas l\u012bdzsvaru, samazinot nev\u0113lamu mikroorganismu koloniz\u0101cijas risku un smagumu.<\/li>\n<\/ul>","protected":false},"excerpt":{"rendered":"<p>Fitmin Purity Coat &amp; Skin pa\u0161aro papildas suaugusiems \u0161unims pad\u0117s\u00a0augintiniui tur\u0117ti ne tik gra\u017e\u0173, \u017evilgant\u012f ir tank\u0173 kail\u012f bet ir gerins bendr\u0105\u00a0odos kokyb\u0119 bei stiprins jungiamuosius odos audinius. Papildas taip pat suteiks kailio spalvai\u00a0optimali\u0105 pigmentacij\u0105 bei tur\u0117s teigiam\u0105 poveik\u012f bendram organizmo \u012fmunitetui.\u00a0Laiku nepasir\u016bpinus augintinio kailio ir odos sveikata, kailis gali prarasti blizges\u012f, prad\u0117ti veltis ir&#8230;<\/p>","protected":false},"featured_media":18749,"comment_status":"closed","ping_status":"closed","template":"","meta":{"_acf_changed":false,"slim_seo":{"title":"Fitmin Purity Coat &amp; Skin maisto papildas \u0161unims 160 g - Zooprekes24","description":"Fitmin Purity Coat &amp; Skin pieaugu\u0161iem su\u0146iem ne tikai pal\u012bdz\u0113s j\u016bsu m\u012blulim ieg\u016bt skaistu, sp\u012bd\u012bgu un bl\u012bvu ka\u017eoku, bet ar\u012b uzlabos \u0101das visp\u0101r\u0113jo kvalit\u0101ti."},"iawp_total_views":82},"product_brand":[],"product_cat":[9051,32,8999,31,9022],"product_tag":[1319,1354,1322,1358,1331],"class_list":{"0":"post-22036","1":"product","2":"type-product","3":"status-publish","4":"has-post-thumbnail","6":"product_cat-fitmin-purity","7":"product_cat-kitos-sunu-prekes","8":"product_cat-sunims","9":"product_cat-sunu-prekiu-gamintojai","10":"product_cat-vitaminai-ir-papildai-sunims","11":"product_tag-fitmin-purity-papildai","12":"product_tag-fitmin-purity-papildai-kailiui","13":"product_tag-fitmin-vitaminai-suniui","14":"product_tag-papildai-suns-kailiui","15":"product_tag-vitaminai-senam-suniui","16":"pa_prekiu-zenklai-fitmin-purity","17":"pa_suns-amzius-senjorams","18":"pa_suns-amzius-suaugusiems","19":"pa_veisles-dydis-didelems-veislems","20":"pa_veisles-dydis-mazoms-veislems","21":"pa_veisles-dydis-vidutinems-veislems","22":"pa_veisles-dydis-visu-dydziu-veislems","24":"first","25":"onbackorder","26":"featured","27":"taxable","28":"shipping-taxable","29":"purchasable","30":"product-type-simple"},"acf":[],"_links":{"self":[{"href":"https:\/\/zooprekes24.lt\/lv\/wp-json\/wp\/v2\/product\/22036","targetHints":{"allow":["GET"]}}],"collection":[{"href":"https:\/\/zooprekes24.lt\/lv\/wp-json\/wp\/v2\/product"}],"about":[{"href":"https:\/\/zooprekes24.lt\/lv\/wp-json\/wp\/v2\/types\/product"}],"replies":[{"embeddable":true,"href":"https:\/\/zooprekes24.lt\/lv\/wp-json\/wp\/v2\/comments?post=22036"}],"wp:featuredmedia":[{"embeddable":true,"href":"https:\/\/zooprekes24.lt\/lv\/wp-json\/wp\/v2\/media\/18749"}],"wp:attachment":[{"href":"https:\/\/zooprekes24.lt\/lv\/wp-json\/wp\/v2\/media?parent=22036"}],"wp:term":[{"taxonomy":"product_brand","embeddable":true,"href":"https:\/\/zooprekes24.lt\/lv\/wp-json\/wp\/v2\/product_brand?post=22036"},{"taxonomy":"product_cat","embeddable":true,"href":"https:\/\/zooprekes24.lt\/lv\/wp-json\/wp\/v2\/product_cat?post=22036"},{"taxonomy":"product_tag","embeddable":true,"href":"https:\/\/zooprekes24.lt\/lv\/wp-json\/wp\/v2\/product_tag?post=22036"}],"curies":[{"name":"wp","href":"https:\/\/api.w.org\/{rel}","templated":true}]}}