{"id":22035,"date":"2024-04-18T21:19:06","date_gmt":"2024-04-18T18:19:06","guid":{"rendered":"https:\/\/zooprekes24.lt\/produktas\/fitmin-purity-teeth-gums-sunims\/"},"modified":"2024-08-14T16:40:38","modified_gmt":"2024-08-14T13:40:38","slug":"fitmin-tiriba-zobi-smaganas-sunims","status":"publish","type":"product","link":"https:\/\/zooprekes24.lt\/lv\/produktas\/fitmin-purity-teeth-gums-sunims\/","title":{"rendered":"Fitmin Purity Teeth &amp; Gums uztura bag\u0101tin\u0101t\u0101js su\u0146iem 80 g"},"content":{"rendered":"<h3>Fitmin Purity Teeth &amp; Gums ir uztura bag\u0101tin\u0101t\u0101js su\u0146iem, kas paredz\u0113ts, lai pal\u012bdz\u0113tu nov\u0113rst zobu aplikuma un zobakmens veido\u0161anos un nev\u0113lamu bakt\u0113riju aug\u0161anu j\u016bsu m\u012blu\u013ca mutes dobum\u0101. Katru reizi, kad dz\u012bvnieks \u0113d, uz vi\u0146a zobiem veidojas lip\u012bgs aplikums, kas rea\u0123\u0113 ar dz\u012bvnieka siekal\u0101s dabiski eso\u0161ajiem s\u0101\u013ciem un s\u0101k saciet\u0113t un veidot zobakmeni. Neveicot savlaic\u012bgu mutes dobuma vesel\u012bbas apr\u016bpi, m\u0101jdz\u012bvnieka smaganas var k\u013c\u016bt s\u0101p\u012bgas, un var att\u012bst\u012bties da\u017e\u0101di iekaisumi, ko pavada s\u0101pes, un nopietn\u0101kas slim\u012bbas, kas var novest pie zobu zuduma.<\/h3>\n<ul style=\"font-weight: 400;\">\n<li>Liel\u0101s a\u013c\u0123es (<a href=\"https:\/\/en.wikipedia.org\/wiki\/Ascophyllum\" target=\"_blank\" rel=\"noopener\">Ascophylum nodosum<\/a>) ir dabiska viela, kas ieg\u016bta no j\u016bras a\u013c\u0123\u0113m un paredz\u0113ta profilaktiskai un profilaktiskai lieto\u0161anai pret aplikuma un zobakmens veido\u0161anos m\u0101jdz\u012bvniekiem. Zin\u0101ms ar\u012b, ka j\u016bras a\u013c\u0123es ne tikai efekt\u012bvi samazina bakt\u0113riju daudzumu mutes dobum\u0101, bet ar\u012b pal\u012bdz likvid\u0113t sliktu elpu m\u0101jdz\u012bvniekiem.<\/li>\n<li>Regul\u0101ri lietojot Fitmin Purity Teeth &amp; Gums uztura bag\u0101tin\u0101t\u0101ju.\u00a0<span lang=\"CS\">a\u013c\u0123u iedarb\u012bba no asinsrites sist\u0113mas izdal\u0101s ar siekal\u0101m m\u0101jdz\u012bvnieka mutes dobum\u0101.<\/span>pie\u0161\u0137irot tiem m\u012bkstino\u0161as \u012bpa\u0161\u012bbas, kas \u0161\u0137\u012bdina zobu aplikumu un samazina jaunu zobu aplikuma veido\u0161an\u0101s risku.<\/li>\n<li>J\u016bras a\u013c\u0123es satur ar\u012b svar\u012bgus vitam\u012bnus, miner\u0101lvielas un mikroelementus, kas kop\u0101 ar taj\u0101s eso\u0161o jodu un sel\u0113nu ir \u013coti labv\u0113l\u012bgi dz\u012bvnieku visp\u0101r\u0113jai vesel\u012bbai. T\u0101s ne tikai stiprina su\u0146a imunit\u0101ti un t\u0101m piem\u012bt antioksidantu \u012bpa\u0161\u012bbas, bet ar\u012b pal\u012bdz nov\u0113rst de\u0123enerat\u012bvos procesus.<\/li>\n<li>C vitam\u012bns labv\u0113l\u012bgi ietekm\u0113 smaganas, pie\u0161\u0137irot elast\u012bbu asinsvadu sieni\u0146\u0101m un \u0161\u016bnu membr\u0101n\u0101m. \u0160is antioksidants vitam\u012bns aizsarg\u0101 j\u016bsu m\u012blu\u013ca \u0161\u016bnas no apk\u0101rt\u0113j\u0101s vides kait\u012bg\u0101s ietekmes, stiprina im\u016bnsist\u0113mu un pal\u012bdz nov\u0113rst vai samazin\u0101t atk\u0101rtotu smaganu asi\u0146o\u0161anu.<\/li>\n<li>Fitmin Purity Teeth &amp; Gums Koenz\u012bms Q uztura bag\u0101tin\u0101t\u0101j\u0101<sub>10\u00a0<\/sub>samazina iekaisuma procesus un periodonta kabatu lielumu un pal\u012bdz uzlabot to st\u0101vokli.<\/li>\n<\/ul>","protected":false},"excerpt":{"rendered":"<p>Fitmin Purity Teeth &amp; Gums pa\u0161aro papildas \u0161unims sukurtas taip, jog pad\u0117t\u0173 i\u0161vengti apna\u0161\u0173 ir akmen\u0173 formavimosi bei nepageidaujam\u0173 bakterij\u0173 dauginimosi augintinio burnos ertm\u0117je. Kiekvien\u0105 kart\u0105 augintiniui \u0117dant ant dant\u0173 susiformuoja lipnios apna\u0161os, kurios reaguodamos \u012f nat\u016braliai augintinio seil\u0117se esan\u010dias druskas, pradeda kiet\u0117ti ir virsta dant\u0173 akmenimis.\u00a0Laiku nepasir\u016bpinus augintinio burnos ertm\u0117s sveikata\u00a0dantenos gali tapti skausmingos,&#8230;<\/p>","protected":false},"featured_media":18747,"comment_status":"closed","ping_status":"closed","template":"","meta":{"_acf_changed":false,"slim_seo":{"title":"Fitmin Purity Teeth & Gums maisto papildas \u0161unims 80 g - Zooprekes24","description":"Fitmin Purity Teeth &amp; Gums ir uztura bag\u0101tin\u0101t\u0101js su\u0146iem, kas paredz\u0113ts, lai pal\u012bdz\u0113tu nov\u0113rst zobu aplikuma un zobakmens veido\u0161anos un nev\u0113lamu bakt\u0113riju aug\u0161anu."},"iawp_total_views":55},"product_brand":[],"product_cat":[9051,32,8999,31,9022],"product_tag":[1319,3354,1322,1331],"class_list":{"0":"post-22035","1":"product","2":"type-product","3":"status-publish","4":"has-post-thumbnail","6":"product_cat-fitmin-purity","7":"product_cat-kitos-sunu-prekes","8":"product_cat-sunims","9":"product_cat-sunu-prekiu-gamintojai","10":"product_cat-vitaminai-ir-papildai-sunims","11":"product_tag-fitmin-purity-papildai","12":"product_tag-fitmin-purity-papildas-suns-dantims","13":"product_tag-fitmin-vitaminai-suniui","14":"product_tag-vitaminai-senam-suniui","15":"pa_prekiu-zenklai-fitmin-purity","16":"pa_suns-amzius-jauniems","17":"pa_suns-amzius-senjorams","18":"pa_suns-amzius-suaugusiems","19":"pa_suns-amzius-visiems-amziams","20":"pa_veisles-dydis-didelems-veislems","21":"pa_veisles-dydis-mazoms-veislems","22":"pa_veisles-dydis-vidutinems-veislems","23":"pa_veisles-dydis-visu-dydziu-veislems","25":"first","26":"outofstock","27":"featured","28":"taxable","29":"shipping-taxable","30":"purchasable","31":"product-type-simple"},"acf":[],"_links":{"self":[{"href":"https:\/\/zooprekes24.lt\/lv\/wp-json\/wp\/v2\/product\/22035","targetHints":{"allow":["GET"]}}],"collection":[{"href":"https:\/\/zooprekes24.lt\/lv\/wp-json\/wp\/v2\/product"}],"about":[{"href":"https:\/\/zooprekes24.lt\/lv\/wp-json\/wp\/v2\/types\/product"}],"replies":[{"embeddable":true,"href":"https:\/\/zooprekes24.lt\/lv\/wp-json\/wp\/v2\/comments?post=22035"}],"wp:featuredmedia":[{"embeddable":true,"href":"https:\/\/zooprekes24.lt\/lv\/wp-json\/wp\/v2\/media\/18747"}],"wp:attachment":[{"href":"https:\/\/zooprekes24.lt\/lv\/wp-json\/wp\/v2\/media?parent=22035"}],"wp:term":[{"taxonomy":"product_brand","embeddable":true,"href":"https:\/\/zooprekes24.lt\/lv\/wp-json\/wp\/v2\/product_brand?post=22035"},{"taxonomy":"product_cat","embeddable":true,"href":"https:\/\/zooprekes24.lt\/lv\/wp-json\/wp\/v2\/product_cat?post=22035"},{"taxonomy":"product_tag","embeddable":true,"href":"https:\/\/zooprekes24.lt\/lv\/wp-json\/wp\/v2\/product_tag?post=22035"}],"curies":[{"name":"wp","href":"https:\/\/api.w.org\/{rel}","templated":true}]}}