{"id":22034,"date":"2024-04-18T21:19:06","date_gmt":"2024-04-18T18:19:06","guid":{"rendered":"https:\/\/zooprekes24.lt\/produktas\/fitmin-purity-joints-prevention-sunims\/"},"modified":"2024-08-14T16:36:25","modified_gmt":"2024-08-14T13:36:25","slug":"fitmin-tiribas-locitavu-profilakse-sunims","status":"publish","type":"product","link":"https:\/\/zooprekes24.lt\/lv\/produktas\/fitmin-purity-joints-prevention-sunims\/","title":{"rendered":"Fitmin Purity Joints &amp; Prevention uztura bag\u0101tin\u0101t\u0101js su\u0146iem 200 g"},"content":{"rendered":"<h3>Fitmin Purity Joints &amp; Prevention su\u0146u bar\u012bbas piedevas sast\u0101v\u0101 ir dab\u012bgas sast\u0101vda\u013cas, kas ir b\u016btiskas j\u016bsu m\u012blu\u013ca kust\u012bbu sist\u0113mas efektivit\u0101tei un darbsp\u0113jai. Ikdienas pastaigas, strauja aug\u0161ana un pieaugo\u0161\u0101s fizisk\u0101s aktivit\u0101tes ietekm\u0113 su\u0146a loc\u012btavu, sai\u0161u un c\u012bpslu kvalit\u0101ti. Savlaic\u012bga ner\u016bp\u0113joties par m\u0101jdz\u012bvnieka loc\u012btavu vesel\u012bbu, var samazin\u0101ties kust\u012bgums, rasties iekaisumi, s\u0101pes un slim\u012bbas. Ir nov\u0113rots, ka loc\u012btavu vesel\u012bbu parasti pasliktina aptauko\u0161an\u0101s un ka ar\u012b jaun\u0101m, strauji augo\u0161\u0101m (liel\u0101m un milzu) \u0161\u0137irn\u0113m ir paaugstin\u0101ts loc\u012btavu probl\u0113mu risks ne tikai \u0123en\u0113tisk\u0101s noslieces d\u0113\u013c, bet ar\u012b vitam\u012bnu un miner\u0101lvielu tr\u016bkuma d\u0113\u013c.<\/h3>\n<ul style=\"font-weight: 400;\">\n<li>Fitmin Purity Joints &amp; Prevention ir optim\u0101li piel\u0101gots jaun\u0101 su\u0146a vajadz\u012bb\u0101m. Sast\u0101vda\u013cas pal\u012bdz nov\u0113rst loc\u012btavu skrim\u0161\u013ca un skeleta att\u012bst\u012bbas trauc\u0113jumus. Papildin\u0101jums nodro\u0161ina ar\u012b atbalsto\u0161u iedarb\u012bbu hronisku balsta un kust\u012bbu apar\u0101ta slim\u012bbu \u0101rst\u0113\u0161an\u0101 jauniem un pieaugu\u0161iem su\u0146iem.<\/li>\n<li>Tas ir neaizst\u0101jams \u0101tri augo\u0161u (lielu un milzu) \u0161\u0137ir\u0146u dz\u012bvnieku, k\u0101 ar\u012b g\u016b\u017eas un elko\u0146a loc\u012btavu osteoartr\u012bta, osteohondrozes (OCD) un hondr\u0101l\u0101s displ\u0101zijas profilaksei. Papildviel\u0101 eso\u0161\u0101s akt\u012bv\u0101s vielas atbalsta jaunu su\u0146u loc\u012btavu re\u0123ener\u0101ciju un aizsardz\u012bbu, k\u0101 ar\u012b pareizu loc\u012btavu skrim\u0161\u013ca att\u012bst\u012bbu.<\/li>\n<li>Bag\u0101tin\u0101ts ar hidroliz\u0113tu kolag\u0113nu (kolag\u0113na pept\u012bdiem), tas ir \u017eelat\u012bns, ko ieg\u016bst no dz\u012bvnieku kauliem, \u0101das un saistaudiem. Pier\u0101d\u012bts, ka tas nodro\u0161ina c\u012bpslu elast\u012bbu, stimul\u0113 skrim\u0161\u013cu sint\u0113zi un re\u0123ener\u0101ciju un veicina sinovi\u0101l\u0101 \u0161\u0137idruma sekr\u0113ciju.<\/li>\n<li>Fitmin Purity Joints &amp; Prevention sast\u0101v\u0101 eso\u0161ais hondroit\u012bna sulf\u0101ts uzlabo loc\u012btavu efektivit\u0101ti un iztur\u012bbu, k\u0101 ar\u012b palielina kaulu un loc\u012btavu iztur\u012bbu pret mikro boj\u0101jumiem.<\/li>\n<li>Glikozam\u012bns samazina skrim\u0161\u013ca struktur\u0101los boj\u0101jumus un pozit\u012bvi ietekm\u0113 osteoartr\u012bta simptomus, tos atvieglojot.<\/li>\n<li><a href=\"https:\/\/www.fitmin.cz\/doplnky-stravy\" target=\"_blank\" rel=\"noopener\">Fitmin Purity loc\u012btavas un profilakse<\/a> Haluronsk\u0101be ir viena no galvenaj\u0101m loc\u012btavu \u0161\u0137idruma molekul\u0101raj\u0101m sast\u0101vda\u013c\u0101m, ko dabiski izdala skrim\u0161\u013ca \u0161\u016bnas. Hialuronsk\u0101be pal\u012bdz atjaunot loc\u012btavu \u0161\u0137idruma viskozit\u0101ti, e\u013c\u013co\u0161anas sp\u0113ju un elast\u012bbu, k\u0101 ar\u012b mazina s\u0101pes, uzlabo kust\u012bgumu un atjauno hialuronsk\u0101bes dabisk\u0101s aizsargfunkcijas loc\u012btav\u0101s.<\/li>\n<\/ul>","protected":false},"excerpt":{"rendered":"<p>Fitmin Purity Joints &amp; Prevention pa\u0161aro papildas \u0161unims sudarytas i\u0161 nat\u016brali\u0173 med\u017eiag\u0173, kurios yra b\u016btinos augintinio jud\u0117jimo sistemos veiksmingumui ir efektyvumui u\u017etikrinti. Kasdieniniai pasivaik\u0161\u010diojimai, greitas augimas ir did\u0117jantis fizinis kr\u016bvis turi \u012ftakos \u0161uns s\u0105nari\u0173, rai\u0161\u010di\u0173 bei sausgysli\u0173 kokybei. Laiku nepasir\u016bpinus augintinio s\u0105nari\u0173 sveikata\u00a0gali pasireik\u0161ti suma\u017e\u0117jas \u0161uns mobilumas, \u012fvair\u016bs u\u017edegimai, skausmai bei ligos. Pastebima, jog s\u0105nari\u0173&#8230;<\/p>","protected":false},"featured_media":18746,"comment_status":"closed","ping_status":"closed","template":"","meta":{"_acf_changed":false,"slim_seo":{"title":"Fitmin Purity Joints & Prevention maisto papildas \u0161unims 200 g - Zooprekes24","description":"Fitmin Purity Joints &amp; Prevention su\u0146u bar\u012bbas piedeva sast\u0101v no dab\u012bg\u0101m viel\u0101m, kas ir b\u016btiskas m\u0101jdz\u012bvnieka kust\u012bbu sist\u0113mas efektivit\u0101tei un vesel\u012bbai."},"iawp_total_views":165},"product_brand":[],"product_cat":[9051,32,8999,31,9022],"product_tag":[1319,1507,1322,1519,1331],"class_list":{"0":"post-22034","1":"product","2":"type-product","3":"status-publish","4":"has-post-thumbnail","6":"product_cat-fitmin-purity","7":"product_cat-kitos-sunu-prekes","8":"product_cat-sunims","9":"product_cat-sunu-prekiu-gamintojai","10":"product_cat-vitaminai-ir-papildai-sunims","11":"product_tag-fitmin-purity-papildai","12":"product_tag-fitmin-purity-papildas-suns-sanariams","13":"product_tag-fitmin-vitaminai-suniui","14":"product_tag-papildai-suns-sanariams","15":"product_tag-vitaminai-senam-suniui","16":"pa_prekiu-zenklai-fitmin-purity","17":"pa_suns-amzius-jauniems","18":"pa_suns-amzius-senjorams","19":"pa_suns-amzius-suaugusiems","20":"pa_suns-amzius-visiems-amziams","21":"pa_veisles-dydis-didelems-veislems","22":"pa_veisles-dydis-mazoms-veislems","23":"pa_veisles-dydis-vidutinems-veislems","24":"pa_veisles-dydis-visu-dydziu-veislems","26":"first","27":"outofstock","28":"featured","29":"taxable","30":"shipping-taxable","31":"purchasable","32":"product-type-simple"},"acf":[],"_links":{"self":[{"href":"https:\/\/zooprekes24.lt\/lv\/wp-json\/wp\/v2\/product\/22034","targetHints":{"allow":["GET"]}}],"collection":[{"href":"https:\/\/zooprekes24.lt\/lv\/wp-json\/wp\/v2\/product"}],"about":[{"href":"https:\/\/zooprekes24.lt\/lv\/wp-json\/wp\/v2\/types\/product"}],"replies":[{"embeddable":true,"href":"https:\/\/zooprekes24.lt\/lv\/wp-json\/wp\/v2\/comments?post=22034"}],"wp:featuredmedia":[{"embeddable":true,"href":"https:\/\/zooprekes24.lt\/lv\/wp-json\/wp\/v2\/media\/18746"}],"wp:attachment":[{"href":"https:\/\/zooprekes24.lt\/lv\/wp-json\/wp\/v2\/media?parent=22034"}],"wp:term":[{"taxonomy":"product_brand","embeddable":true,"href":"https:\/\/zooprekes24.lt\/lv\/wp-json\/wp\/v2\/product_brand?post=22034"},{"taxonomy":"product_cat","embeddable":true,"href":"https:\/\/zooprekes24.lt\/lv\/wp-json\/wp\/v2\/product_cat?post=22034"},{"taxonomy":"product_tag","embeddable":true,"href":"https:\/\/zooprekes24.lt\/lv\/wp-json\/wp\/v2\/product_tag?post=22034"}],"curies":[{"name":"wp","href":"https:\/\/api.w.org\/{rel}","templated":true}]}}