{"id":22032,"date":"2024-04-18T21:19:06","date_gmt":"2024-04-18T18:19:06","guid":{"rendered":"https:\/\/zooprekes24.lt\/produktas\/orijen-kitten-sausas-maistas\/"},"modified":"2026-03-31T16:00:48","modified_gmt":"2026-03-31T14:00:48","slug":"orijen-kakenu-sausa-bariba","status":"publish","type":"product","link":"https:\/\/zooprekes24.lt\/lv\/produktas\/orijen-kitten-sausas-maistas\/","title":{"rendered":"Orijen Kitten sausas maistas ka\u010diukams"},"content":{"rendered":"<h3>Orijen Kitten - \u012bpa\u0161a saus\u0101 bar\u012bba pilnv\u0113rt\u012bgai baro\u0161anai <a href=\"https:\/\/zooprekes24.lt\/lv\/?s=kitten&amp;post_type=product&amp;product_cat=0\" target=\"_blank\" rel=\"noopener noreferrer\">ka\u0137\u0113ns<\/a> lai s\u0101ktu dz\u012bvi. T\u0101 ir pild\u012bta ar sprostos nebr\u012bv\u0113t\u0101m vist\u0101m un t\u012btariem, savva\u013c\u0101 nozvejotiem la\u0161iem, skumbrij\u0101m, si\u013c\u0137\u0113m un pr\u0113riju fermu ol\u0101m no Klus\u0101 oke\u0101na pie Vank\u016bveras salas zieme\u013ciem. Viss tiek pieg\u0101d\u0101ts svaigs, lai saglab\u0101tu <a href=\"https:\/\/orijen.ca\/en-CA\/orijen-about-fresh_regional_ingredients.html\" target=\"_blank\" rel=\"noopener\">WholePrey\u2122<\/a> j\u0113dziens (kop\u0113j\u0101 laup\u012bjuma).<\/h3>\n<p>Katrs kumosi\u0146\u0161 ir bag\u0101ts ar Omega 3 (DHA, EPA), kas ieg\u016bti no savva\u013cas Brunsvikas si\u013c\u0137\u0113m, kas labv\u0113l\u012bgi ietekm\u0113 ka\u0137\u0113na imunit\u0101ti un uzlabo \u0101das un ka\u017eoka st\u0101vokli. Biolo\u0123iski audz\u0113ti j\u016bras d\u0101rze\u0146i un ogas, tostarp \u017e\u0101v\u0113tas j\u016bras a\u013c\u0123es, svaigas dz\u0113rvenes un mellenes, uzlabo J\u016bsu ka\u0137\u0113na vielmai\u0146u un toniz\u0113 gremo\u0161anas traktu. Orijen Kitten bar\u012bba ir bag\u0101ta ar vistas un zivju org\u0101niem un skrim\u0161\u013ciem, nodro\u0161inot J\u016bsu ka\u0137\u0113nu ar visu nepiecie\u0161amo izcilai un pilnv\u0113rt\u012bgai aug\u0161anai. Izgatavots godalgot\u0101s virtuv\u0113s no lab\u0101kaj\u0101m un svaig\u0101kaj\u0101m sast\u0101vda\u013c\u0101m, <a href=\"https:\/\/orijen.ca\/en-CA\/orijen-about-biologically_appropriate.html\" target=\"_blank\" rel=\"noopener\">Biolo\u0123iski piem\u0113rots\u2122<\/a> (Biolo\u0123iski atbilsto\u0161a) formula garant\u0113, ka j\u016bsu ka\u0137\u0113ns augs vesels un laim\u012bgs.<\/p>","protected":false},"excerpt":{"rendered":"<p>Orijen Kitten &#8211; ypatingas sausas maistas, pilnavertei ka\u010diuko gyvenimo prad\u017eiai. Sud\u0117tyje gausu ne narvuose u\u017eaugintos vi\u0161tienos ir kalakutienos, \u0160iaur\u0117s Vankuverio saloje i\u0161 Ramiojo vandenyno su\u017evejotos laukin\u0117s la\u0161i\u0161os, skumbr\u0117s, silk\u0117s bei prerijos \u016bki\u0173 lizduose pad\u0117t\u0173 kiau\u0161ini\u0173. Viskas pristatoma \u0161vie\u017eia laikantis WholePrey\u2122 (viso grobio) koncepcijos. Kiekviename pa\u0161aro k\u0105snelyje gausu\u00a0Omega 3 (DHA, EPA) i\u0161gaunamo i\u0161 laukini\u0173 Brunswick silki\u0173,&#8230;<\/p>","protected":false},"featured_media":18742,"comment_status":"closed","ping_status":"closed","template":"","meta":{"_acf_changed":false,"slim_seo":{"title":"Orijen Kitten sausas maistas ka\u010diukams - Zooprekes24","description":"Orijen Kitten ir \u012bpa\u0161a saus\u0101 bar\u012bba pilnv\u0113rt\u012bgam j\u016bsu ka\u0137\u0113na dz\u012bves s\u0101kumam. Satur daudz sprostos neiekl\u0101tas vistas un t\u012btara ga\u013cas, Zieme\u013cvank\u016bveras un Zieme\u013cvank\u016bveras."},"iawp_total_views":275},"product_brand":[],"product_cat":[9027,72,83,25,9028,9016],"product_tag":[1671,1817,1675,1682,1696],"class_list":{"0":"post-22032","1":"product","2":"type-product","3":"status-publish","4":"has-post-thumbnail","6":"product_cat-begrudis-maistas-kaciu-maistas","7":"product_cat-kaciu-maistas","8":"product_cat-kaciu-prekiu-gamintojai","9":"product_cat-katems","10":"product_cat-orijen-kaciu-prekiu-gamintojai","11":"product_cat-sausas-maistas-kaciu-maistas","12":"product_tag-begrudis-kaciu-maistas","13":"product_tag-edalas-katems","14":"product_tag-kaciu-edalas","15":"product_tag-kaciu-maistas-super-premium-klases","16":"product_tag-super-premium-maistas-katems","17":"pa_pasaro-sudetis-darzoves","18":"pa_pasaro-sudetis-kalakutiena","19":"pa_pasaro-sudetis-kiausiniai","20":"pa_pasaro-sudetis-uogos","21":"pa_pasaro-sudetis-vaisiai","22":"pa_pasaro-sudetis-vistiena","23":"pa_pasaro-sudetis-zuvis","24":"pa_prekiu-zenklai-orijen","26":"first","27":"instock","28":"featured","29":"taxable","30":"shipping-taxable","31":"purchasable","32":"product-type-variable"},"acf":[],"_links":{"self":[{"href":"https:\/\/zooprekes24.lt\/lv\/wp-json\/wp\/v2\/product\/22032","targetHints":{"allow":["GET"]}}],"collection":[{"href":"https:\/\/zooprekes24.lt\/lv\/wp-json\/wp\/v2\/product"}],"about":[{"href":"https:\/\/zooprekes24.lt\/lv\/wp-json\/wp\/v2\/types\/product"}],"replies":[{"embeddable":true,"href":"https:\/\/zooprekes24.lt\/lv\/wp-json\/wp\/v2\/comments?post=22032"}],"wp:featuredmedia":[{"embeddable":true,"href":"https:\/\/zooprekes24.lt\/lv\/wp-json\/wp\/v2\/media\/18742"}],"wp:attachment":[{"href":"https:\/\/zooprekes24.lt\/lv\/wp-json\/wp\/v2\/media?parent=22032"}],"wp:term":[{"taxonomy":"product_brand","embeddable":true,"href":"https:\/\/zooprekes24.lt\/lv\/wp-json\/wp\/v2\/product_brand?post=22032"},{"taxonomy":"product_cat","embeddable":true,"href":"https:\/\/zooprekes24.lt\/lv\/wp-json\/wp\/v2\/product_cat?post=22032"},{"taxonomy":"product_tag","embeddable":true,"href":"https:\/\/zooprekes24.lt\/lv\/wp-json\/wp\/v2\/product_tag?post=22032"}],"curies":[{"name":"wp","href":"https:\/\/api.w.org\/{rel}","templated":true}]}}