{"id":21960,"date":"2024-04-18T21:18:28","date_gmt":"2024-04-18T18:18:28","guid":{"rendered":"https:\/\/zooprekes24.lt\/produktas\/churu-rolls-chicken-tuna-skanestai-katems\/"},"modified":"2026-03-02T14:26:08","modified_gmt":"2026-03-02T12:26:08","slug":"churu-rolls-chicken-tuna-skanestai-katems","status":"publish","type":"product","link":"https:\/\/zooprekes24.lt\/lv\/produktas\/churu-rolls-chicken-tuna-skanestai-katems\/","title":{"rendered":"Churu Rolls Chicken Tuna gardumi ka\u0137iem 40 g"},"content":{"rendered":"<h3>Churu Rolls Chicken Tuna ir m\u012bksti, stien\u012b\u0161u form\u0101 veidoti vistas un tun\u010da na\u0161\u0137i ar za\u013c\u0101s t\u0113jas ekstraktu un E vitam\u012bnu. Nav graudu, konservantu un m\u0101ksl\u012bgo kr\u0101svielu. Katr\u0101 iepakojum\u0101 ir \u010detras atsevi\u0161\u0137as k\u0101rumu paci\u0146as, lai saglab\u0101tu maksim\u0101lu svaigumu.<\/h3>\n<ul>\n<li>Maz kaloriju.<\/li>\n<li>Gar\u0161\u012bgs kr\u0113mveida pild\u012bjums iek\u0161pus\u0113.<\/li>\n<li><a href=\"https:\/\/zooprekes24.lt\/lv\/kategorija\/prekes-katems\/ciema-partika\/bezbruna-partika\/\" target=\"_blank\" rel=\"noopener\">Bez graudaugiem<\/a>, konservantiem un m\u0101ksl\u012bg\u0101m kr\u0101sviel\u0101m.<\/li>\n<li><a href=\"https:\/\/www.inabafoods.com\/\" target=\"_blank\" rel=\"noopener\">Interakt\u012bvs veids, k\u0101 pavad\u012bt laiku kop\u0101 ar m\u0101jdz\u012bvnieku.<\/a><\/li>\n<li>Izgatavots no vistas ga\u013cas un savva\u013cas tunziv\u012bm no saimniec\u012bbas 100%.<\/li>\n<\/ul>","protected":false},"excerpt":{"rendered":"<p>Churu Rolls Chicken Tuna yra mink\u0161ti lazdel\u0117s formos vi\u0161tienos ir tuno skan\u0117stai su \u017ealiosios arbatos ekstraktu ir vitaminu E. Be gr\u016bd\u0173, konservant\u0173 ar dirbtini\u0173 da\u017eikli\u0173. Kiekvienoje pakuot\u0117je yra keturios atskiros skan\u0117st\u0173 pakuot\u0117s, kad i\u0161laikytum\u0117te maksimal\u0173 \u0161vie\u017eum\u0105. Ma\u017eai kalorij\u0173. Gardus kreminis \u012fdaras viduje. Be gr\u016bd\u0173, konservant\u0173 ir dirbtini\u0173 da\u017eikli\u0173. Interaktyvus b\u016bdas praleisti laik\u0105 kartu su augintiniu&#8230;.<\/p>","protected":false},"featured_media":18569,"comment_status":"closed","ping_status":"closed","template":"","meta":{"_acf_changed":false,"slim_seo":{"title":"Churu Rolls Chicken Tuna skan\u0117stai kat\u0117ms 40 g - Zooprekes24","description":"Churu Rolls Chicken Tuna yra mink\u0161ti lazdel\u0117s formos vi\u0161tienos ir tuno skan\u0117stai su \u017ealiosios arbatos ekstraktu ir vitaminu E. Be gr\u016bd\u0173, konservant\u0173 ar dirbtini"},"iawp_total_views":73},"product_brand":[],"product_cat":[9027,9239,72,83,25,9018],"product_tag":[2008,2032],"class_list":{"0":"post-21960","1":"product","2":"type-product","3":"status-publish","4":"has-post-thumbnail","6":"product_cat-begrudis-maistas-kaciu-maistas","7":"product_cat-churu-katems","8":"product_cat-kaciu-maistas","9":"product_cat-kaciu-prekiu-gamintojai","10":"product_cat-katems","11":"product_cat-skanestai","12":"product_tag-kaciu-skanestai","13":"product_tag-skystas-kaciu-skanestas","14":"pa_pasaro-sudetis-tunas","15":"pa_pasaro-sudetis-vistiena","16":"pa_pasaro-sudetis-zuvis","17":"pa_prekiu-zenklai-churu","19":"first","20":"instock","21":"taxable","22":"shipping-taxable","23":"purchasable","24":"product-type-simple"},"acf":[],"_links":{"self":[{"href":"https:\/\/zooprekes24.lt\/lv\/wp-json\/wp\/v2\/product\/21960","targetHints":{"allow":["GET"]}}],"collection":[{"href":"https:\/\/zooprekes24.lt\/lv\/wp-json\/wp\/v2\/product"}],"about":[{"href":"https:\/\/zooprekes24.lt\/lv\/wp-json\/wp\/v2\/types\/product"}],"replies":[{"embeddable":true,"href":"https:\/\/zooprekes24.lt\/lv\/wp-json\/wp\/v2\/comments?post=21960"}],"wp:featuredmedia":[{"embeddable":true,"href":"https:\/\/zooprekes24.lt\/lv\/wp-json\/wp\/v2\/media\/18569"}],"wp:attachment":[{"href":"https:\/\/zooprekes24.lt\/lv\/wp-json\/wp\/v2\/media?parent=21960"}],"wp:term":[{"taxonomy":"product_brand","embeddable":true,"href":"https:\/\/zooprekes24.lt\/lv\/wp-json\/wp\/v2\/product_brand?post=21960"},{"taxonomy":"product_cat","embeddable":true,"href":"https:\/\/zooprekes24.lt\/lv\/wp-json\/wp\/v2\/product_cat?post=21960"},{"taxonomy":"product_tag","embeddable":true,"href":"https:\/\/zooprekes24.lt\/lv\/wp-json\/wp\/v2\/product_tag?post=21960"}],"curies":[{"name":"wp","href":"https:\/\/api.w.org\/{rel}","templated":true}]}}