{"id":21958,"date":"2024-04-18T21:18:28","date_gmt":"2024-04-18T18:18:28","guid":{"rendered":"https:\/\/zooprekes24.lt\/produktas\/churu-bites-chicken-tuna-scallop\/"},"modified":"2026-03-02T14:19:27","modified_gmt":"2026-03-02T12:19:27","slug":"churu-bites-chicken-tuna-scallop","status":"publish","type":"product","link":"https:\/\/zooprekes24.lt\/lv\/produktas\/churu-bites-chicken-tuna-scallop\/","title":{"rendered":"Churu Bites Vistas tun\u010da \u0137emm\u012b\u0161gliemenes na\u0161\u0137i ka\u0137iem 30 g"},"content":{"rendered":"<h3>Churu Bites Chicken Tuna Scallop Churu Bites Chicken Tuna Scallop ir m\u012bksts, spilvena formas, dabisks vistas, tun\u010da un \u0137emm\u012b\u0161glieme\u017eu k\u0101rums ar za\u013c\u0101s t\u0113jas ekstraktu un E vitam\u012bnu. Nesatur graudus, konservantus un m\u0101ksl\u012bgos kr\u0101svielas. Katr\u0101 iepakojum\u0101 ir tr\u012bs atsevi\u0161\u0137as paci\u0146as, lai saglab\u0101tu maksim\u0101lu svaigumu.<\/h3>\n<ul>\n<li>Maz kaloriju.<\/li>\n<li>Gar\u0161\u012bgs kr\u0113mveida pild\u012bjums iek\u0161pus\u0113.<\/li>\n<li><a href=\"https:\/\/zooprekes24.lt\/lv\/kategorija\/prekes-katems\/ciema-partika\/bezbruna-partika\/\" target=\"_blank\" rel=\"noopener\">Bez graudaugiem<\/a>, konservantiem un m\u0101ksl\u012bg\u0101m kr\u0101sviel\u0101m.<\/li>\n<li><a href=\"https:\/\/www.inabafoods.com\/\" target=\"_blank\" rel=\"noopener\">Interakt\u012bvs veids, k\u0101 pavad\u012bt laiku kop\u0101 ar m\u0101jdz\u012bvnieku.<\/a><\/li>\n<li>Izgatavots no vistas ga\u013cas un savva\u013cas tunziv\u012bm no saimniec\u012bbas 100%.<\/li>\n<\/ul>","protected":false},"excerpt":{"rendered":"<p>Churu Bites Chicken Tuna Scallop yra mink\u0161ti pagalv\u0117s formos nat\u016bral\u016bs vi\u0161tienos, tuno ir \u0161uku\u010di\u0173 skan\u0117stai su \u017ealiosios arbatos ekstraktu ir vitaminu E. Be gr\u016bd\u0173, konservant\u0173 ir dirbtini\u0173 da\u017eikli\u0173. Kiekvienoje pakuot\u0117je yra trys atskiros pakuot\u0117s, kad b\u016bt\u0173 i\u0161laikytas maksimalus \u0161vie\u017eumas. Ma\u017eai kalorij\u0173. Gardus kreminis \u012fdaras viduje. Be gr\u016bd\u0173, konservant\u0173 ir dirbtini\u0173 da\u017eikli\u0173. Interaktyvus b\u016bdas praleisti laik\u0105&#8230;<\/p>","protected":false},"featured_media":29301,"comment_status":"closed","ping_status":"closed","template":"","meta":{"_acf_changed":false,"slim_seo":{"title":"Churu Bites Chicken Tuna Scallop skan\u0117stai kat\u0117ms 30 g - Zooprekes24","description":"Churu Bites Chicken Tuna Scallop yra mink\u0161ti pagalv\u0117s formos nat\u016bral\u016bs vi\u0161tienos, tuno ir \u0161uku\u010di\u0173 skan\u0117stai su \u017ealiosios arbatos ekstraktu ir vitaminu E. Be gr\u016b"},"iawp_total_views":91},"product_brand":[],"product_cat":[9027,9239,72,83,25,9018],"product_tag":[2008,2032],"class_list":{"0":"post-21958","1":"product","2":"type-product","3":"status-publish","4":"has-post-thumbnail","6":"product_cat-begrudis-maistas-kaciu-maistas","7":"product_cat-churu-katems","8":"product_cat-kaciu-maistas","9":"product_cat-kaciu-prekiu-gamintojai","10":"product_cat-katems","11":"product_cat-skanestai","12":"product_tag-kaciu-skanestai","13":"product_tag-skystas-kaciu-skanestas","14":"pa_pasaro-sudetis-juros-gerybes","15":"pa_pasaro-sudetis-tunas","16":"pa_pasaro-sudetis-vistiena","17":"pa_pasaro-sudetis-zuvis","18":"pa_prekiu-zenklai-churu","20":"first","21":"instock","22":"taxable","23":"shipping-taxable","24":"purchasable","25":"product-type-simple"},"acf":[],"_links":{"self":[{"href":"https:\/\/zooprekes24.lt\/lv\/wp-json\/wp\/v2\/product\/21958","targetHints":{"allow":["GET"]}}],"collection":[{"href":"https:\/\/zooprekes24.lt\/lv\/wp-json\/wp\/v2\/product"}],"about":[{"href":"https:\/\/zooprekes24.lt\/lv\/wp-json\/wp\/v2\/types\/product"}],"replies":[{"embeddable":true,"href":"https:\/\/zooprekes24.lt\/lv\/wp-json\/wp\/v2\/comments?post=21958"}],"wp:featuredmedia":[{"embeddable":true,"href":"https:\/\/zooprekes24.lt\/lv\/wp-json\/wp\/v2\/media\/29301"}],"wp:attachment":[{"href":"https:\/\/zooprekes24.lt\/lv\/wp-json\/wp\/v2\/media?parent=21958"}],"wp:term":[{"taxonomy":"product_brand","embeddable":true,"href":"https:\/\/zooprekes24.lt\/lv\/wp-json\/wp\/v2\/product_brand?post=21958"},{"taxonomy":"product_cat","embeddable":true,"href":"https:\/\/zooprekes24.lt\/lv\/wp-json\/wp\/v2\/product_cat?post=21958"},{"taxonomy":"product_tag","embeddable":true,"href":"https:\/\/zooprekes24.lt\/lv\/wp-json\/wp\/v2\/product_tag?post=21958"}],"curies":[{"name":"wp","href":"https:\/\/api.w.org\/{rel}","templated":true}]}}